{"id":135,"date":"2016-05-21T10:37:36","date_gmt":"2016-05-21T07:37:36","guid":{"rendered":"http:\/\/uus.tkd.ee\/?page_id=135"},"modified":"2016-08-22T17:48:52","modified_gmt":"2016-08-22T14:48:52","slug":"taekwondo","status":"publish","type":"page","link":"https:\/\/tkd.ee\/itf\/et\/taekwondo\/","title":{"rendered":"Taekwondo"},"content":{"rendered":"<!--themify_builder_content-->\n<div id=\"themify_builder_content-135\" data-postid=\"135\" class=\"themify_builder_content themify_builder_content-135 themify_builder tf_clear\">\n                    <div  data-lazy=\"1\" class=\"module_row themify_builder_row tb_3lb7530 tb_first tf_w\">\n                        <div class=\"row_inner col_align_top tb_col_count_2 tf_box tf_rel\">\n                        <div  data-lazy=\"1\" class=\"module_column tb-column col3-2  tb_sp9e288 first\">\n                    <!-- module text -->\n<div  class=\"module module-text tb_m7zy055   \" data-lazy=\"1\">\n        <div  class=\"tb_text_wrap\">\n        <ul><li><a href=\\\"#history\\\">Ajalugu<\/a><\/li><li><a href=\\\"#philo\\\">Taekwondo filosoofia<\/a><\/li><\/ul>    <\/div>\n<\/div>\n<!-- \/module text -->        <\/div>\n                    <div  data-lazy=\"1\" class=\"module_column tb-column col3-1  tb_e1o6999 last\">\n                            <\/div>\n                        <\/div>\n        <\/div>\n                        <div  data-lazy=\"1\" class=\"module_row themify_builder_row tb_fhr6058 tf_w\">\n                        <div class=\"row_inner col_align_top tb_col_count_1 tf_box tf_rel\">\n                        <div  data-lazy=\"1\" class=\"module_column tb-column col-full  tb_kzay468 first\">\n                    <!-- module text -->\n<div  class=\"module module-text tb_9y5a606   \" data-lazy=\"1\">\n        <div  class=\"tb_text_wrap\">\n        <h4 id=\\\"history\\\" style=\\\"text-align: justify;\\\">Ajalugu<\/h4><p style=\\\"text-align: justify;\\\">Taekwondo on Korea v\u00f5itluskunst, mille l\u00f5i 11. aprillil 1955. aastal L\u00f5una-Korea armee kindral Choi Hong Hi. Oma eksisteerimisaja jooksul on Taekwondo saavutanud suure populaarsuse ja t\u00e4nase seisuga ulatub selle v\u00f5itluskunstiga tegelevate inimeste arv miljonitesse.\u00a0\u00a0\u00a0\u00a0\u00a0<img class=\\\"alignright wp-image-1424\\\" src=\\\"https:\/\/tkd.ee\/itf\/wp-content\/uploads\/2016\/08\/flat1000x1000075f.jpg\\\" alt=\\\"flat1000x1000075f\\\" width=\\\"543\\\" height=\\\"764\\\" \/><\/p><p style=\\\"text-align: justify;\\\">Korea keeles t\u00e4hendab:<\/p><p style=\\\"text-align: justify;\\\">Tae \u2013 l\u00f6\u00f6k jalaga<br \/> Kwon \u2013 rusikas v\u00f5i l\u00f6\u00f6k k\u00e4ega<br \/> Do \u2013 teekond<\/p><p style=\\\"text-align: justify;\\\">Seega on Taekwondos kaks koostisosa: Taekwon &#8211; on jalgade ja k\u00e4te kasutamine enesekaitse eesm\u00e4rgil. Do &#8211; on eluteekond, mis sisaldab intensiivset vaimset treeningut k\u00f5rgeima teadvuse arendamiseks. Taekwondo kultuuri ja filosoofia m\u00f5istmine on Idamaade filosoofiatarkuse quinta essentia.<\/p><p style=\\\"text-align: justify;\\\">Taekwondo loodi s\u00f5duritele ning see asjaolu m\u00f5jutas suurel m\u00e4\u00e4ral seda v\u00f5itluskunsti. Treeningprotsessi iseloomustab range distsipliin, k\u00e4itumisreeglid saalis on rangelt reglementeeritud. Erilist t\u00e4helepanu p\u00f6\u00f6ratakse riietusele, rituaalidele, suhtumisele \u00f5petajasse ja kaasv\u00f5itlejatesse.<\/p><p style=\\\"text-align: justify;\\\">Kuna esimesed Taekwondo \u00f5pilased olid s\u00f5jav\u00e4elased, siis pidi Taekwondo vastama j\u00e4rgmistele n\u00f5udmistele:<\/p><p style=\\\"text-align: justify;\\\">* Treeningute protsess pidi olema maksimaalselt ratsionaalne, et l\u00fchikese aja jooksulkasvatada maksimaalset hulka \u00f5pilasi (ajateenijatel ei ole aega pikkadeks treeningaastateks);<\/p><p style=\\\"text-align: justify;\\\">* \u00d5ige metoodika pidi muutma Taekwondo kergesti \u00f5pitavaks iga s\u00f5duri jaoks, seda isegi sobivate eeldustel puudumisel;<\/p><p style=\\\"text-align: justify;\\\">* \u00d5petus pidi sobima nii s\u00f5duritele, kellel puuduvad v\u00f5itluskunstialased teadmised, kui ka kogenud meistritele, kellel on teistes v\u00f5itlustes k\u00f5rged teadmised ja oskused;<\/p><p style=\\\"text-align: justify;\\\">* \u00d5petusel pidid olema minimaalsed n\u00f5uded treeninguruumile ja \u2013 inventarile;<\/p><p style=\\\"text-align: justify;\\\">* \u00d5petus pidi olema efektiivne lahinguv\u00e4ljal toimuvas k\u00e4siv\u00f5itluses.<\/p>    <\/div>\n<\/div>\n<!-- \/module text -->        <\/div>\n                        <\/div>\n        <\/div>\n                        <div  data-lazy=\"1\" class=\"module_row themify_builder_row tb_2ic8800 tf_w\">\n                        <div class=\"row_inner col_align_top tb_col_count_1 tf_box tf_rel\">\n                        <div  data-lazy=\"1\" class=\"module_column tb-column col-full  tb_2kbu050 first\">\n                    <!-- module text -->\n<div  class=\"module module-text tb_97ac450   \" data-lazy=\"1\">\n        <div  class=\"tb_text_wrap\">\n        <p style=\\\"text-align: justify;\\\">Taekwondo on ainuke v\u00f5itluskunst, mille \u00f5petamise metoodikat kirjeldab selle asutaja. Taekwondo ents\u00fcklopeedia, mis koosneb 15-st k\u00f6itest, sisaldab k\u00f5iki \u0422aekwondo koostisosi: filosoofia, v\u00f6\u00f6de omandamise kord, tehnika, terminoloogia jne. Loomulikult ei suuda ents\u00fcklopeedia olemasolu asendada instruktorit, kuid see v\u00f5imaldab v\u00e4ltida klassikalise tehnika moonutamist, annab iga\u00fchele v\u00f5imaluse korrigeerida ja t\u00e4iustada oma oskuseid, v\u00e4ltides vigu ja lihtsustusi. Ents\u00fcklopeedia abil muutub Taekwondo kunst k\u00e4ttesaadavaks iga\u00fchele, kaob v\u00f5imalus spekuleerida s\u00fcsteemi kinnisusega, peita oma teadmatust salastatuse ettek\u00e4\u00e4nde varju.<img class=\\\"size-medium wp-image-1797 alignright\\\" src=\\\"https:\/\/tkd.ee\/itf\/wp-content\/uploads\/2016\/05\/tkd-encyclopedia-310x204-1-300x197-300x197.png\\\" alt=\\\"tkd-encyclopedia-310x204-1-300x197\\\" width=\\\"300\\\" height=\\\"197\\\" \/><\/p>\n<p style=\\\"text-align: justify;\\\">Taekwondo h\u00e4sti v\u00e4ljat\u00f6\u00f6tatud \u00f5petamise metoodikat v\u00f5ib t\u00e4nap\u00e4eval sobitada erinevatele vanustele, nii meestele kui ka naistele. Biomehaanika seisukohalt on see tehnika v\u00e4ga ratsionaalne, v\u00f5imaldades genereerida maksimaalset j\u00f5udu.<\/p>\n<p style=\\\"text-align: justify;\\\">Taekwondos v\u00f5ib iga\u00fcks saada seda, mis tal vaja on: parandada tervist, \u00f5ppida enesekaitset, tutvuda \u0422aekwondo filosoofiaga, kasvatada tugevat keha ja vaimu. Kuid selleks, et saada Meistriks, on vaja suurt p\u00fchendumist, kurnavaid treeninguid ja paindumatut eesm\u00e4rgikindlust.<\/p>\n    <\/div>\n<\/div>\n<!-- \/module text -->        <\/div>\n                        <\/div>\n        <\/div>\n                        <div  data-lazy=\"1\" class=\"module_row themify_builder_row tb_ffz1657 tf_w\">\n                        <div class=\"row_inner col_align_top tb_col_count_1 tf_box tf_rel\">\n                        <div  data-lazy=\"1\" class=\"module_column tb-column col-full  tb_hlo8889 first\">\n                    <!-- module text -->\n<div  class=\"module module-text tb_52ia108   \" data-lazy=\"1\">\n        <div  class=\"tb_text_wrap\">\n        <h4 id=\\\"philo\\\" style=\\\"text-align: justify;\\\">Taekwondo filosoofia<\/h4><p style=\\\"text-align: justify;\\\">Kuna Taekwondo on Korea v\u00f5itluskunst, siis on selle filosoofia paljuski seotud Korea mentaliteediga. Korea on maa, mis oma ajaloo v\u00e4ltel ei ole kordagi enda naaberalade h\u00f5ivamise eesm\u00e4rgil naabritega s\u00f5dinud. Seega v\u00f5ib ka \u0422aekwondod kasutada \u00fcksnes enesekaitse v\u00f5i oma l\u00e4hedaste inimeste kaitse eesm\u00e4rgil.<\/p><p style=\\\"text-align: justify;\\\">Taekwondo filosoofia on rajatud sellistele eetika- ja vaimuprintsiipidele nagu <img class=\\\"size-medium wp-image-1798 alignright\\\" src=\\\"https:\/\/tkd.ee\/itf\/wp-content\/uploads\/2016\/05\/taekwondo-1-300x162.png\\\" alt=\\\"taekwondo\\\" width=\\\"300\\\" height=\\\"162\\\" \/>aupaklikkus, kannatlikkus, k\u00f5ikumatu vaim, enesekontroll ja ausus.<\/p><p style=\\\"text-align: justify;\\\">Taekwondo peamine eesm\u00e4rk on inimlikkuse, \u00f5igluse, tarkuse, vaimulikkuse ja usalduse j\u00f5uga soodustada parema \u00fchiskonna loomist, kus valitseb rahu ja harmoonia.<\/p><p style=\\\"text-align: justify;\\\">Mitte \u00fckski inimene v\u00f5i inimeste grupp ei tohiks \u0422aekwondod kasutada egoistlike, agressiivsete v\u00f5i julmade eesm\u00e4rkide saavutamiseks. Taekwondod ei tohi kasutada ka kommerts- v\u00f5i poliitilistel eesm\u00e4rkidel.<\/p>    <\/div>\n<\/div>\n<!-- \/module text -->        <\/div>\n                        <\/div>\n        <\/div>\n        <\/div>\n<!--\/themify_builder_content-->","protected":false},"excerpt":{"rendered":"<p>Ajalugu Taekwondo filosoofia Ajalugu Taekwondo on Korea v\u00f5itluskunst, mille l\u00f5i 11. aprillil 1955. aastal L\u00f5una-Korea armee kindral Choi Hong Hi. Oma eksisteerimisaja jooksul on Taekwondo saavutanud suure populaarsuse ja t\u00e4nase seisuga ulatub selle v\u00f5itluskunstiga tegelevate inimeste arv miljonitesse.\u00a0\u00a0\u00a0\u00a0\u00a0 Korea keeles<\/p>\n","protected":false},"author":1,"featured_media":0,"parent":0,"menu_order":0,"comment_status":"closed","ping_status":"closed","template":"","meta":{"footnotes":""},"class_list":["post-135","page","type-page","status-publish","hentry"],"yoast_head":"<!-- This site is optimized with the Yoast SEO plugin v24.1 - https:\/\/yoast.com\/wordpress\/plugins\/seo\/ -->\n<title>Taekwondo - EESTI TAEKWONDO LIIT<\/title>\n<meta name=\"robots\" content=\"index, follow, max-snippet:-1, max-image-preview:large, max-video-preview:-1\" \/>\n<link rel=\"canonical\" href=\"https:\/\/tkd.ee\/itf\/et\/taekwondo\/\" \/>\n<meta property=\"og:locale\" content=\"et_EE\" \/>\n<meta property=\"og:type\" content=\"article\" \/>\n<meta property=\"og:title\" content=\"Taekwondo - EESTI TAEKWONDO LIIT\" \/>\n<meta property=\"og:description\" content=\"Ajalugu Taekwondo filosoofia Ajalugu Taekwondo on Korea v\u00f5itluskunst, mille l\u00f5i 11. aprillil 1955. aastal L\u00f5una-Korea armee kindral Choi Hong Hi. Oma eksisteerimisaja jooksul on Taekwondo saavutanud suure populaarsuse ja t\u00e4nase seisuga ulatub selle v\u00f5itluskunstiga tegelevate inimeste arv miljonitesse.\u00a0\u00a0\u00a0\u00a0\u00a0 Korea keeles\" \/>\n<meta property=\"og:url\" content=\"https:\/\/tkd.ee\/itf\/et\/taekwondo\/\" \/>\n<meta property=\"og:site_name\" content=\"EESTI TAEKWONDO LIIT\" \/>\n<meta property=\"article:modified_time\" content=\"2016-08-22T14:48:52+00:00\" \/>\n<meta name=\"twitter:card\" content=\"summary_large_image\" \/>\n<meta name=\"twitter:label1\" content=\"Est. reading time\" \/>\n\t<meta name=\"twitter:data1\" content=\"3 minutit\" \/>\n<script type=\"application\/ld+json\" class=\"yoast-schema-graph\">{\"@context\":\"https:\/\/schema.org\",\"@graph\":[{\"@type\":\"WebPage\",\"@id\":\"https:\/\/tkd.ee\/itf\/et\/taekwondo\/\",\"url\":\"https:\/\/tkd.ee\/itf\/et\/taekwondo\/\",\"name\":\"Taekwondo - EESTI TAEKWONDO LIIT\",\"isPartOf\":{\"@id\":\"https:\/\/tkd.ee\/itf\/#website\"},\"datePublished\":\"2016-05-21T07:37:36+00:00\",\"dateModified\":\"2016-08-22T14:48:52+00:00\",\"breadcrumb\":{\"@id\":\"https:\/\/tkd.ee\/itf\/et\/taekwondo\/#breadcrumb\"},\"inLanguage\":\"et\",\"potentialAction\":[{\"@type\":\"ReadAction\",\"target\":[\"https:\/\/tkd.ee\/itf\/et\/taekwondo\/\"]}]},{\"@type\":\"BreadcrumbList\",\"@id\":\"https:\/\/tkd.ee\/itf\/et\/taekwondo\/#breadcrumb\",\"itemListElement\":[{\"@type\":\"ListItem\",\"position\":1,\"name\":\"Home\",\"item\":\"https:\/\/tkd.ee\/itf\/et\/\"},{\"@type\":\"ListItem\",\"position\":2,\"name\":\"Taekwondo\"}]},{\"@type\":\"WebSite\",\"@id\":\"https:\/\/tkd.ee\/itf\/#website\",\"url\":\"https:\/\/tkd.ee\/itf\/\",\"name\":\"EESTI TAEKWONDO LIIT\",\"description\":\"Balanced development and fair play\",\"publisher\":{\"@id\":\"https:\/\/tkd.ee\/itf\/#organization\"},\"potentialAction\":[{\"@type\":\"SearchAction\",\"target\":{\"@type\":\"EntryPoint\",\"urlTemplate\":\"https:\/\/tkd.ee\/itf\/?s={search_term_string}\"},\"query-input\":{\"@type\":\"PropertyValueSpecification\",\"valueRequired\":true,\"valueName\":\"search_term_string\"}}],\"inLanguage\":\"et\"},{\"@type\":\"Organization\",\"@id\":\"https:\/\/tkd.ee\/itf\/#organization\",\"name\":\"Eesti Taekwondo Liit\",\"url\":\"https:\/\/tkd.ee\/itf\/\",\"logo\":{\"@type\":\"ImageObject\",\"inLanguage\":\"et\",\"@id\":\"https:\/\/tkd.ee\/itf\/#\/schema\/logo\/image\/\",\"url\":\"https:\/\/tkd.ee\/itf\/wp-content\/uploads\/2020\/11\/itf-logo-1.png\",\"contentUrl\":\"https:\/\/tkd.ee\/itf\/wp-content\/uploads\/2020\/11\/itf-logo-1.png\",\"width\":540,\"height\":540,\"caption\":\"Eesti Taekwondo Liit\"},\"image\":{\"@id\":\"https:\/\/tkd.ee\/itf\/#\/schema\/logo\/image\/\"}}]}<\/script>\n<!-- \/ Yoast SEO plugin. -->","yoast_head_json":{"title":"Taekwondo - EESTI TAEKWONDO LIIT","robots":{"index":"index","follow":"follow","max-snippet":"max-snippet:-1","max-image-preview":"max-image-preview:large","max-video-preview":"max-video-preview:-1"},"canonical":"https:\/\/tkd.ee\/itf\/et\/taekwondo\/","og_locale":"et_EE","og_type":"article","og_title":"Taekwondo - EESTI TAEKWONDO LIIT","og_description":"Ajalugu Taekwondo filosoofia Ajalugu Taekwondo on Korea v\u00f5itluskunst, mille l\u00f5i 11. aprillil 1955. aastal L\u00f5una-Korea armee kindral Choi Hong Hi. Oma eksisteerimisaja jooksul on Taekwondo saavutanud suure populaarsuse ja t\u00e4nase seisuga ulatub selle v\u00f5itluskunstiga tegelevate inimeste arv miljonitesse.\u00a0\u00a0\u00a0\u00a0\u00a0 Korea keeles","og_url":"https:\/\/tkd.ee\/itf\/et\/taekwondo\/","og_site_name":"EESTI TAEKWONDO LIIT","article_modified_time":"2016-08-22T14:48:52+00:00","twitter_card":"summary_large_image","twitter_misc":{"Est. reading time":"3 minutit"},"schema":{"@context":"https:\/\/schema.org","@graph":[{"@type":"WebPage","@id":"https:\/\/tkd.ee\/itf\/et\/taekwondo\/","url":"https:\/\/tkd.ee\/itf\/et\/taekwondo\/","name":"Taekwondo - EESTI TAEKWONDO LIIT","isPartOf":{"@id":"https:\/\/tkd.ee\/itf\/#website"},"datePublished":"2016-05-21T07:37:36+00:00","dateModified":"2016-08-22T14:48:52+00:00","breadcrumb":{"@id":"https:\/\/tkd.ee\/itf\/et\/taekwondo\/#breadcrumb"},"inLanguage":"et","potentialAction":[{"@type":"ReadAction","target":["https:\/\/tkd.ee\/itf\/et\/taekwondo\/"]}]},{"@type":"BreadcrumbList","@id":"https:\/\/tkd.ee\/itf\/et\/taekwondo\/#breadcrumb","itemListElement":[{"@type":"ListItem","position":1,"name":"Home","item":"https:\/\/tkd.ee\/itf\/et\/"},{"@type":"ListItem","position":2,"name":"Taekwondo"}]},{"@type":"WebSite","@id":"https:\/\/tkd.ee\/itf\/#website","url":"https:\/\/tkd.ee\/itf\/","name":"EESTI TAEKWONDO LIIT","description":"Balanced development and fair play","publisher":{"@id":"https:\/\/tkd.ee\/itf\/#organization"},"potentialAction":[{"@type":"SearchAction","target":{"@type":"EntryPoint","urlTemplate":"https:\/\/tkd.ee\/itf\/?s={search_term_string}"},"query-input":{"@type":"PropertyValueSpecification","valueRequired":true,"valueName":"search_term_string"}}],"inLanguage":"et"},{"@type":"Organization","@id":"https:\/\/tkd.ee\/itf\/#organization","name":"Eesti Taekwondo Liit","url":"https:\/\/tkd.ee\/itf\/","logo":{"@type":"ImageObject","inLanguage":"et","@id":"https:\/\/tkd.ee\/itf\/#\/schema\/logo\/image\/","url":"https:\/\/tkd.ee\/itf\/wp-content\/uploads\/2020\/11\/itf-logo-1.png","contentUrl":"https:\/\/tkd.ee\/itf\/wp-content\/uploads\/2020\/11\/itf-logo-1.png","width":540,"height":540,"caption":"Eesti Taekwondo Liit"},"image":{"@id":"https:\/\/tkd.ee\/itf\/#\/schema\/logo\/image\/"}}]}},"builder_content":"<ul><li><a href=\\\"#history\\\">Ajalugu<\/a><\/li><li><a href=\\\"#philo\\\">Taekwondo filosoofia<\/a><\/li><\/ul>\n<h4 id=\\\"history\\\" style=\\\"text-align: justify;\\\">Ajalugu<\/h4><p style=\\\"text-align: justify;\\\">Taekwondo on Korea v\u00f5itluskunst, mille l\u00f5i 11. aprillil 1955. aastal L\u00f5una-Korea armee kindral Choi Hong Hi. Oma eksisteerimisaja jooksul on Taekwondo saavutanud suure populaarsuse ja t\u00e4nase seisuga ulatub selle v\u00f5itluskunstiga tegelevate inimeste arv miljonitesse.\u00a0\u00a0\u00a0\u00a0\u00a0<img class=\\\"alignright wp-image-1424\\\" src=\\\"https:\/\/tkd.ee\/itf\/wp-content\/uploads\/2016\/08\/flat1000x1000075f.jpg\\\" alt=\\\"flat1000x1000075f\\\" width=\\\"543\\\" height=\\\"764\\\" \/><\/p><p style=\\\"text-align: justify;\\\">Korea keeles t\u00e4hendab:<\/p><p style=\\\"text-align: justify;\\\">Tae \u2013 l\u00f6\u00f6k jalaga<br \/> Kwon \u2013 rusikas v\u00f5i l\u00f6\u00f6k k\u00e4ega<br \/> Do \u2013 teekond<\/p><p style=\\\"text-align: justify;\\\">Seega on Taekwondos kaks koostisosa: Taekwon - on jalgade ja k\u00e4te kasutamine enesekaitse eesm\u00e4rgil. Do - on eluteekond, mis sisaldab intensiivset vaimset treeningut k\u00f5rgeima teadvuse arendamiseks. Taekwondo kultuuri ja filosoofia m\u00f5istmine on Idamaade filosoofiatarkuse quinta essentia.<\/p><p style=\\\"text-align: justify;\\\">Taekwondo loodi s\u00f5duritele ning see asjaolu m\u00f5jutas suurel m\u00e4\u00e4ral seda v\u00f5itluskunsti. Treeningprotsessi iseloomustab range distsipliin, k\u00e4itumisreeglid saalis on rangelt reglementeeritud. Erilist t\u00e4helepanu p\u00f6\u00f6ratakse riietusele, rituaalidele, suhtumisele \u00f5petajasse ja kaasv\u00f5itlejatesse.<\/p><p style=\\\"text-align: justify;\\\">Kuna esimesed Taekwondo \u00f5pilased olid s\u00f5jav\u00e4elased, siis pidi Taekwondo vastama j\u00e4rgmistele n\u00f5udmistele:<\/p><p style=\\\"text-align: justify;\\\">* Treeningute protsess pidi olema maksimaalselt ratsionaalne, et l\u00fchikese aja jooksulkasvatada maksimaalset hulka \u00f5pilasi (ajateenijatel ei ole aega pikkadeks treeningaastateks);<\/p><p style=\\\"text-align: justify;\\\">* \u00d5ige metoodika pidi muutma Taekwondo kergesti \u00f5pitavaks iga s\u00f5duri jaoks, seda isegi sobivate eeldustel puudumisel;<\/p><p style=\\\"text-align: justify;\\\">* \u00d5petus pidi sobima nii s\u00f5duritele, kellel puuduvad v\u00f5itluskunstialased teadmised, kui ka kogenud meistritele, kellel on teistes v\u00f5itlustes k\u00f5rged teadmised ja oskused;<\/p><p style=\\\"text-align: justify;\\\">* \u00d5petusel pidid olema minimaalsed n\u00f5uded treeninguruumile ja \u2013 inventarile;<\/p><p style=\\\"text-align: justify;\\\">* \u00d5petus pidi olema efektiivne lahinguv\u00e4ljal toimuvas k\u00e4siv\u00f5itluses.<\/p>\n<p style=\\\"text-align: justify;\\\">Taekwondo on ainuke v\u00f5itluskunst, mille \u00f5petamise metoodikat kirjeldab selle asutaja. Taekwondo ents\u00fcklopeedia, mis koosneb 15-st k\u00f6itest, sisaldab k\u00f5iki \u0422aekwondo koostisosi: filosoofia, v\u00f6\u00f6de omandamise kord, tehnika, terminoloogia jne. Loomulikult ei suuda ents\u00fcklopeedia olemasolu asendada instruktorit, kuid see v\u00f5imaldab v\u00e4ltida klassikalise tehnika moonutamist, annab iga\u00fchele v\u00f5imaluse korrigeerida ja t\u00e4iustada oma oskuseid, v\u00e4ltides vigu ja lihtsustusi. Ents\u00fcklopeedia abil muutub Taekwondo kunst k\u00e4ttesaadavaks iga\u00fchele, kaob v\u00f5imalus spekuleerida s\u00fcsteemi kinnisusega, peita oma teadmatust salastatuse ettek\u00e4\u00e4nde varju.<img class=\\\"size-medium wp-image-1797 alignright\\\" src=\\\"https:\/\/tkd.ee\/itf\/wp-content\/uploads\/2016\/05\/tkd-encyclopedia-310x204-1-300x197-300x197.png\\\" alt=\\\"tkd-encyclopedia-310x204-1-300x197\\\" width=\\\"300\\\" height=\\\"197\\\" \/><\/p> <p style=\\\"text-align: justify;\\\">Taekwondo h\u00e4sti v\u00e4ljat\u00f6\u00f6tatud \u00f5petamise metoodikat v\u00f5ib t\u00e4nap\u00e4eval sobitada erinevatele vanustele, nii meestele kui ka naistele. Biomehaanika seisukohalt on see tehnika v\u00e4ga ratsionaalne, v\u00f5imaldades genereerida maksimaalset j\u00f5udu.<\/p> <p style=\\\"text-align: justify;\\\">Taekwondos v\u00f5ib iga\u00fcks saada seda, mis tal vaja on: parandada tervist, \u00f5ppida enesekaitset, tutvuda \u0422aekwondo filosoofiaga, kasvatada tugevat keha ja vaimu. Kuid selleks, et saada Meistriks, on vaja suurt p\u00fchendumist, kurnavaid treeninguid ja paindumatut eesm\u00e4rgikindlust.<\/p>\n<h4 id=\\\"philo\\\" style=\\\"text-align: justify;\\\">Taekwondo filosoofia<\/h4><p style=\\\"text-align: justify;\\\">Kuna Taekwondo on Korea v\u00f5itluskunst, siis on selle filosoofia paljuski seotud Korea mentaliteediga. Korea on maa, mis oma ajaloo v\u00e4ltel ei ole kordagi enda naaberalade h\u00f5ivamise eesm\u00e4rgil naabritega s\u00f5dinud. Seega v\u00f5ib ka \u0422aekwondod kasutada \u00fcksnes enesekaitse v\u00f5i oma l\u00e4hedaste inimeste kaitse eesm\u00e4rgil.<\/p><p style=\\\"text-align: justify;\\\">Taekwondo filosoofia on rajatud sellistele eetika- ja vaimuprintsiipidele nagu <img class=\\\"size-medium wp-image-1798 alignright\\\" src=\\\"https:\/\/tkd.ee\/itf\/wp-content\/uploads\/2016\/05\/taekwondo-1-300x162.png\\\" alt=\\\"taekwondo\\\" width=\\\"300\\\" height=\\\"162\\\" \/>aupaklikkus, kannatlikkus, k\u00f5ikumatu vaim, enesekontroll ja ausus.<\/p><p style=\\\"text-align: justify;\\\">Taekwondo peamine eesm\u00e4rk on inimlikkuse, \u00f5igluse, tarkuse, vaimulikkuse ja usalduse j\u00f5uga soodustada parema \u00fchiskonna loomist, kus valitseb rahu ja harmoonia.<\/p><p style=\\\"text-align: justify;\\\">Mitte \u00fckski inimene v\u00f5i inimeste grupp ei tohiks \u0422aekwondod kasutada egoistlike, agressiivsete v\u00f5i julmade eesm\u00e4rkide saavutamiseks. Taekwondod ei tohi kasutada ka kommerts- v\u00f5i poliitilistel eesm\u00e4rkidel.<\/p>","_links":{"self":[{"href":"https:\/\/tkd.ee\/itf\/wp-json\/wp\/v2\/pages\/135"}],"collection":[{"href":"https:\/\/tkd.ee\/itf\/wp-json\/wp\/v2\/pages"}],"about":[{"href":"https:\/\/tkd.ee\/itf\/wp-json\/wp\/v2\/types\/page"}],"author":[{"embeddable":true,"href":"https:\/\/tkd.ee\/itf\/wp-json\/wp\/v2\/users\/1"}],"replies":[{"embeddable":true,"href":"https:\/\/tkd.ee\/itf\/wp-json\/wp\/v2\/comments?post=135"}],"version-history":[{"count":41,"href":"https:\/\/tkd.ee\/itf\/wp-json\/wp\/v2\/pages\/135\/revisions"}],"predecessor-version":[{"id":2257,"href":"https:\/\/tkd.ee\/itf\/wp-json\/wp\/v2\/pages\/135\/revisions\/2257"}],"wp:attachment":[{"href":"https:\/\/tkd.ee\/itf\/wp-json\/wp\/v2\/media?parent=135"}],"curies":[{"name":"wp","href":"https:\/\/api.w.org\/{rel}","templated":true}]}}