{"id":3674,"date":"2018-10-29T14:55:48","date_gmt":"2018-10-29T11:55:48","guid":{"rendered":"http:\/\/tkd.ee\/itf\/?page_id=3674"},"modified":"2023-11-28T21:30:14","modified_gmt":"2023-11-28T18:30:14","slug":"dokumendid","status":"publish","type":"page","link":"https:\/\/tkd.ee\/itf\/et\/organisatsioon\/dokumendid\/","title":{"rendered":"Dokumendid"},"content":{"rendered":"<!--themify_builder_content-->\n<div id=\"themify_builder_content-3674\" data-postid=\"3674\" class=\"themify_builder_content themify_builder_content-3674 themify_builder tf_clear\">\n                    <div  data-lazy=\"1\" class=\"module_row themify_builder_row tb_nmeb144 tb_first tf_w\">\n                        <div class=\"row_inner col_align_top tb_col_count_1 tf_box tf_rel\">\n                        <div  data-lazy=\"1\" class=\"module_column tb-column col-full tb_gcqd144 first\">\n                            <div  data-lazy=\"1\" class=\"module_subrow themify_builder_sub_row tf_w col_align_top tb_col_count_2 tb_iedu145\">\n                <div  data-lazy=\"1\" class=\"module_column sub_column col4-2 tb_oedu145 first\">\n                    <!-- module fancy heading -->\n<div  class=\"module module-fancy-heading tb_p97b145  inline-fancy-heading\" data-lazy=\"1\">\n        <h1 class=\"fancy-heading tf_textc\">\n    <span class=\"main-head tf_inline_b\">\n                    ETL            <\/span>\n\n    \n    <span class=\"sub-head tf_inline_b tf_rel\">\n                                <\/span>\n    <\/h1>\n<\/div>\n<!-- \/module fancy heading -->\n<!-- module icon -->\n<div  class=\"module module-icon tb_jios145  large none icon_vertical tf_textl\" data-lazy=\"1\">\n            <div class=\"module-icon-item\">\n                            <a href=\"\/itf\/wp-content\/uploads\/2023\/03\/ETL-kord.pdf\" rel=\"noopener\" target=\"_blank\">\n                                                                    <em class=\"tf_box\"><svg  class=\"tf_fa tf-far-file-pdf\" aria-hidden=\"true\"><use href=\"#tf-far-file-pdf\"><\/use><\/svg><\/em>\n                                                                            <span>ETL kord (.pdf)<\/span>\n                                                                    <\/a>\n                    <\/div>\n            <div class=\"module-icon-item\">\n                            <a href=\"\/itf\/wp-content\/uploads\/2023\/11\/ETL-Kodukord.pdf\" rel=\"noopener\" target=\"_blank\">\n                                                                    <em class=\"tf_box\"><svg  class=\"tf_fa tf-far-file-pdf\" aria-hidden=\"true\"><use href=\"#tf-far-file-pdf\"><\/use><\/svg><\/em>\n                                                                            <span>ETL Kodukord (.pdf)<\/span>\n                                                                    <\/a>\n                    <\/div>\n            <div class=\"module-icon-item\">\n                            <a href=\"\/itf\/wp-content\/uploads\/2023\/11\/Spordivoistlustega-manipuleerimise-tokestamise-naidisreeglid_Final.pdf\" rel=\"noopener\" target=\"_blank\">\n                                                                    <em class=\"tf_box\"><svg  class=\"tf_fa tf-far-file-pdf\" aria-hidden=\"true\"><use href=\"#tf-far-file-pdf\"><\/use><\/svg><\/em>\n                                                                            <span>Spordiv\u00f5istlustega manipuleerimise t\u00f5kestamise n\u00e4idisreeglid spordiorganisatsioonidele (.pdf)<\/span>\n                                                                    <\/a>\n                    <\/div>\n            <div class=\"module-icon-item\">\n                            <a href=\"\/itf\/wp-content\/uploads\/2023\/11\/ETL-Arengukava-2023-2027.pdf\" rel=\"noopener\" target=\"_blank\">\n                                                                    <em class=\"tf_box\"><svg  class=\"tf_fa tf-far-file-pdf\" aria-hidden=\"true\"><use href=\"#tf-far-file-pdf\"><\/use><\/svg><\/em>\n                                                                            <span>ETL Arengukava 2023-2027 (.pdf)<\/span>\n                                                                    <\/a>\n                    <\/div>\n            <div class=\"module-icon-item\">\n                            <a href=\"\/itf\/wp-content\/uploads\/2023\/11\/TKD-Aruanne_2022.pdf\" rel=\"noopener\" target=\"_blank\">\n                                                                    <em class=\"tf_box\"><svg  class=\"tf_fa tf-far-file-pdf\" aria-hidden=\"true\"><use href=\"#tf-far-file-pdf\"><\/use><\/svg><\/em>\n                                                                            <span>ETL Majandusaasta Aruanne 2022 (.pdf)<\/span>\n                                                                    <\/a>\n                    <\/div>\n            <div class=\"module-icon-item\">\n                            <a href=\"\/itf\/wp-content\/uploads\/2023\/11\/TKD-Aruanne_2021.pdf\" rel=\"noopener\" target=\"_blank\">\n                                                                    <em class=\"tf_box\"><svg  class=\"tf_fa tf-far-file-pdf\" aria-hidden=\"true\"><use href=\"#tf-far-file-pdf\"><\/use><\/svg><\/em>\n                                                                            <span>ETL Majandusaasta Aruanne 2021 (.pdf)<\/span>\n                                                                    <\/a>\n                    <\/div>\n            <div class=\"module-icon-item\">\n                            <a href=\"\/itf\/wp-content\/uploads\/2022\/05\/2020-Aruanne.pdf\" rel=\"noopener\" target=\"_blank\">\n                                                                    <em class=\"tf_box\"><svg  class=\"tf_fa tf-far-file-pdf\" aria-hidden=\"true\"><use href=\"#tf-far-file-pdf\"><\/use><\/svg><\/em>\n                                                                            <span>ETL Majandusaasta Aruanne 2020 (.pdf)<\/span>\n                                                                    <\/a>\n                    <\/div>\n            <div class=\"module-icon-item\">\n                            <a href=\"\/itf\/wp-content\/uploads\/2019\/06\/ETL_Eetilise-tegevuse-po\u0303himo\u0303tted.pdf\" rel=\"noopener\" target=\"_blank\">\n                                                                    <em class=\"tf_box\"><svg  class=\"tf_fa tf-far-file-pdf\" aria-hidden=\"true\"><use href=\"#tf-far-file-pdf\"><\/use><\/svg><\/em>\n                                                                            <span>Eetilise tegevuse po\u0303himo\u0303tted (.pdf)<\/span>\n                                                                    <\/a>\n                    <\/div>\n            <div class=\"module-icon-item\">\n                            <a href=\"\/itf\/wp-content\/uploads\/2020\/11\/ITF-pohikiri.pdf\" rel=\"noopener\" target=\"_blank\">\n                                                                    <em class=\"tf_box\"><svg  class=\"tf_fa tf-far-file-pdf\" aria-hidden=\"true\"><use href=\"#tf-far-file-pdf\"><\/use><\/svg><\/em>\n                                                                            <span>P\u00f5hikiri (.pdf)<\/span>\n                                                                    <\/a>\n                    <\/div>\n            <div class=\"module-icon-item\">\n                            <a href=\"\/itf\/et\/organisatsioon\/dokumendid\/treenerite-eetikakoodeks\">\n                                                                    <em class=\"tf_box\"><svg  class=\"tf_fa tf-far-file-pdf-o\" aria-hidden=\"true\"><use href=\"#tf-far-file-pdf-o\"><\/use><\/svg><\/em>\n                                                                            <span>Treenerite eetikakoodeks<\/span>\n                                                                    <\/a>\n                    <\/div>\n            <div class=\"module-icon-item\">\n                            <a href=\"\/itf\/et\/organisatsioon\/dokumendid\/hea-juhtimise-tava-spordiorganisatsioonis\/\">\n                                                                    <em class=\"tf_box\"><svg  class=\"tf_fa tf-far-file-pdf-o\" aria-hidden=\"true\"><use href=\"#tf-far-file-pdf-o\"><\/use><\/svg><\/em>\n                                                                            <span>Hea juhtimise tava spordiorganisatsioonis<\/span>\n                                                                    <\/a>\n                    <\/div>\n            <div class=\"module-icon-item\">\n                            <a href=\"https:\/\/eadse.ee\/vaarkohtlemine-ja-ahistamine\/\">\n                                                                    <em class=\"tf_box\"><svg  class=\"tf_fa tf-ti-new-window\" aria-hidden=\"true\"><use href=\"#tf-ti-new-window\"><\/use><\/svg><\/em>\n                                                                            <span>Turvaline sport (v\u00e4\u00e4rkohtlemise ennetamine)<\/span>\n                                                                    <\/a>\n                    <\/div>\n            <div class=\"module-icon-item\">\n                            <a href=\"https:\/\/eadse.ee\/antidoping\/dopinguvastaste-reeglite-rikkumine\/\">\n                                                                    <em class=\"tf_box\"><svg  class=\"tf_fa tf-ti-new-window\" aria-hidden=\"true\"><use href=\"#tf-ti-new-window\"><\/use><\/svg><\/em>\n                                                                            <span>Antidopingu reeglestik<\/span>\n                                                                    <\/a>\n                    <\/div>\n    <\/div>\n<!-- \/module icon -->\n        <\/div>\n                    <div  data-lazy=\"1\" class=\"module_column sub_column col4-2 tb_y26p145 last\">\n                    <!-- module fancy heading -->\n<div  class=\"module module-fancy-heading tb_a6z6145  inline-fancy-heading\" data-lazy=\"1\">\n        <h1 class=\"fancy-heading tf_textc\">\n    <span class=\"main-head tf_inline_b\">\n                    Eksam            <\/span>\n\n    \n    <span class=\"sub-head tf_inline_b tf_rel\">\n                                <\/span>\n    <\/h1>\n<\/div>\n<!-- \/module fancy heading -->\n<!-- module icon -->\n<div  class=\"module module-icon tb_navf145  large none icon_vertical tf_textl\" data-lazy=\"1\">\n            <div class=\"module-icon-item\">\n                            <a href=\"https:\/\/www.spordiregister.ee\/admin\/valjund.php?vmkf=9&amp;n=kutse_andmise_kord_treeneri_kutsetele\" rel=\"noopener\" target=\"_blank\">\n                                                                    <em class=\"tf_box\"><svg  class=\"tf_fa tf-ti-new-window\" aria-hidden=\"true\"><use href=\"#tf-ti-new-window\"><\/use><\/svg><\/em>\n                                                                            <span>Kutse andmise kord<\/span>\n                                                                    <\/a>\n                    <\/div>\n            <div class=\"module-icon-item\">\n                            <a href=\"https:\/\/www.spordiregister.ee\/admin\/valjund.php?vmkf=50&amp;n=kutse_andmise_korda_taiendavad_juhendid\" rel=\"noopener\" target=\"_blank\">\n                                                                    <em class=\"tf_box\"><svg  class=\"tf_fa tf-ti-new-window\" aria-hidden=\"true\"><use href=\"#tf-ti-new-window\"><\/use><\/svg><\/em>\n                                                                            <span>Kutse andmise korda t\u00e4iendav juhend<\/span>\n                                                                    <\/a>\n                    <\/div>\n            <div class=\"module-icon-item\">\n                            <a href=\"https:\/\/www.spordiregister.ee\/admin\/valjund.php?vmkf=51&amp;n=erialase_taiendkoolituse_arvestamise_alused\" rel=\"noopener\" target=\"_blank\">\n                                                                    <em class=\"tf_box\"><svg  class=\"tf_fa tf-ti-new-window\" aria-hidden=\"true\"><use href=\"#tf-ti-new-window\"><\/use><\/svg><\/em>\n                                                                            <span>Erialase t\u00e4ienduskoolituse arvetamise alused<\/span>\n                                                                    <\/a>\n                    <\/div>\n            <div class=\"module-icon-item\">\n                            <a href=\"https:\/\/www.spordiregister.ee\/admin\/valjund.php?vmkf=25&amp;n=vaatlusanaluusi_arvestamise_kord\" rel=\"noopener\" target=\"_blank\">\n                                                                    <em class=\"tf_box\"><svg  class=\"tf_fa tf-ti-new-window\" aria-hidden=\"true\"><use href=\"#tf-ti-new-window\"><\/use><\/svg><\/em>\n                                                                            <span>Vaatlusanal\u00fc\u00fcsi arvestamise kord<\/span>\n                                                                    <\/a>\n                    <\/div>\n            <div class=\"module-icon-item\">\n                            <a href=\"https:\/\/www.spordiregister.ee\/admin\/valjund.php?vmkf=43&amp;n=kutseomistamise_tasu_maarad\" rel=\"noopener\" target=\"_blank\">\n                                                                    <em class=\"tf_box\"><svg  class=\"tf_fa tf-ti-new-window\" aria-hidden=\"true\"><use href=\"#tf-ti-new-window\"><\/use><\/svg><\/em>\n                                                                            <span>Kutseomistamise tasu m\u00e4\u00e4rad<\/span>\n                                                                    <\/a>\n                    <\/div>\n    <\/div>\n<!-- \/module icon -->\n        <\/div>\n                    <\/div>\n                <\/div>\n                        <\/div>\n        <\/div>\n                        <div  data-lazy=\"1\" class=\"module_row themify_builder_row tb_erzd144 tf_w\">\n                        <div class=\"row_inner col_align_top tb_col_count_1 tf_box tf_rel\">\n                        <div  data-lazy=\"1\" class=\"module_column tb-column col-full tb_39dl146 first\">\n                    <!-- module buttons -->\n<div  class=\"module module-buttons tb_0c4l146 buttons-horizontal solid  large\" data-lazy=\"1\">\n        <div class=\"module-buttons-item tf_in_flx\">\n                        <a href=\"\/itf\/et\/ankeet\/\" class=\"ui builder_button tf_in_flx blue\" >\n                                                Registreerimisvorm                                        <\/a>\n                <\/div>\n            <\/div>\n<!-- \/module buttons -->\n        <\/div>\n                        <\/div>\n        <\/div>\n        <\/div>\n<!--\/themify_builder_content-->","protected":false},"excerpt":{"rendered":"<p>ETL ETL kord (.pdf) ETL Kodukord (.pdf) Spordiv\u00f5istlustega manipuleerimise t\u00f5kestamise n\u00e4idisreeglid spordiorganisatsioonidele (.pdf) ETL Arengukava 2023-2027 (.pdf) ETL Majandusaasta Aruanne 2022 (.pdf) ETL Majandusaasta Aruanne 2021 (.pdf) ETL Majandusaasta Aruanne 2020 (.pdf) Eetilise tegevuse po\u0303himo\u0303tted (.pdf) P\u00f5hikiri (.pdf) Treenerite eetikakoodeks<\/p>\n","protected":false},"author":1,"featured_media":0,"parent":83,"menu_order":0,"comment_status":"closed","ping_status":"closed","template":"","meta":{"footnotes":""},"class_list":["post-3674","page","type-page","status-publish","hentry"],"yoast_head":"<!-- This site is optimized with the Yoast SEO plugin v24.1 - https:\/\/yoast.com\/wordpress\/plugins\/seo\/ -->\n<title>Dokumendid - EESTI TAEKWONDO LIIT<\/title>\n<meta name=\"robots\" content=\"index, follow, max-snippet:-1, max-image-preview:large, max-video-preview:-1\" \/>\n<link rel=\"canonical\" href=\"https:\/\/tkd.ee\/itf\/et\/organisatsioon\/dokumendid\/\" \/>\n<meta property=\"og:locale\" content=\"et_EE\" \/>\n<meta property=\"og:type\" content=\"article\" \/>\n<meta property=\"og:title\" content=\"Dokumendid - EESTI TAEKWONDO LIIT\" \/>\n<meta property=\"og:description\" content=\"ETL ETL kord (.pdf) ETL Kodukord (.pdf) Spordiv\u00f5istlustega manipuleerimise t\u00f5kestamise n\u00e4idisreeglid spordiorganisatsioonidele (.pdf) ETL Arengukava 2023-2027 (.pdf) ETL Majandusaasta Aruanne 2022 (.pdf) ETL Majandusaasta Aruanne 2021 (.pdf) ETL Majandusaasta Aruanne 2020 (.pdf) Eetilise tegevuse po\u0303himo\u0303tted (.pdf) P\u00f5hikiri (.pdf) Treenerite eetikakoodeks\" \/>\n<meta property=\"og:url\" content=\"https:\/\/tkd.ee\/itf\/et\/organisatsioon\/dokumendid\/\" \/>\n<meta property=\"og:site_name\" content=\"EESTI TAEKWONDO LIIT\" \/>\n<meta property=\"article:modified_time\" content=\"2023-11-28T18:30:14+00:00\" \/>\n<meta name=\"twitter:card\" content=\"summary_large_image\" \/>\n<script type=\"application\/ld+json\" class=\"yoast-schema-graph\">{\"@context\":\"https:\/\/schema.org\",\"@graph\":[{\"@type\":\"WebPage\",\"@id\":\"https:\/\/tkd.ee\/itf\/et\/organisatsioon\/dokumendid\/\",\"url\":\"https:\/\/tkd.ee\/itf\/et\/organisatsioon\/dokumendid\/\",\"name\":\"Dokumendid - EESTI TAEKWONDO LIIT\",\"isPartOf\":{\"@id\":\"https:\/\/tkd.ee\/itf\/#website\"},\"datePublished\":\"2018-10-29T11:55:48+00:00\",\"dateModified\":\"2023-11-28T18:30:14+00:00\",\"breadcrumb\":{\"@id\":\"https:\/\/tkd.ee\/itf\/et\/organisatsioon\/dokumendid\/#breadcrumb\"},\"inLanguage\":\"et\",\"potentialAction\":[{\"@type\":\"ReadAction\",\"target\":[\"https:\/\/tkd.ee\/itf\/et\/organisatsioon\/dokumendid\/\"]}]},{\"@type\":\"BreadcrumbList\",\"@id\":\"https:\/\/tkd.ee\/itf\/et\/organisatsioon\/dokumendid\/#breadcrumb\",\"itemListElement\":[{\"@type\":\"ListItem\",\"position\":1,\"name\":\"Home\",\"item\":\"https:\/\/tkd.ee\/itf\/et\/\"},{\"@type\":\"ListItem\",\"position\":2,\"name\":\"Organisatsioon\",\"item\":\"https:\/\/tkd.ee\/itf\/et\/organisatsioon\/\"},{\"@type\":\"ListItem\",\"position\":3,\"name\":\"Dokumendid\"}]},{\"@type\":\"WebSite\",\"@id\":\"https:\/\/tkd.ee\/itf\/#website\",\"url\":\"https:\/\/tkd.ee\/itf\/\",\"name\":\"EESTI TAEKWONDO LIIT\",\"description\":\"Balanced development and fair play\",\"publisher\":{\"@id\":\"https:\/\/tkd.ee\/itf\/#organization\"},\"potentialAction\":[{\"@type\":\"SearchAction\",\"target\":{\"@type\":\"EntryPoint\",\"urlTemplate\":\"https:\/\/tkd.ee\/itf\/?s={search_term_string}\"},\"query-input\":{\"@type\":\"PropertyValueSpecification\",\"valueRequired\":true,\"valueName\":\"search_term_string\"}}],\"inLanguage\":\"et\"},{\"@type\":\"Organization\",\"@id\":\"https:\/\/tkd.ee\/itf\/#organization\",\"name\":\"Eesti Taekwondo Liit\",\"url\":\"https:\/\/tkd.ee\/itf\/\",\"logo\":{\"@type\":\"ImageObject\",\"inLanguage\":\"et\",\"@id\":\"https:\/\/tkd.ee\/itf\/#\/schema\/logo\/image\/\",\"url\":\"https:\/\/tkd.ee\/itf\/wp-content\/uploads\/2020\/11\/itf-logo-1.png\",\"contentUrl\":\"https:\/\/tkd.ee\/itf\/wp-content\/uploads\/2020\/11\/itf-logo-1.png\",\"width\":540,\"height\":540,\"caption\":\"Eesti Taekwondo Liit\"},\"image\":{\"@id\":\"https:\/\/tkd.ee\/itf\/#\/schema\/logo\/image\/\"}}]}<\/script>\n<!-- \/ Yoast SEO plugin. -->","yoast_head_json":{"title":"Dokumendid - EESTI TAEKWONDO LIIT","robots":{"index":"index","follow":"follow","max-snippet":"max-snippet:-1","max-image-preview":"max-image-preview:large","max-video-preview":"max-video-preview:-1"},"canonical":"https:\/\/tkd.ee\/itf\/et\/organisatsioon\/dokumendid\/","og_locale":"et_EE","og_type":"article","og_title":"Dokumendid - EESTI TAEKWONDO LIIT","og_description":"ETL ETL kord (.pdf) ETL Kodukord (.pdf) Spordiv\u00f5istlustega manipuleerimise t\u00f5kestamise n\u00e4idisreeglid spordiorganisatsioonidele (.pdf) ETL Arengukava 2023-2027 (.pdf) ETL Majandusaasta Aruanne 2022 (.pdf) ETL Majandusaasta Aruanne 2021 (.pdf) ETL Majandusaasta Aruanne 2020 (.pdf) Eetilise tegevuse po\u0303himo\u0303tted (.pdf) P\u00f5hikiri (.pdf) Treenerite eetikakoodeks","og_url":"https:\/\/tkd.ee\/itf\/et\/organisatsioon\/dokumendid\/","og_site_name":"EESTI TAEKWONDO LIIT","article_modified_time":"2023-11-28T18:30:14+00:00","twitter_card":"summary_large_image","schema":{"@context":"https:\/\/schema.org","@graph":[{"@type":"WebPage","@id":"https:\/\/tkd.ee\/itf\/et\/organisatsioon\/dokumendid\/","url":"https:\/\/tkd.ee\/itf\/et\/organisatsioon\/dokumendid\/","name":"Dokumendid - EESTI TAEKWONDO LIIT","isPartOf":{"@id":"https:\/\/tkd.ee\/itf\/#website"},"datePublished":"2018-10-29T11:55:48+00:00","dateModified":"2023-11-28T18:30:14+00:00","breadcrumb":{"@id":"https:\/\/tkd.ee\/itf\/et\/organisatsioon\/dokumendid\/#breadcrumb"},"inLanguage":"et","potentialAction":[{"@type":"ReadAction","target":["https:\/\/tkd.ee\/itf\/et\/organisatsioon\/dokumendid\/"]}]},{"@type":"BreadcrumbList","@id":"https:\/\/tkd.ee\/itf\/et\/organisatsioon\/dokumendid\/#breadcrumb","itemListElement":[{"@type":"ListItem","position":1,"name":"Home","item":"https:\/\/tkd.ee\/itf\/et\/"},{"@type":"ListItem","position":2,"name":"Organisatsioon","item":"https:\/\/tkd.ee\/itf\/et\/organisatsioon\/"},{"@type":"ListItem","position":3,"name":"Dokumendid"}]},{"@type":"WebSite","@id":"https:\/\/tkd.ee\/itf\/#website","url":"https:\/\/tkd.ee\/itf\/","name":"EESTI TAEKWONDO LIIT","description":"Balanced development and fair play","publisher":{"@id":"https:\/\/tkd.ee\/itf\/#organization"},"potentialAction":[{"@type":"SearchAction","target":{"@type":"EntryPoint","urlTemplate":"https:\/\/tkd.ee\/itf\/?s={search_term_string}"},"query-input":{"@type":"PropertyValueSpecification","valueRequired":true,"valueName":"search_term_string"}}],"inLanguage":"et"},{"@type":"Organization","@id":"https:\/\/tkd.ee\/itf\/#organization","name":"Eesti Taekwondo Liit","url":"https:\/\/tkd.ee\/itf\/","logo":{"@type":"ImageObject","inLanguage":"et","@id":"https:\/\/tkd.ee\/itf\/#\/schema\/logo\/image\/","url":"https:\/\/tkd.ee\/itf\/wp-content\/uploads\/2020\/11\/itf-logo-1.png","contentUrl":"https:\/\/tkd.ee\/itf\/wp-content\/uploads\/2020\/11\/itf-logo-1.png","width":540,"height":540,"caption":"Eesti Taekwondo Liit"},"image":{"@id":"https:\/\/tkd.ee\/itf\/#\/schema\/logo\/image\/"}}]}},"builder_content":"<h1>ETL<br\/><\/h1>\n<a href=\"\/itf\/wp-content\/uploads\/2023\/03\/ETL-kord.pdf\" rel=\"noopener\" target=\"_blank\"> <em><svg aria-hidden=\"true\"><use href=\"#tf-far-file-pdf\"><\/use><\/svg><\/em> ETL kord (.pdf) <\/a> <a href=\"\/itf\/wp-content\/uploads\/2023\/11\/ETL-Kodukord.pdf\" rel=\"noopener\" target=\"_blank\"> <em><svg aria-hidden=\"true\"><use href=\"#tf-far-file-pdf\"><\/use><\/svg><\/em> ETL Kodukord (.pdf) <\/a> <a href=\"\/itf\/wp-content\/uploads\/2023\/11\/Spordivoistlustega-manipuleerimise-tokestamise-naidisreeglid_Final.pdf\" rel=\"noopener\" target=\"_blank\"> <em><svg aria-hidden=\"true\"><use href=\"#tf-far-file-pdf\"><\/use><\/svg><\/em> Spordiv\u00f5istlustega manipuleerimise t\u00f5kestamise n\u00e4idisreeglid spordiorganisatsioonidele (.pdf) <\/a> <a href=\"\/itf\/wp-content\/uploads\/2023\/11\/ETL-Arengukava-2023-2027.pdf\" rel=\"noopener\" target=\"_blank\"> <em><svg aria-hidden=\"true\"><use href=\"#tf-far-file-pdf\"><\/use><\/svg><\/em> ETL Arengukava 2023-2027 (.pdf) <\/a> <a href=\"\/itf\/wp-content\/uploads\/2023\/11\/TKD-Aruanne_2022.pdf\" rel=\"noopener\" target=\"_blank\"> <em><svg aria-hidden=\"true\"><use href=\"#tf-far-file-pdf\"><\/use><\/svg><\/em> ETL Majandusaasta Aruanne 2022 (.pdf) <\/a> <a href=\"\/itf\/wp-content\/uploads\/2023\/11\/TKD-Aruanne_2021.pdf\" rel=\"noopener\" target=\"_blank\"> <em><svg aria-hidden=\"true\"><use href=\"#tf-far-file-pdf\"><\/use><\/svg><\/em> ETL Majandusaasta Aruanne 2021 (.pdf) <\/a> <a href=\"\/itf\/wp-content\/uploads\/2022\/05\/2020-Aruanne.pdf\" rel=\"noopener\" target=\"_blank\"> <em><svg aria-hidden=\"true\"><use href=\"#tf-far-file-pdf\"><\/use><\/svg><\/em> ETL Majandusaasta Aruanne 2020 (.pdf) <\/a> <a href=\"\/itf\/wp-content\/uploads\/2019\/06\/ETL_Eetilise-tegevuse-po\u0303himo\u0303tted.pdf\" rel=\"noopener\" target=\"_blank\"> <em><svg aria-hidden=\"true\"><use href=\"#tf-far-file-pdf\"><\/use><\/svg><\/em> Eetilise tegevuse po\u0303himo\u0303tted (.pdf) <\/a> <a href=\"\/itf\/wp-content\/uploads\/2020\/11\/ITF-pohikiri.pdf\" rel=\"noopener\" target=\"_blank\"> <em><svg aria-hidden=\"true\"><use href=\"#tf-far-file-pdf\"><\/use><\/svg><\/em> P\u00f5hikiri (.pdf) <\/a> <a href=\"\/itf\/et\/organisatsioon\/dokumendid\/treenerite-eetikakoodeks\"> <em><svg aria-hidden=\"true\"><use href=\"#tf-far-file-pdf-o\"><\/use><\/svg><\/em> Treenerite eetikakoodeks <\/a> <a href=\"\/itf\/et\/organisatsioon\/dokumendid\/hea-juhtimise-tava-spordiorganisatsioonis\/\"> <em><svg aria-hidden=\"true\"><use href=\"#tf-far-file-pdf-o\"><\/use><\/svg><\/em> Hea juhtimise tava spordiorganisatsioonis <\/a> <a href=\"https:\/\/eadse.ee\/vaarkohtlemine-ja-ahistamine\/\"> <em><svg aria-hidden=\"true\"><use href=\"#tf-ti-new-window\"><\/use><\/svg><\/em> Turvaline sport (v\u00e4\u00e4rkohtlemise ennetamine) <\/a> <a href=\"https:\/\/eadse.ee\/antidoping\/dopinguvastaste-reeglite-rikkumine\/\"> <em><svg aria-hidden=\"true\"><use href=\"#tf-ti-new-window\"><\/use><\/svg><\/em> Antidopingu reeglestik <\/a>\n<h1>Eksam<br\/><\/h1>\n<a href=\"https:\/\/www.spordiregister.ee\/admin\/valjund.php?vmkf=9&amp;n=kutse_andmise_kord_treeneri_kutsetele\" rel=\"noopener\" target=\"_blank\"> <em><svg aria-hidden=\"true\"><use href=\"#tf-ti-new-window\"><\/use><\/svg><\/em> Kutse andmise kord <\/a> <a href=\"https:\/\/www.spordiregister.ee\/admin\/valjund.php?vmkf=50&amp;n=kutse_andmise_korda_taiendavad_juhendid\" rel=\"noopener\" target=\"_blank\"> <em><svg aria-hidden=\"true\"><use href=\"#tf-ti-new-window\"><\/use><\/svg><\/em> Kutse andmise korda t\u00e4iendav juhend <\/a> <a href=\"https:\/\/www.spordiregister.ee\/admin\/valjund.php?vmkf=51&amp;n=erialase_taiendkoolituse_arvestamise_alused\" rel=\"noopener\" target=\"_blank\"> <em><svg aria-hidden=\"true\"><use href=\"#tf-ti-new-window\"><\/use><\/svg><\/em> Erialase t\u00e4ienduskoolituse arvetamise alused <\/a> <a href=\"https:\/\/www.spordiregister.ee\/admin\/valjund.php?vmkf=25&amp;n=vaatlusanaluusi_arvestamise_kord\" rel=\"noopener\" target=\"_blank\"> <em><svg aria-hidden=\"true\"><use href=\"#tf-ti-new-window\"><\/use><\/svg><\/em> Vaatlusanal\u00fc\u00fcsi arvestamise kord <\/a> <a href=\"https:\/\/www.spordiregister.ee\/admin\/valjund.php?vmkf=43&amp;n=kutseomistamise_tasu_maarad\" rel=\"noopener\" target=\"_blank\"> <em><svg aria-hidden=\"true\"><use href=\"#tf-ti-new-window\"><\/use><\/svg><\/em> Kutseomistamise tasu m\u00e4\u00e4rad <\/a>\n<a href=\"\/itf\/et\/ankeet\/\" > Registreerimisvorm <\/a>","_links":{"self":[{"href":"https:\/\/tkd.ee\/itf\/wp-json\/wp\/v2\/pages\/3674"}],"collection":[{"href":"https:\/\/tkd.ee\/itf\/wp-json\/wp\/v2\/pages"}],"about":[{"href":"https:\/\/tkd.ee\/itf\/wp-json\/wp\/v2\/types\/page"}],"author":[{"embeddable":true,"href":"https:\/\/tkd.ee\/itf\/wp-json\/wp\/v2\/users\/1"}],"replies":[{"embeddable":true,"href":"https:\/\/tkd.ee\/itf\/wp-json\/wp\/v2\/comments?post=3674"}],"version-history":[{"count":46,"href":"https:\/\/tkd.ee\/itf\/wp-json\/wp\/v2\/pages\/3674\/revisions"}],"predecessor-version":[{"id":5143,"href":"https:\/\/tkd.ee\/itf\/wp-json\/wp\/v2\/pages\/3674\/revisions\/5143"}],"up":[{"embeddable":true,"href":"https:\/\/tkd.ee\/itf\/wp-json\/wp\/v2\/pages\/83"}],"wp:attachment":[{"href":"https:\/\/tkd.ee\/itf\/wp-json\/wp\/v2\/media?parent=3674"}],"curies":[{"name":"wp","href":"https:\/\/api.w.org\/{rel}","templated":true}]}}