{"id":5056,"date":"2023-11-28T11:25:33","date_gmt":"2023-11-28T08:25:33","guid":{"rendered":"https:\/\/tkd.ee\/itf\/?page_id=5056"},"modified":"2023-11-28T11:25:33","modified_gmt":"2023-11-28T08:25:33","slug":"treenerite-eetikakoodeks","status":"publish","type":"page","link":"https:\/\/tkd.ee\/itf\/et\/organisatsioon\/dokumendid\/treenerite-eetikakoodeks\/","title":{"rendered":"Treenerite eetikakoodeks"},"content":{"rendered":"<!-- wp:themify-builder\/canvas \/-->\n\n\n<p><em>Eetikakoodeks on kinnitatud Sihtasutus Kutsekoda poolt.<br>Uuendatud 19. november 2019<br><\/em><\/p>\n\n\n\n<p><strong>\u00dcLDS\u00c4TTED&nbsp;<\/strong><\/p>\n\n\n\n<p><strong>I. \u00a0 \u00a0 \u00a0 \u00a0\u00a0Eetikakoodeksi reguleerimisala<\/strong>\u00a0<\/p>\n\n\n\n<p>(1) Eetikakoodeks s\u00e4testab n\u00f5uded treenerite t\u00f6\u00f6eetikale ning k\u00e4itumisele.<br>(2) Eetikakoodeks kehtib k\u00f5ikide Eesti Vabariigi treenerite suhtes, s\u00f5ltumata asukohast.<br>(3) \u00a0Treeneri eetikan\u00f5uded kehtivad k\u00f5igil oskuste ja p\u00e4devuste tasemetel teisi isikuid juhendavatele spetsialistidele nii liikumisharrastuses kui ka v\u00f5istlusspordis.<\/p>\n\n\n\n<p><strong>II. \u00a0 \u00a0 \u00a0 \u00a0\u00a0Ausa m\u00e4ngu p\u00f5him\u00f5tted\u00a0<\/strong><\/p>\n\n\n\n<p>(1) Treenerite eetikakoodeksi eesm\u00e4rgiks on juhinduda spordis kehtivatest ausa m\u00e4ngu (Fair Play) p\u00f5him\u00f5tetest.&nbsp;<\/p>\n\n\n\n<p><strong>III. \u00a0 \u00a0 \u00a0 \u00a0\u00a0Treenerite k\u00e4itumise \u00fcldreeglid\u00a0<\/strong><\/p>\n\n\n\n<p>(1) Treener peab austama inim\u00f5igusi \u2013 k\u00f5igil treenitavatel on v\u00f5rdsed \u00f5igused ja neid ei tohi diskrimineerida soo, rassi, seksuaalse s\u00e4ttumuse \/ identiteedi, nahav\u00e4rvi, keele, usutunnistuse, poliitiliste v\u00f5i muude vaadete, rahvusliku v\u00f5i sotsiaalse kuuluvuse, rahvusv\u00e4hemusse kuuluvuse, s\u00fcnnip\u00e4ra v\u00f5i muu \u00fchiskondliku seisundi t\u00f5ttu.<br>(2) Treener peab austama k\u00f5igi treenitavate enesev\u00e4\u00e4rikust, tunnustama iga\u00fche panust ning \u00f5igust olla s\u00f5naliselt, f\u00fc\u00fcsiliselt ja seksuaalselt ahistamata ning \u00e4ra kasutamata.<br>(3) Treener peab k\u00e4ituma korrektselt ning olema k\u00f5igile eeskujuks.\u00a0<\/p>\n\n\n\n<p><strong>IV. \u00a0 \u00a0 \u00a0 \u00a0\u00a0N\u00f5uded treeneri t\u00f6\u00f6ks\u00a0<\/strong><\/p>\n\n\n\n<p>(1) Treeneril peavad olema tunnustatud kutseoskused ning peavad puuduma piirangud sihtr\u00fchma treenimiseks.<br>(2) \u00a0Treener m\u00f5istab, et kutseoskuste arendamine t\u00e4hendab j\u00e4rjepidevat \u00f5ppimist ja t\u00f6\u00f6 kaudu kogemuste omandamist. Treeneri \u00fclesanne on jagada saadud teadmisi ja oskusi.<br>(3) Treener peab austama treeneri ametiv\u00e4\u00e4rikust ning olema alati v\u00e4limuselt ja k\u00e4itumiselt korrektne.<br>(4) Treener peab juhtima dopingu ja keelatud meetodite kasutamise vastast ennetustegevust, selgitama treenitavatele j\u00e4rjekindlalt dopingainete ja keelatud meetodite kahjulikku m\u00f5ju.\u00a0<\/p>\n\n\n\n<p>\u00a0<strong>V. \u00a0 \u00a0 \u00a0 \u00a0\u00a0Treenitavate heaolu tagamine\u00a0<\/strong><\/p>\n\n\n\n<p>(1) Treeneri \u00fclesanne on juhtida ja m\u00f5jutada treenitavate sportlikku k\u00e4itumist ja sooritust ning samas julgustada neid iseseisvalt otsustama ja oma otsuste, k\u00e4itumise ja soorituse eest vastutama.<br>(2) Treener peab tagama sportimistingimuste sobivuse ja ohutuse ning arvestama treenitavate ea, v\u00f5imete ja oskustega. Eriti t\u00e4helepanelikut peab treener seda j\u00e4lgima noorte ja algajate puhul.<br>(3) Treener peab tunnustama k\u00f5igi treenitavate \u00f5igust p\u00fc\u00fcelda oma v\u00f5imete realiseerimise poole, seda ka juhul, kui see tooks kaasa muutused koost\u00f6\u00f6sse senise treeneriga. Sellistel juhtudel peab treener tagama, et teise treeneri kaasamine v\u00f5i treenitava \u00fcleminek teise treeneri juurde arutatakse treenitavaga p\u00f5hjalikult l\u00e4bi ja muutus on treenitava huvides.<\/p>\n\n\n\n<p><strong>VI. \u00a0 \u00a0 \u00a0 \u00a0\u00a0Huvide konflikti v\u00e4ltimine\u00a0<\/strong><\/p>\n\n\n\n<p>(1) Treener peab austama kohtunikke ja tunnustama nende osa v\u00f5istluste \u00f5iglasel ja m\u00e4\u00e4ruste p\u00e4rasel l\u00e4biviimisel.<br>(2) Treener peab tundma ja austama v\u00f5istlusreeglistiku sisu ja m\u00f5tet nii treeningutel kui v\u00f5istlustel, tagades k\u00f5ikidele sportlastele v\u00f5rdsed v\u00f5imalused ja v\u00f5istlustingimused.<br>(3) Treener ei tohi ei avalikult ega varjatult muuta tema kui koondiste treeneri hoolde usaldatud sportlase treeningplaane ega sundida peale oma treeningmetoodikat, kaasamata sportlase senist treenerit.\u00a0<\/p>\n\n\n\n<p><strong>VII. \u00a0 \u00a0 \u00a0 \u00a0\u00a0Suhtlemine<\/strong><\/p>\n\n\n\n<p>(1) Treener peab looma hea koost\u00f6\u00f6 k\u00f5igi isikute ja institutsioonidega, kellest v\u00f5ib s\u00f5ltuda tema treenitavate areng, sealhulgas teiste treenerite, sporditeadlaste, arstide, oma spordialaliidu ja teiste spordiorganisatsioonidega.<br>(2) Treener peab tunnistama, et k\u00f5igil treeneritel on v\u00f5rdne \u00f5igus oodata oma treenitavatelt reeglite p\u00e4rases v\u00f5istluses edu. M\u00e4rkused, soovitused ja kriitika tuleb esitada otse vastavale inimesele ja nendest tuleb r\u00e4\u00e4kida omavahel, mitte avalikult.<\/p>\n\n\n\n<p><strong>VIII. \u00a0 \u00a0 \u00a0 \u00a0\u00a0Eetikakoodeksi rikkumine<\/strong><\/p>\n\n\n\n<p>Eksimusi eetikakoodeksi suhtes k\u00e4sitletakse treeneri kutsen\u00f5uete rikkumisena.<\/p>\n","protected":false},"excerpt":{"rendered":"<p>Eetikakoodeks on kinnitatud Sihtasutus Kutsekoda poolt.Uuendatud 19. november 2019 \u00dcLDS\u00c4TTED&nbsp; I. \u00a0 \u00a0 \u00a0 \u00a0\u00a0Eetikakoodeksi reguleerimisala\u00a0 (1) Eetikakoodeks s\u00e4testab n\u00f5uded treenerite t\u00f6\u00f6eetikale ning k\u00e4itumisele.(2) Eetikakoodeks kehtib k\u00f5ikide Eesti Vabariigi treenerite suhtes, s\u00f5ltumata asukohast.(3) \u00a0Treeneri eetikan\u00f5uded kehtivad k\u00f5igil oskuste ja p\u00e4devuste<\/p>\n","protected":false},"author":1,"featured_media":0,"parent":3674,"menu_order":0,"comment_status":"closed","ping_status":"closed","template":"","meta":{"footnotes":""},"class_list":["post-5056","page","type-page","status-publish","hentry"],"yoast_head":"<!-- This site is optimized with the Yoast SEO plugin v24.1 - https:\/\/yoast.com\/wordpress\/plugins\/seo\/ -->\n<title>Treenerite eetikakoodeks - EESTI TAEKWONDO LIIT<\/title>\n<meta name=\"robots\" content=\"index, follow, max-snippet:-1, max-image-preview:large, max-video-preview:-1\" \/>\n<link rel=\"canonical\" href=\"https:\/\/tkd.ee\/itf\/et\/organisatsioon\/dokumendid\/treenerite-eetikakoodeks\/\" \/>\n<meta property=\"og:locale\" content=\"et_EE\" \/>\n<meta property=\"og:type\" content=\"article\" \/>\n<meta property=\"og:title\" content=\"Treenerite eetikakoodeks - EESTI TAEKWONDO LIIT\" \/>\n<meta property=\"og:description\" content=\"Eetikakoodeks on kinnitatud Sihtasutus Kutsekoda poolt.Uuendatud 19. november 2019 \u00dcLDS\u00c4TTED&nbsp; I. \u00a0 \u00a0 \u00a0 \u00a0\u00a0Eetikakoodeksi reguleerimisala\u00a0 (1) Eetikakoodeks s\u00e4testab n\u00f5uded treenerite t\u00f6\u00f6eetikale ning k\u00e4itumisele.(2) Eetikakoodeks kehtib k\u00f5ikide Eesti Vabariigi treenerite suhtes, s\u00f5ltumata asukohast.(3) \u00a0Treeneri eetikan\u00f5uded kehtivad k\u00f5igil oskuste ja p\u00e4devuste\" \/>\n<meta property=\"og:url\" content=\"https:\/\/tkd.ee\/itf\/et\/organisatsioon\/dokumendid\/treenerite-eetikakoodeks\/\" \/>\n<meta property=\"og:site_name\" content=\"EESTI TAEKWONDO LIIT\" \/>\n<meta name=\"twitter:card\" content=\"summary_large_image\" \/>\n<meta name=\"twitter:label1\" content=\"Est. reading time\" \/>\n\t<meta name=\"twitter:data1\" content=\"3 minutit\" \/>\n<script type=\"application\/ld+json\" class=\"yoast-schema-graph\">{\"@context\":\"https:\/\/schema.org\",\"@graph\":[{\"@type\":\"WebPage\",\"@id\":\"https:\/\/tkd.ee\/itf\/et\/organisatsioon\/dokumendid\/treenerite-eetikakoodeks\/\",\"url\":\"https:\/\/tkd.ee\/itf\/et\/organisatsioon\/dokumendid\/treenerite-eetikakoodeks\/\",\"name\":\"Treenerite eetikakoodeks - EESTI TAEKWONDO LIIT\",\"isPartOf\":{\"@id\":\"https:\/\/tkd.ee\/itf\/#website\"},\"datePublished\":\"2023-11-28T08:25:33+00:00\",\"dateModified\":\"2023-11-28T08:25:33+00:00\",\"breadcrumb\":{\"@id\":\"https:\/\/tkd.ee\/itf\/et\/organisatsioon\/dokumendid\/treenerite-eetikakoodeks\/#breadcrumb\"},\"inLanguage\":\"et\",\"potentialAction\":[{\"@type\":\"ReadAction\",\"target\":[\"https:\/\/tkd.ee\/itf\/et\/organisatsioon\/dokumendid\/treenerite-eetikakoodeks\/\"]}]},{\"@type\":\"BreadcrumbList\",\"@id\":\"https:\/\/tkd.ee\/itf\/et\/organisatsioon\/dokumendid\/treenerite-eetikakoodeks\/#breadcrumb\",\"itemListElement\":[{\"@type\":\"ListItem\",\"position\":1,\"name\":\"Home\",\"item\":\"https:\/\/tkd.ee\/itf\/et\/\"},{\"@type\":\"ListItem\",\"position\":2,\"name\":\"Organisatsioon\",\"item\":\"https:\/\/tkd.ee\/itf\/et\/organisatsioon\/\"},{\"@type\":\"ListItem\",\"position\":3,\"name\":\"Dokumendid\",\"item\":\"https:\/\/tkd.ee\/itf\/et\/organisatsioon\/dokumendid\/\"},{\"@type\":\"ListItem\",\"position\":4,\"name\":\"Treenerite eetikakoodeks\"}]},{\"@type\":\"WebSite\",\"@id\":\"https:\/\/tkd.ee\/itf\/#website\",\"url\":\"https:\/\/tkd.ee\/itf\/\",\"name\":\"EESTI TAEKWONDO LIIT\",\"description\":\"Balanced development and fair play\",\"publisher\":{\"@id\":\"https:\/\/tkd.ee\/itf\/#organization\"},\"potentialAction\":[{\"@type\":\"SearchAction\",\"target\":{\"@type\":\"EntryPoint\",\"urlTemplate\":\"https:\/\/tkd.ee\/itf\/?s={search_term_string}\"},\"query-input\":{\"@type\":\"PropertyValueSpecification\",\"valueRequired\":true,\"valueName\":\"search_term_string\"}}],\"inLanguage\":\"et\"},{\"@type\":\"Organization\",\"@id\":\"https:\/\/tkd.ee\/itf\/#organization\",\"name\":\"Eesti Taekwondo Liit\",\"url\":\"https:\/\/tkd.ee\/itf\/\",\"logo\":{\"@type\":\"ImageObject\",\"inLanguage\":\"et\",\"@id\":\"https:\/\/tkd.ee\/itf\/#\/schema\/logo\/image\/\",\"url\":\"https:\/\/tkd.ee\/itf\/wp-content\/uploads\/2020\/11\/itf-logo-1.png\",\"contentUrl\":\"https:\/\/tkd.ee\/itf\/wp-content\/uploads\/2020\/11\/itf-logo-1.png\",\"width\":540,\"height\":540,\"caption\":\"Eesti Taekwondo Liit\"},\"image\":{\"@id\":\"https:\/\/tkd.ee\/itf\/#\/schema\/logo\/image\/\"}}]}<\/script>\n<!-- \/ Yoast SEO plugin. -->","yoast_head_json":{"title":"Treenerite eetikakoodeks - EESTI TAEKWONDO LIIT","robots":{"index":"index","follow":"follow","max-snippet":"max-snippet:-1","max-image-preview":"max-image-preview:large","max-video-preview":"max-video-preview:-1"},"canonical":"https:\/\/tkd.ee\/itf\/et\/organisatsioon\/dokumendid\/treenerite-eetikakoodeks\/","og_locale":"et_EE","og_type":"article","og_title":"Treenerite eetikakoodeks - EESTI TAEKWONDO LIIT","og_description":"Eetikakoodeks on kinnitatud Sihtasutus Kutsekoda poolt.Uuendatud 19. november 2019 \u00dcLDS\u00c4TTED&nbsp; I. \u00a0 \u00a0 \u00a0 \u00a0\u00a0Eetikakoodeksi reguleerimisala\u00a0 (1) Eetikakoodeks s\u00e4testab n\u00f5uded treenerite t\u00f6\u00f6eetikale ning k\u00e4itumisele.(2) Eetikakoodeks kehtib k\u00f5ikide Eesti Vabariigi treenerite suhtes, s\u00f5ltumata asukohast.(3) \u00a0Treeneri eetikan\u00f5uded kehtivad k\u00f5igil oskuste ja p\u00e4devuste","og_url":"https:\/\/tkd.ee\/itf\/et\/organisatsioon\/dokumendid\/treenerite-eetikakoodeks\/","og_site_name":"EESTI TAEKWONDO LIIT","twitter_card":"summary_large_image","twitter_misc":{"Est. reading time":"3 minutit"},"schema":{"@context":"https:\/\/schema.org","@graph":[{"@type":"WebPage","@id":"https:\/\/tkd.ee\/itf\/et\/organisatsioon\/dokumendid\/treenerite-eetikakoodeks\/","url":"https:\/\/tkd.ee\/itf\/et\/organisatsioon\/dokumendid\/treenerite-eetikakoodeks\/","name":"Treenerite eetikakoodeks - EESTI TAEKWONDO LIIT","isPartOf":{"@id":"https:\/\/tkd.ee\/itf\/#website"},"datePublished":"2023-11-28T08:25:33+00:00","dateModified":"2023-11-28T08:25:33+00:00","breadcrumb":{"@id":"https:\/\/tkd.ee\/itf\/et\/organisatsioon\/dokumendid\/treenerite-eetikakoodeks\/#breadcrumb"},"inLanguage":"et","potentialAction":[{"@type":"ReadAction","target":["https:\/\/tkd.ee\/itf\/et\/organisatsioon\/dokumendid\/treenerite-eetikakoodeks\/"]}]},{"@type":"BreadcrumbList","@id":"https:\/\/tkd.ee\/itf\/et\/organisatsioon\/dokumendid\/treenerite-eetikakoodeks\/#breadcrumb","itemListElement":[{"@type":"ListItem","position":1,"name":"Home","item":"https:\/\/tkd.ee\/itf\/et\/"},{"@type":"ListItem","position":2,"name":"Organisatsioon","item":"https:\/\/tkd.ee\/itf\/et\/organisatsioon\/"},{"@type":"ListItem","position":3,"name":"Dokumendid","item":"https:\/\/tkd.ee\/itf\/et\/organisatsioon\/dokumendid\/"},{"@type":"ListItem","position":4,"name":"Treenerite eetikakoodeks"}]},{"@type":"WebSite","@id":"https:\/\/tkd.ee\/itf\/#website","url":"https:\/\/tkd.ee\/itf\/","name":"EESTI TAEKWONDO LIIT","description":"Balanced development and fair play","publisher":{"@id":"https:\/\/tkd.ee\/itf\/#organization"},"potentialAction":[{"@type":"SearchAction","target":{"@type":"EntryPoint","urlTemplate":"https:\/\/tkd.ee\/itf\/?s={search_term_string}"},"query-input":{"@type":"PropertyValueSpecification","valueRequired":true,"valueName":"search_term_string"}}],"inLanguage":"et"},{"@type":"Organization","@id":"https:\/\/tkd.ee\/itf\/#organization","name":"Eesti Taekwondo Liit","url":"https:\/\/tkd.ee\/itf\/","logo":{"@type":"ImageObject","inLanguage":"et","@id":"https:\/\/tkd.ee\/itf\/#\/schema\/logo\/image\/","url":"https:\/\/tkd.ee\/itf\/wp-content\/uploads\/2020\/11\/itf-logo-1.png","contentUrl":"https:\/\/tkd.ee\/itf\/wp-content\/uploads\/2020\/11\/itf-logo-1.png","width":540,"height":540,"caption":"Eesti Taekwondo Liit"},"image":{"@id":"https:\/\/tkd.ee\/itf\/#\/schema\/logo\/image\/"}}]}},"builder_content":"","_links":{"self":[{"href":"https:\/\/tkd.ee\/itf\/wp-json\/wp\/v2\/pages\/5056"}],"collection":[{"href":"https:\/\/tkd.ee\/itf\/wp-json\/wp\/v2\/pages"}],"about":[{"href":"https:\/\/tkd.ee\/itf\/wp-json\/wp\/v2\/types\/page"}],"author":[{"embeddable":true,"href":"https:\/\/tkd.ee\/itf\/wp-json\/wp\/v2\/users\/1"}],"replies":[{"embeddable":true,"href":"https:\/\/tkd.ee\/itf\/wp-json\/wp\/v2\/comments?post=5056"}],"version-history":[{"count":2,"href":"https:\/\/tkd.ee\/itf\/wp-json\/wp\/v2\/pages\/5056\/revisions"}],"predecessor-version":[{"id":5058,"href":"https:\/\/tkd.ee\/itf\/wp-json\/wp\/v2\/pages\/5056\/revisions\/5058"}],"up":[{"embeddable":true,"href":"https:\/\/tkd.ee\/itf\/wp-json\/wp\/v2\/pages\/3674"}],"wp:attachment":[{"href":"https:\/\/tkd.ee\/itf\/wp-json\/wp\/v2\/media?parent=5056"}],"curies":[{"name":"wp","href":"https:\/\/api.w.org\/{rel}","templated":true}]}}