{"id":5086,"date":"2023-11-28T12:27:00","date_gmt":"2023-11-28T09:27:00","guid":{"rendered":"https:\/\/tkd.ee\/itf\/?page_id=5086"},"modified":"2023-11-28T12:27:00","modified_gmt":"2023-11-28T09:27:00","slug":"hea-juhtimise-tava-spordiorganisatsioonis","status":"publish","type":"page","link":"https:\/\/tkd.ee\/itf\/ru\/%d0%be%d1%80%d0%b3%d0%b0%d0%bd%d0%b8%d0%b7%d0%b0%d1%86%d0%b8%d1%8f\/%d0%b4%d0%be%d0%ba%d1%83%d0%bc%d0%b5%d0%bd%d1%82%d1%8b\/hea-juhtimise-tava-spordiorganisatsioonis\/","title":{"rendered":"Hea juhtimise tava spordiorganisatsioonis"},"content":{"rendered":"<!-- wp:themify-builder\/canvas \/-->\n\n\n<p>Spordikorraldus Eestis on rajatud riigi keskv\u00f5imu ja kohalike omavalitsuste ning spordiorganisatsioonide \u00fchistele eesm\u00e4rkidele, koost\u00f6\u00f6le ja tegevusrollide jaotusele. Spordiorganisatsioonid on avalikule sektorile vastutustundlikud partnerid ja t\u00e4idavad Eesti Vabariigis kehtivaid konventsioone, seadusi ning teisi \u00f5igusakte. Spordiorganisatsioonide tegevuse p\u00f5hiprintsiibid on ausus, avatus, \u00f5iglus ja usaldusv\u00e4\u00e4rsus.<\/p>\n\n\n\n<p><strong>1. Spordiorganisatsiooni visioon, missioon ja strateegiline arengukava<\/strong><\/p>\n\n\n\n<p>1.1 Spordiorganisatsiooni visioonina on selgelt s\u00f5nastatud suunda n\u00e4itavad strateegilised p\u00fc\u00fcdlused ja kavatsused. Missioon kajastab peamist, mida spordiorganisatsioon soovib korda saata ning v\u00e4\u00e4rtusi, mille toel seda tehakse. Strateegiline arengukava on koostatud v\u00e4hemalt nelja-aastaseks perioodiks, see p\u00f5hineb visioonil ja missioonil ning seda ajakohastatakse regulaarselt.<br>1.2 Visiooni ja missiooni s\u00f5nastusettepanek ning strateegiline arengukava on v\u00e4lja&nbsp;t\u00f6\u00f6tatud spordiorganisatsiooni juhtide eestvedamisel ja on heaks kiidetud spordiorganisatsiooni k\u00f5rgeima juhtorgani poolt. Visiooni ja missiooni tutvustatakse sihtr\u00fchmadele ja avalikkusele.<\/p>\n\n\n\n<p><strong>2. Juriidilise isiku staatus, spordiorganisatsioon ja tema liikmeskond<\/strong><\/p>\n\n\n\n<p>2.1. Spordiorganisatsioon on aktiivselt ja reaalselt tegutsev era\u00f5iguslik juriidiline isik, kelle p\u00f5hikirjaliselt s\u00e4testatud eesm\u00e4rgiks on spordi arendamine. Spordiorganisatsioon tegutseb kas:<\/p>\n\n\n\n<ul class=\"wp-block-list\">\n<li>spordiklubina \u2013 era\u00f5igusliku juriidilise isikuna, kelle p\u00f5hitegevus on sport. Spordiklubi liikmeteks on klubi tegevustest huvitatud ja tegevuses osalevad isikud<\/li>\n\n\n\n<li>maakonna ja linna spordiliiduna \u2013 maakonnas v\u00f5i linnas tegutsevate spordiklubide \u00fchendusena, kes on rahvusliku ol\u00fcmpiakomitee liige. Maakonna ja linna spordiliidu liikmeteks on selles maakonnas v\u00f5i linnas tegutsevad spordiklubid. Maakonna ja linna spordiliidu eesm\u00e4rk on koondada oma liikmeskonda enamus selle maakonna v\u00f5i linna klubidest.<\/li>\n\n\n\n<li>spordialaliiduna \u2013 spordialaga tegelevate klubide \u00fcleriigiline \u00fchendus, kes on vastava rahvusvahelise spordialaliidu ja rahvusliku ol\u00fcmpiakomitee liige. Spordialaliidu liikmeteks on vastava spordialaga tegelevad spordiklubid.Spordialaliidu eesm\u00e4rk on koondada oma liikmeskonda enamus seda spordiala harrastavatest klubidest.<\/li>\n<\/ul>\n\n\n\n<ul class=\"wp-block-list\">\n<li>spordi\u00fchendusena \u2013 kindlas spordivaldkonnas v\u00f5i piirkonnas tegelevate&nbsp;isikute \u00fchendus. Spordi\u00fchenduse liikmeteks on selle spordi valdkonnaga v\u00f5i&nbsp;sihtr\u00fchmaga v\u00f5i piirkonnas tegelevad juriidilised ja f\u00fc\u00fcsilised isikud.<\/li>\n\n\n\n<li>rahvusliku ol\u00fcmpiakomiteena \u2013 Rahvusvahelise Ol\u00fcmpiakomitee poolt&nbsp;tunnustatud \u00fcleriigiline \u00fchendus, kes \u00fchendab ja esindab Eesti spordiliikumist. Rahvusliku ol\u00fcmpiakomitee liikmeteks on spordialaliidud, maakonna spordiliidud ja spordi\u00fchen-dused ning Ol\u00fcmpiaharta alusel f\u00fc\u00fcsilised isikud.<\/li>\n<\/ul>\n\n\n\n<p>2.2. Spordiorganisatsioon on kantud Eesti spordiregistrisse ning ajakohastab seaduses etten\u00e4htud korras andmeid.<\/p>\n\n\n\n<p><strong>3. Spordiorganisatsiooni reeglid, struktuur ja juhtimine<\/strong><\/p>\n\n\n\n<p>3.1. Spordiorganisatsiooni p\u00f5hikiri, selle sisu ja struktuur ning kinnitamise, muutmise ja t\u00e4iendamise reeglid vastavad Eesti Vabariigi seadustele ning rahvusvaheliselt tunnustatud normidele.<br>3.2. Spordiorganisatsiooni juhtorganid, nende struktuur ja koosseis vastavad tegevuse eesm\u00e4rgile, ulatusele ning liikmeskonnale.<br>3.3. Juhtorganid, nende moodustamise alused, nendesse kuuluvate liikmete arv, volituste periood, \u00fclesanded, \u00f5igused ja kohustused on s\u00e4testatud spordiorganisatsiooni p\u00f5hikirjas.<br>3.4. Spordiorganisatsiooni juhtorganid stimuleerivad uute kandidaatide esilekerkimist juhtisikute valimistel.<br>3.5. Spordiorganisatsiooni juhtorganite otsused p\u00f5hinevad p\u00f5hjalikul eelt\u00f6\u00f6l ja asjakohasel informatsioonil. Otsustest teavitatakse liikmeskonda. K\u00f5ikidel spordiorganisatsiooni liikmetel on \u00f5igus teha ettepanekuid, olla kaasatud teemade t\u00f5statamisel.<br>3.6. Spordiorganisatsiooni juhtorganitesse kuuluvad isikud on oma otsuste langetamisel s\u00f5ltumatud. Otsustamisel ei osale isik, kellel on otsusega seoses isiklikud huvid. Igasuguste huvide konfliktide v\u00e4listamiseks on spordiorganisatsioonil kehtestatud selged reeglid.<\/p>\n\n\n\n<p><strong>4. Juhtisikute p\u00e4devus, ausus ja eetiline k\u00e4itumine<\/strong><\/p>\n\n\n\n<p>4.1. Spordiorganisatsiooni juhtorganite liikmed valitakse v\u00f5i m\u00e4\u00e4ratakse l\u00e4htuvalt nende v\u00f5imetest ja oskustest, p\u00e4devusest, isiku- ja juhiomadustest ning kogemustest. Vajadusel kaasatakse spordiorganisatsiooni juhtimisel v\u00e4liseid eksperte.<br>4.2. Spordiorganisatsiooni tegevametikohtadel t\u00f6\u00f6tavate isikute t\u00f6\u00f6le v\u00f5tmine toimub objektiivsete kriteeriumite alusel avatult ja l\u00e4bipaistvalt ning tegevametikohtadele on kehtestatud ametijuhendid.<br>4.3. Spordiorganisatsioonis on kehtestatud selged ja piisavad reeglid esindus\u00f5iguse kasutamiseks ja otsuste l\u00e4bipaistvuse tagamiseks.<br>4.4. Spordiorganisatsiooni juhatuse liikmed on etten\u00e4htud korras ja kogu volituste kehtivuse perioodiks kantud mittetulundus\u00fchingute ja sihtasutuste registrikaardile.<br>4.5. Spordiorganisatsioon soodustab oma valitud ja m\u00e4\u00e4ratud juhtide, t\u00f6\u00f6tajate ning vabatahtlike eneset\u00e4iendamist. Spordiorganisatsioon korraldab vastavalt v\u00f5imalustele neile regulaarseid koolitusi.<br>4.6. Spordiorganisatsioon j\u00e4rgib rahvusvaheliselt ja siseriiklikult tunnustatud eetilise k\u00e4itumise p\u00f5him\u00f5tteid ja reegleid.<br>4.7. Spordiorganisatsiooni valitud v\u00f5i m\u00e4\u00e4ratud juhtorgani liige peatab oma volitused ja tegevuse koheselt arvates kohtum\u00e4\u00e4ruse tegemisest tema s\u00fc\u00fcdistatavana kohtu alla andmise kohta. Volitused taastuvad tema suhtes \u00f5igeksm\u00f5istva kohtuotsuse j\u00f5ustumisel. S\u00fc\u00fcdim\u00f5istva kohtuotsuse j\u00f5ustumisel on s\u00fc\u00fcdim\u00f5istetu kohustatud koheselt esitama avalduse tema tagasikutsumiseks juhtorganist, tema poolt vastava avalduse mitteesitamisel on spordiorganisatsioonil \u00f5igus ja kohustus ta juhtorganist koheselt tagasi kutsuda.<br>4.8. Spordiorganisatsioon korraldab oma tegevust ja \u00fchtsust toetavat&nbsp;kommunikatsiooni.<\/p>\n\n\n\n<p><strong>5. Aruandekohustus, l\u00e4bipaistvus ja j\u00e4relevalve<\/strong><\/p>\n\n\n\n<p>5.1. Finantsaruandlust ja \u2013raporteid koostatakse ning esitatakse ja j\u00e4relevalvet teostatakse j\u00e4rgides seadustes ja teistes \u00f5igusaktides ning p\u00f5hikirjas etten\u00e4htud korda.<br>5.2. Spordiorganisatsioonis on kehtestatud sisemine kontroll rahaliste otsuste ja operatsioonide \u00fcle. Spordiorganisatsioonis on loodud s\u00fcsteem otsuste vastuv\u00f5tmiseks, dokumentide koostamiseks ja s\u00e4ilitamiseks, informatsiooni turvaliseks hoidmiseks. Sisemise kontrolli struktuur tuleneb organisatsiooni tegevusulatusest ja -mahtudest.<br>5.3. Spordiorganisatsioonil on vajadusel loodud v\u00e4hemalt kaheastmeline liikmetevaheliste erimeelsuste lahendamise kord.<\/p>\n\n\n\n<p><strong>6. Liikmesklubide, sportlaste ja harrastajate tegevustesse kaasamine<\/strong><br><br>6.1. Spordiorganisatsioon tagab reeglitel ja juhenditel p\u00f5hineva \u00f5iglase kohtlemise k\u00f5igile oma aktiivselt tegutsevatele liikmetele, sportlastele ja harrastajatele ning v\u00e4listab igasuguse diskrimineerimise s\u00f5ltumata mh soost, vanusest, rahvusest v\u00f5ierivajadustest.<br>6.2. Spordiorganisatsioon j\u00e4rgib p\u00f5him\u00f5tteid, mis v\u00e4hendavad ohtu harrastajate tervisele.<br>6.3. Spordiorganisatsioon v\u00f5itleb spordis keelatud ainete ja meetodite kasutamise vastu, j\u00e4rgib dopinguvastast poliitikat ja regulatsioone. Spordiorganisatsioonis kehtib null-tolerants dopingu suhtes. Spordiorganisatsioon kaitseb sportlasi dopingukasutamise eest eelk\u00f5ige ennetava tegevuse ja dopingukontrollide kaudu.<br>6.4. Spordiorganisatsioon tegutseb sporditulemustega manipuleerimise v\u00e4listamiseks, teeb vajadusel igak\u00fclgset koost\u00f6\u00f6d j\u00e4relevalveorganitega.<\/p>\n","protected":false},"excerpt":{"rendered":"<p>Spordikorraldus Eestis on rajatud riigi keskv\u00f5imu ja kohalike omavalitsuste ning spordiorganisatsioonide \u00fchistele eesm\u00e4rkidele, koost\u00f6\u00f6le ja tegevusrollide jaotusele. Spordiorganisatsioonid on avalikule sektorile vastutustundlikud partnerid ja t\u00e4idavad Eesti Vabariigis kehtivaid konventsioone, seadusi ning teisi \u00f5igusakte. Spordiorganisatsioonide tegevuse p\u00f5hiprintsiibid on ausus, avatus, \u00f5iglus<\/p>\n","protected":false},"author":1,"featured_media":0,"parent":3676,"menu_order":0,"comment_status":"closed","ping_status":"closed","template":"","meta":{"footnotes":""},"class_list":["post-5086","page","type-page","status-publish","hentry"],"yoast_head":"<!-- This site is optimized with the Yoast SEO plugin v24.1 - https:\/\/yoast.com\/wordpress\/plugins\/seo\/ -->\n<title>Hea juhtimise tava spordiorganisatsioonis - EESTI TAEKWONDO LIIT<\/title>\n<meta name=\"robots\" content=\"index, follow, max-snippet:-1, max-image-preview:large, max-video-preview:-1\" \/>\n<link rel=\"canonical\" href=\"https:\/\/tkd.ee\/itf\/ru\/\u043e\u0440\u0433\u0430\u043d\u0438\u0437\u0430\u0446\u0438\u044f\/\u0434\u043e\u043a\u0443\u043c\u0435\u043d\u0442\u044b\/hea-juhtimise-tava-spordiorganisatsioonis\/\" \/>\n<meta property=\"og:locale\" content=\"et_EE\" \/>\n<meta property=\"og:type\" content=\"article\" \/>\n<meta property=\"og:title\" content=\"Hea juhtimise tava spordiorganisatsioonis - EESTI TAEKWONDO LIIT\" \/>\n<meta property=\"og:description\" content=\"Spordikorraldus Eestis on rajatud riigi keskv\u00f5imu ja kohalike omavalitsuste ning spordiorganisatsioonide \u00fchistele eesm\u00e4rkidele, koost\u00f6\u00f6le ja tegevusrollide jaotusele. Spordiorganisatsioonid on avalikule sektorile vastutustundlikud partnerid ja t\u00e4idavad Eesti Vabariigis kehtivaid konventsioone, seadusi ning teisi \u00f5igusakte. Spordiorganisatsioonide tegevuse p\u00f5hiprintsiibid on ausus, avatus, \u00f5iglus\" \/>\n<meta property=\"og:url\" content=\"https:\/\/tkd.ee\/itf\/ru\/\u043e\u0440\u0433\u0430\u043d\u0438\u0437\u0430\u0446\u0438\u044f\/\u0434\u043e\u043a\u0443\u043c\u0435\u043d\u0442\u044b\/hea-juhtimise-tava-spordiorganisatsioonis\/\" \/>\n<meta property=\"og:site_name\" content=\"EESTI TAEKWONDO LIIT\" \/>\n<meta name=\"twitter:card\" content=\"summary_large_image\" \/>\n<meta name=\"twitter:label1\" content=\"Est. reading time\" \/>\n\t<meta name=\"twitter:data1\" content=\"5 minutit\" \/>\n<script type=\"application\/ld+json\" class=\"yoast-schema-graph\">{\"@context\":\"https:\/\/schema.org\",\"@graph\":[{\"@type\":\"WebPage\",\"@id\":\"https:\/\/tkd.ee\/itf\/ru\/%d0%be%d1%80%d0%b3%d0%b0%d0%bd%d0%b8%d0%b7%d0%b0%d1%86%d0%b8%d1%8f\/%d0%b4%d0%be%d0%ba%d1%83%d0%bc%d0%b5%d0%bd%d1%82%d1%8b\/hea-juhtimise-tava-spordiorganisatsioonis\/\",\"url\":\"https:\/\/tkd.ee\/itf\/ru\/%d0%be%d1%80%d0%b3%d0%b0%d0%bd%d0%b8%d0%b7%d0%b0%d1%86%d0%b8%d1%8f\/%d0%b4%d0%be%d0%ba%d1%83%d0%bc%d0%b5%d0%bd%d1%82%d1%8b\/hea-juhtimise-tava-spordiorganisatsioonis\/\",\"name\":\"Hea juhtimise tava spordiorganisatsioonis - EESTI TAEKWONDO LIIT\",\"isPartOf\":{\"@id\":\"https:\/\/tkd.ee\/itf\/#website\"},\"datePublished\":\"2023-11-28T09:27:00+00:00\",\"dateModified\":\"2023-11-28T09:27:00+00:00\",\"breadcrumb\":{\"@id\":\"https:\/\/tkd.ee\/itf\/ru\/%d0%be%d1%80%d0%b3%d0%b0%d0%bd%d0%b8%d0%b7%d0%b0%d1%86%d0%b8%d1%8f\/%d0%b4%d0%be%d0%ba%d1%83%d0%bc%d0%b5%d0%bd%d1%82%d1%8b\/hea-juhtimise-tava-spordiorganisatsioonis\/#breadcrumb\"},\"inLanguage\":\"et\",\"potentialAction\":[{\"@type\":\"ReadAction\",\"target\":[\"https:\/\/tkd.ee\/itf\/ru\/%d0%be%d1%80%d0%b3%d0%b0%d0%bd%d0%b8%d0%b7%d0%b0%d1%86%d0%b8%d1%8f\/%d0%b4%d0%be%d0%ba%d1%83%d0%bc%d0%b5%d0%bd%d1%82%d1%8b\/hea-juhtimise-tava-spordiorganisatsioonis\/\"]}]},{\"@type\":\"BreadcrumbList\",\"@id\":\"https:\/\/tkd.ee\/itf\/ru\/%d0%be%d1%80%d0%b3%d0%b0%d0%bd%d0%b8%d0%b7%d0%b0%d1%86%d0%b8%d1%8f\/%d0%b4%d0%be%d0%ba%d1%83%d0%bc%d0%b5%d0%bd%d1%82%d1%8b\/hea-juhtimise-tava-spordiorganisatsioonis\/#breadcrumb\",\"itemListElement\":[{\"@type\":\"ListItem\",\"position\":1,\"name\":\"Home\",\"item\":\"https:\/\/tkd.ee\/itf\/et\/\"},{\"@type\":\"ListItem\",\"position\":2,\"name\":\"\u041e\u0440\u0433\u0430\u043d\u0438\u0437\u0430\u0446\u0438\u044f\",\"item\":\"https:\/\/tkd.ee\/itf\/ru\/%d0%be%d1%80%d0%b3%d0%b0%d0%bd%d0%b8%d0%b7%d0%b0%d1%86%d0%b8%d1%8f\/\"},{\"@type\":\"ListItem\",\"position\":3,\"name\":\"\u0414\u043e\u043a\u0443\u043c\u0435\u043d\u0442\u044b\",\"item\":\"https:\/\/tkd.ee\/itf\/ru\/%d0%be%d1%80%d0%b3%d0%b0%d0%bd%d0%b8%d0%b7%d0%b0%d1%86%d0%b8%d1%8f\/%d0%b4%d0%be%d0%ba%d1%83%d0%bc%d0%b5%d0%bd%d1%82%d1%8b\/\"},{\"@type\":\"ListItem\",\"position\":4,\"name\":\"Hea juhtimise tava spordiorganisatsioonis\"}]},{\"@type\":\"WebSite\",\"@id\":\"https:\/\/tkd.ee\/itf\/#website\",\"url\":\"https:\/\/tkd.ee\/itf\/\",\"name\":\"EESTI TAEKWONDO LIIT\",\"description\":\"Balanced development and fair play\",\"publisher\":{\"@id\":\"https:\/\/tkd.ee\/itf\/#organization\"},\"potentialAction\":[{\"@type\":\"SearchAction\",\"target\":{\"@type\":\"EntryPoint\",\"urlTemplate\":\"https:\/\/tkd.ee\/itf\/?s={search_term_string}\"},\"query-input\":{\"@type\":\"PropertyValueSpecification\",\"valueRequired\":true,\"valueName\":\"search_term_string\"}}],\"inLanguage\":\"et\"},{\"@type\":\"Organization\",\"@id\":\"https:\/\/tkd.ee\/itf\/#organization\",\"name\":\"Eesti Taekwondo Liit\",\"url\":\"https:\/\/tkd.ee\/itf\/\",\"logo\":{\"@type\":\"ImageObject\",\"inLanguage\":\"et\",\"@id\":\"https:\/\/tkd.ee\/itf\/#\/schema\/logo\/image\/\",\"url\":\"https:\/\/tkd.ee\/itf\/wp-content\/uploads\/2020\/11\/itf-logo-1.png\",\"contentUrl\":\"https:\/\/tkd.ee\/itf\/wp-content\/uploads\/2020\/11\/itf-logo-1.png\",\"width\":540,\"height\":540,\"caption\":\"Eesti Taekwondo Liit\"},\"image\":{\"@id\":\"https:\/\/tkd.ee\/itf\/#\/schema\/logo\/image\/\"}}]}<\/script>\n<!-- \/ Yoast SEO plugin. -->","yoast_head_json":{"title":"Hea juhtimise tava spordiorganisatsioonis - EESTI TAEKWONDO LIIT","robots":{"index":"index","follow":"follow","max-snippet":"max-snippet:-1","max-image-preview":"max-image-preview:large","max-video-preview":"max-video-preview:-1"},"canonical":"https:\/\/tkd.ee\/itf\/ru\/\u043e\u0440\u0433\u0430\u043d\u0438\u0437\u0430\u0446\u0438\u044f\/\u0434\u043e\u043a\u0443\u043c\u0435\u043d\u0442\u044b\/hea-juhtimise-tava-spordiorganisatsioonis\/","og_locale":"et_EE","og_type":"article","og_title":"Hea juhtimise tava spordiorganisatsioonis - EESTI TAEKWONDO LIIT","og_description":"Spordikorraldus Eestis on rajatud riigi keskv\u00f5imu ja kohalike omavalitsuste ning spordiorganisatsioonide \u00fchistele eesm\u00e4rkidele, koost\u00f6\u00f6le ja tegevusrollide jaotusele. Spordiorganisatsioonid on avalikule sektorile vastutustundlikud partnerid ja t\u00e4idavad Eesti Vabariigis kehtivaid konventsioone, seadusi ning teisi \u00f5igusakte. Spordiorganisatsioonide tegevuse p\u00f5hiprintsiibid on ausus, avatus, \u00f5iglus","og_url":"https:\/\/tkd.ee\/itf\/ru\/\u043e\u0440\u0433\u0430\u043d\u0438\u0437\u0430\u0446\u0438\u044f\/\u0434\u043e\u043a\u0443\u043c\u0435\u043d\u0442\u044b\/hea-juhtimise-tava-spordiorganisatsioonis\/","og_site_name":"EESTI TAEKWONDO LIIT","twitter_card":"summary_large_image","twitter_misc":{"Est. reading time":"5 minutit"},"schema":{"@context":"https:\/\/schema.org","@graph":[{"@type":"WebPage","@id":"https:\/\/tkd.ee\/itf\/ru\/%d0%be%d1%80%d0%b3%d0%b0%d0%bd%d0%b8%d0%b7%d0%b0%d1%86%d0%b8%d1%8f\/%d0%b4%d0%be%d0%ba%d1%83%d0%bc%d0%b5%d0%bd%d1%82%d1%8b\/hea-juhtimise-tava-spordiorganisatsioonis\/","url":"https:\/\/tkd.ee\/itf\/ru\/%d0%be%d1%80%d0%b3%d0%b0%d0%bd%d0%b8%d0%b7%d0%b0%d1%86%d0%b8%d1%8f\/%d0%b4%d0%be%d0%ba%d1%83%d0%bc%d0%b5%d0%bd%d1%82%d1%8b\/hea-juhtimise-tava-spordiorganisatsioonis\/","name":"Hea juhtimise tava spordiorganisatsioonis - EESTI TAEKWONDO LIIT","isPartOf":{"@id":"https:\/\/tkd.ee\/itf\/#website"},"datePublished":"2023-11-28T09:27:00+00:00","dateModified":"2023-11-28T09:27:00+00:00","breadcrumb":{"@id":"https:\/\/tkd.ee\/itf\/ru\/%d0%be%d1%80%d0%b3%d0%b0%d0%bd%d0%b8%d0%b7%d0%b0%d1%86%d0%b8%d1%8f\/%d0%b4%d0%be%d0%ba%d1%83%d0%bc%d0%b5%d0%bd%d1%82%d1%8b\/hea-juhtimise-tava-spordiorganisatsioonis\/#breadcrumb"},"inLanguage":"et","potentialAction":[{"@type":"ReadAction","target":["https:\/\/tkd.ee\/itf\/ru\/%d0%be%d1%80%d0%b3%d0%b0%d0%bd%d0%b8%d0%b7%d0%b0%d1%86%d0%b8%d1%8f\/%d0%b4%d0%be%d0%ba%d1%83%d0%bc%d0%b5%d0%bd%d1%82%d1%8b\/hea-juhtimise-tava-spordiorganisatsioonis\/"]}]},{"@type":"BreadcrumbList","@id":"https:\/\/tkd.ee\/itf\/ru\/%d0%be%d1%80%d0%b3%d0%b0%d0%bd%d0%b8%d0%b7%d0%b0%d1%86%d0%b8%d1%8f\/%d0%b4%d0%be%d0%ba%d1%83%d0%bc%d0%b5%d0%bd%d1%82%d1%8b\/hea-juhtimise-tava-spordiorganisatsioonis\/#breadcrumb","itemListElement":[{"@type":"ListItem","position":1,"name":"Home","item":"https:\/\/tkd.ee\/itf\/et\/"},{"@type":"ListItem","position":2,"name":"\u041e\u0440\u0433\u0430\u043d\u0438\u0437\u0430\u0446\u0438\u044f","item":"https:\/\/tkd.ee\/itf\/ru\/%d0%be%d1%80%d0%b3%d0%b0%d0%bd%d0%b8%d0%b7%d0%b0%d1%86%d0%b8%d1%8f\/"},{"@type":"ListItem","position":3,"name":"\u0414\u043e\u043a\u0443\u043c\u0435\u043d\u0442\u044b","item":"https:\/\/tkd.ee\/itf\/ru\/%d0%be%d1%80%d0%b3%d0%b0%d0%bd%d0%b8%d0%b7%d0%b0%d1%86%d0%b8%d1%8f\/%d0%b4%d0%be%d0%ba%d1%83%d0%bc%d0%b5%d0%bd%d1%82%d1%8b\/"},{"@type":"ListItem","position":4,"name":"Hea juhtimise tava spordiorganisatsioonis"}]},{"@type":"WebSite","@id":"https:\/\/tkd.ee\/itf\/#website","url":"https:\/\/tkd.ee\/itf\/","name":"EESTI TAEKWONDO LIIT","description":"Balanced development and fair play","publisher":{"@id":"https:\/\/tkd.ee\/itf\/#organization"},"potentialAction":[{"@type":"SearchAction","target":{"@type":"EntryPoint","urlTemplate":"https:\/\/tkd.ee\/itf\/?s={search_term_string}"},"query-input":{"@type":"PropertyValueSpecification","valueRequired":true,"valueName":"search_term_string"}}],"inLanguage":"et"},{"@type":"Organization","@id":"https:\/\/tkd.ee\/itf\/#organization","name":"Eesti Taekwondo Liit","url":"https:\/\/tkd.ee\/itf\/","logo":{"@type":"ImageObject","inLanguage":"et","@id":"https:\/\/tkd.ee\/itf\/#\/schema\/logo\/image\/","url":"https:\/\/tkd.ee\/itf\/wp-content\/uploads\/2020\/11\/itf-logo-1.png","contentUrl":"https:\/\/tkd.ee\/itf\/wp-content\/uploads\/2020\/11\/itf-logo-1.png","width":540,"height":540,"caption":"Eesti Taekwondo Liit"},"image":{"@id":"https:\/\/tkd.ee\/itf\/#\/schema\/logo\/image\/"}}]}},"builder_content":"","_links":{"self":[{"href":"https:\/\/tkd.ee\/itf\/wp-json\/wp\/v2\/pages\/5086"}],"collection":[{"href":"https:\/\/tkd.ee\/itf\/wp-json\/wp\/v2\/pages"}],"about":[{"href":"https:\/\/tkd.ee\/itf\/wp-json\/wp\/v2\/types\/page"}],"author":[{"embeddable":true,"href":"https:\/\/tkd.ee\/itf\/wp-json\/wp\/v2\/users\/1"}],"replies":[{"embeddable":true,"href":"https:\/\/tkd.ee\/itf\/wp-json\/wp\/v2\/comments?post=5086"}],"version-history":[{"count":1,"href":"https:\/\/tkd.ee\/itf\/wp-json\/wp\/v2\/pages\/5086\/revisions"}],"predecessor-version":[{"id":5087,"href":"https:\/\/tkd.ee\/itf\/wp-json\/wp\/v2\/pages\/5086\/revisions\/5087"}],"up":[{"embeddable":true,"href":"https:\/\/tkd.ee\/itf\/wp-json\/wp\/v2\/pages\/3676"}],"wp:attachment":[{"href":"https:\/\/tkd.ee\/itf\/wp-json\/wp\/v2\/media?parent=5086"}],"curies":[{"name":"wp","href":"https:\/\/api.w.org\/{rel}","templated":true}]}}