{"id":512,"date":"2016-06-29T20:57:24","date_gmt":"2016-06-29T17:57:24","guid":{"rendered":"http:\/\/uus.tkd.ee\/?page_id=512"},"modified":"2020-11-01T13:25:00","modified_gmt":"2020-11-01T10:25:00","slug":"taekwondo-treeningud-juris","status":"publish","type":"page","link":"https:\/\/tkd.ee\/itf\/et\/treeningud\/taekwondo-treeningud-juris\/","title":{"rendered":"Taekwondo treeningud J\u00fcris"},"content":{"rendered":"<!--themify_builder_content-->\n<div id=\"themify_builder_content-512\" data-postid=\"512\" class=\"themify_builder_content themify_builder_content-512 themify_builder tf_clear\">\n                    <div  data-lazy=\"1\" class=\"module_row themify_builder_row tb_15tw540 tb_first tf_w\">\n                        <div class=\"row_inner col_align_top tb_col_count_2 tf_box tf_rel\">\n                        <div  data-lazy=\"1\" class=\"module_column tb-column col4-3  tb_bba3555 first\">\n                            <div  data-lazy=\"1\" class=\"module_subrow themify_builder_sub_row tf_w col_align_top tb_col_count_2 tb_liat518\">\n                <div  data-lazy=\"1\" class=\"module_column sub_column col4-3  tb_0oqr181 first\">\n                    <!-- module text -->\n<div  class=\"module module-text tb_7nz5905   \" data-lazy=\"1\">\n        <div  class=\"tb_text_wrap\">\n        <h1><a href=\\\"https:\/\/tkd.ee\/itf\/et\/organisatsioon\/klubid\/#row1\\\">J\u00fcri Taekwondo Klubi<\/a><\/h1>    <\/div>\n<\/div>\n<!-- \/module text --><!-- module text -->\n<div  class=\"module module-text tb_6ffy893   \" data-lazy=\"1\">\n        <div  class=\"tb_text_wrap\">\n        <h5>Rae Valla Spordikeskus, Laste 3, J\u00fcri, Harju County, Estonia<\/h5><p><a href=\\\"https:\/\/www.facebook.com\/J%C3%BCri-Taekwondo-klubi\\\">https:\/\/www.facebook.com\/J\u00fcri-Taekwondo-klubi<\/a><br \/><a href=\\\"tel:+37258586158\\\">+37258586158<\/a><br \/><a href=\\\"mailto:dpr2000@mail.ru\\\">dpr2000@mail.ru<\/a><\/p>    <\/div>\n<\/div>\n<!-- \/module text -->        <\/div>\n                    <div  data-lazy=\"1\" class=\"module_column sub_column col4-1  tb_c2sz558 last\">\n                    <!-- module image -->\n<div  class=\"module module-image tb_zty9008 image-center rounded  auto_fullwidth tf_mw\" data-lazy=\"1\">\n        <div class=\"image-wrap tf_rel tf_mw\">\n            <img loading=\"lazy\" decoding=\"async\" width=\"714\" height=\"714\" src=\"https:\/\/tkd.ee\/itf\/wp-content\/uploads\/2020\/11\/Juri-taekwondo-logo.jpg\" class=\"wp-post-image wp-image-4344\" title=\"Juri-taekwondo-logo\" alt=\"Juri-taekwondo-logo\" srcset=\"https:\/\/tkd.ee\/itf\/wp-content\/uploads\/2020\/11\/Juri-taekwondo-logo.jpg 714w, https:\/\/tkd.ee\/itf\/wp-content\/uploads\/2020\/11\/Juri-taekwondo-logo-150x150.jpg 150w, https:\/\/tkd.ee\/itf\/wp-content\/uploads\/2020\/11\/Juri-taekwondo-logo-300x300.jpg 300w, https:\/\/tkd.ee\/itf\/wp-content\/uploads\/2020\/11\/Juri-taekwondo-logo-270x270.jpg 270w, https:\/\/tkd.ee\/itf\/wp-content\/uploads\/2020\/11\/Juri-taekwondo-logo-230x230.jpg 230w, https:\/\/tkd.ee\/itf\/wp-content\/uploads\/2020\/11\/Juri-taekwondo-logo-110x110.jpg 110w\" sizes=\"(max-width: 714px) 100vw, 714px\" \/>    \n        <\/div>\n    <!-- \/image-wrap -->\n    \n        <\/div>\n<!-- \/module image -->        <\/div>\n                    <\/div>\n        <!-- module text -->\n<div  class=\"module module-text tb_dsb1959   \" data-lazy=\"1\">\n        <div  class=\"tb_text_wrap\">\n        \n<table id=\"tablepress-41\" class=\"tablepress tablepress-id-41\">\n<thead>\n<tr class=\"row-1\">\n\t<th class=\"column-1\">Esmasp\u00e4ev<\/th><th class=\"column-2\">Teisip\u00e4ev<\/th><th class=\"column-3\">Kolmap\u00e4ev<\/th><th class=\"column-4\">Neljap\u00e4ev<\/th><th class=\"column-5\">Reede<\/th><th class=\"column-6\">Laup\u00e4ev<\/th>\n<\/tr>\n<\/thead>\n<tbody class=\"row-hover\">\n<tr class=\"row-2\">\n\t<td class=\"column-1\">19:00 - 20:30<\/td><td class=\"column-2\"><\/td><td class=\"column-3\">19:00 - 20:30<\/td><td class=\"column-4\"><\/td><td class=\"column-5\"><\/td><td class=\"column-6\"><\/td>\n<\/tr>\n<tr class=\"row-3\">\n\t<td class=\"column-1\"><\/td><td class=\"column-2\"><\/td><td class=\"column-3\"><\/td><td class=\"column-4\"><\/td><td class=\"column-5\">18:30 - 20:00<\/td><td class=\"column-6\"><\/td>\n<\/tr>\n<\/tbody>\n<\/table>\n<!-- #tablepress-41 from cache -->    <\/div>\n<\/div>\n<!-- \/module text -->        <\/div>\n                    <div  data-lazy=\"1\" class=\"module_column tb-column col4-1  tb_kb1t580 last\">\n                            <\/div>\n                        <\/div>\n        <\/div>\n        <\/div>\n<!--\/themify_builder_content-->","protected":false},"excerpt":{"rendered":"<p>J\u00fcri Taekwondo Klubi Rae Valla Spordikeskus, Laste 3, J\u00fcri, Harju County, Estonia https:\/\/www.facebook.com\/J\u00fcri-Taekwondo-klubi+37258586158dpr2000@mail.ru<\/p>\n","protected":false},"author":1,"featured_media":0,"parent":53,"menu_order":0,"comment_status":"closed","ping_status":"closed","template":"","meta":{"footnotes":""},"class_list":["post-512","page","type-page","status-publish","hentry"],"yoast_head":"<!-- This site is optimized with the Yoast SEO plugin v24.1 - https:\/\/yoast.com\/wordpress\/plugins\/seo\/ -->\n<title>Taekwondo treeningud J\u00fcris - EESTI TAEKWONDO LIIT<\/title>\n<meta name=\"robots\" content=\"index, follow, max-snippet:-1, max-image-preview:large, max-video-preview:-1\" \/>\n<link rel=\"canonical\" href=\"https:\/\/tkd.ee\/itf\/et\/treeningud\/taekwondo-treeningud-juris\/\" \/>\n<meta property=\"og:locale\" content=\"et_EE\" \/>\n<meta property=\"og:type\" content=\"article\" \/>\n<meta property=\"og:title\" content=\"Taekwondo treeningud J\u00fcris - EESTI TAEKWONDO LIIT\" \/>\n<meta property=\"og:description\" content=\"J\u00fcri Taekwondo Klubi Rae Valla Spordikeskus, Laste 3, J\u00fcri, Harju County, Estonia https:\/\/www.facebook.com\/J\u00fcri-Taekwondo-klubi+37258586158dpr2000@mail.ru\" \/>\n<meta property=\"og:url\" content=\"https:\/\/tkd.ee\/itf\/et\/treeningud\/taekwondo-treeningud-juris\/\" \/>\n<meta property=\"og:site_name\" content=\"EESTI TAEKWONDO LIIT\" \/>\n<meta property=\"article:modified_time\" content=\"2020-11-01T10:25:00+00:00\" \/>\n<meta name=\"twitter:card\" content=\"summary_large_image\" \/>\n<script type=\"application\/ld+json\" class=\"yoast-schema-graph\">{\"@context\":\"https:\/\/schema.org\",\"@graph\":[{\"@type\":\"WebPage\",\"@id\":\"https:\/\/tkd.ee\/itf\/et\/treeningud\/taekwondo-treeningud-juris\/\",\"url\":\"https:\/\/tkd.ee\/itf\/et\/treeningud\/taekwondo-treeningud-juris\/\",\"name\":\"Taekwondo treeningud J\u00fcris - EESTI TAEKWONDO LIIT\",\"isPartOf\":{\"@id\":\"https:\/\/tkd.ee\/itf\/#website\"},\"primaryImageOfPage\":{\"@id\":\"https:\/\/tkd.ee\/itf\/et\/treeningud\/taekwondo-treeningud-juris\/#primaryimage\"},\"image\":{\"@id\":\"https:\/\/tkd.ee\/itf\/et\/treeningud\/taekwondo-treeningud-juris\/#primaryimage\"},\"thumbnailUrl\":\"https:\/\/tkd.ee\/itf\/wp-content\/uploads\/2020\/11\/Juri-taekwondo-logo.jpg\",\"datePublished\":\"2016-06-29T17:57:24+00:00\",\"dateModified\":\"2020-11-01T10:25:00+00:00\",\"breadcrumb\":{\"@id\":\"https:\/\/tkd.ee\/itf\/et\/treeningud\/taekwondo-treeningud-juris\/#breadcrumb\"},\"inLanguage\":\"et\",\"potentialAction\":[{\"@type\":\"ReadAction\",\"target\":[\"https:\/\/tkd.ee\/itf\/et\/treeningud\/taekwondo-treeningud-juris\/\"]}]},{\"@type\":\"ImageObject\",\"inLanguage\":\"et\",\"@id\":\"https:\/\/tkd.ee\/itf\/et\/treeningud\/taekwondo-treeningud-juris\/#primaryimage\",\"url\":\"https:\/\/tkd.ee\/itf\/wp-content\/uploads\/2020\/11\/Juri-taekwondo-logo.jpg\",\"contentUrl\":\"https:\/\/tkd.ee\/itf\/wp-content\/uploads\/2020\/11\/Juri-taekwondo-logo.jpg\",\"width\":714,\"height\":714},{\"@type\":\"BreadcrumbList\",\"@id\":\"https:\/\/tkd.ee\/itf\/et\/treeningud\/taekwondo-treeningud-juris\/#breadcrumb\",\"itemListElement\":[{\"@type\":\"ListItem\",\"position\":1,\"name\":\"Home\",\"item\":\"https:\/\/tkd.ee\/itf\/et\/\"},{\"@type\":\"ListItem\",\"position\":2,\"name\":\"Treeningud\",\"item\":\"https:\/\/tkd.ee\/itf\/et\/treeningud\/\"},{\"@type\":\"ListItem\",\"position\":3,\"name\":\"Taekwondo treeningud J\u00fcris\"}]},{\"@type\":\"WebSite\",\"@id\":\"https:\/\/tkd.ee\/itf\/#website\",\"url\":\"https:\/\/tkd.ee\/itf\/\",\"name\":\"EESTI TAEKWONDO LIIT\",\"description\":\"Balanced development and fair play\",\"publisher\":{\"@id\":\"https:\/\/tkd.ee\/itf\/#organization\"},\"potentialAction\":[{\"@type\":\"SearchAction\",\"target\":{\"@type\":\"EntryPoint\",\"urlTemplate\":\"https:\/\/tkd.ee\/itf\/?s={search_term_string}\"},\"query-input\":{\"@type\":\"PropertyValueSpecification\",\"valueRequired\":true,\"valueName\":\"search_term_string\"}}],\"inLanguage\":\"et\"},{\"@type\":\"Organization\",\"@id\":\"https:\/\/tkd.ee\/itf\/#organization\",\"name\":\"Eesti Taekwondo Liit\",\"url\":\"https:\/\/tkd.ee\/itf\/\",\"logo\":{\"@type\":\"ImageObject\",\"inLanguage\":\"et\",\"@id\":\"https:\/\/tkd.ee\/itf\/#\/schema\/logo\/image\/\",\"url\":\"https:\/\/tkd.ee\/itf\/wp-content\/uploads\/2020\/11\/itf-logo-1.png\",\"contentUrl\":\"https:\/\/tkd.ee\/itf\/wp-content\/uploads\/2020\/11\/itf-logo-1.png\",\"width\":540,\"height\":540,\"caption\":\"Eesti Taekwondo Liit\"},\"image\":{\"@id\":\"https:\/\/tkd.ee\/itf\/#\/schema\/logo\/image\/\"}}]}<\/script>\n<!-- \/ Yoast SEO plugin. -->","yoast_head_json":{"title":"Taekwondo treeningud J\u00fcris - EESTI TAEKWONDO LIIT","robots":{"index":"index","follow":"follow","max-snippet":"max-snippet:-1","max-image-preview":"max-image-preview:large","max-video-preview":"max-video-preview:-1"},"canonical":"https:\/\/tkd.ee\/itf\/et\/treeningud\/taekwondo-treeningud-juris\/","og_locale":"et_EE","og_type":"article","og_title":"Taekwondo treeningud J\u00fcris - EESTI TAEKWONDO LIIT","og_description":"J\u00fcri Taekwondo Klubi Rae Valla Spordikeskus, Laste 3, J\u00fcri, Harju County, Estonia https:\/\/www.facebook.com\/J\u00fcri-Taekwondo-klubi+37258586158dpr2000@mail.ru","og_url":"https:\/\/tkd.ee\/itf\/et\/treeningud\/taekwondo-treeningud-juris\/","og_site_name":"EESTI TAEKWONDO LIIT","article_modified_time":"2020-11-01T10:25:00+00:00","twitter_card":"summary_large_image","schema":{"@context":"https:\/\/schema.org","@graph":[{"@type":"WebPage","@id":"https:\/\/tkd.ee\/itf\/et\/treeningud\/taekwondo-treeningud-juris\/","url":"https:\/\/tkd.ee\/itf\/et\/treeningud\/taekwondo-treeningud-juris\/","name":"Taekwondo treeningud J\u00fcris - EESTI TAEKWONDO LIIT","isPartOf":{"@id":"https:\/\/tkd.ee\/itf\/#website"},"primaryImageOfPage":{"@id":"https:\/\/tkd.ee\/itf\/et\/treeningud\/taekwondo-treeningud-juris\/#primaryimage"},"image":{"@id":"https:\/\/tkd.ee\/itf\/et\/treeningud\/taekwondo-treeningud-juris\/#primaryimage"},"thumbnailUrl":"https:\/\/tkd.ee\/itf\/wp-content\/uploads\/2020\/11\/Juri-taekwondo-logo.jpg","datePublished":"2016-06-29T17:57:24+00:00","dateModified":"2020-11-01T10:25:00+00:00","breadcrumb":{"@id":"https:\/\/tkd.ee\/itf\/et\/treeningud\/taekwondo-treeningud-juris\/#breadcrumb"},"inLanguage":"et","potentialAction":[{"@type":"ReadAction","target":["https:\/\/tkd.ee\/itf\/et\/treeningud\/taekwondo-treeningud-juris\/"]}]},{"@type":"ImageObject","inLanguage":"et","@id":"https:\/\/tkd.ee\/itf\/et\/treeningud\/taekwondo-treeningud-juris\/#primaryimage","url":"https:\/\/tkd.ee\/itf\/wp-content\/uploads\/2020\/11\/Juri-taekwondo-logo.jpg","contentUrl":"https:\/\/tkd.ee\/itf\/wp-content\/uploads\/2020\/11\/Juri-taekwondo-logo.jpg","width":714,"height":714},{"@type":"BreadcrumbList","@id":"https:\/\/tkd.ee\/itf\/et\/treeningud\/taekwondo-treeningud-juris\/#breadcrumb","itemListElement":[{"@type":"ListItem","position":1,"name":"Home","item":"https:\/\/tkd.ee\/itf\/et\/"},{"@type":"ListItem","position":2,"name":"Treeningud","item":"https:\/\/tkd.ee\/itf\/et\/treeningud\/"},{"@type":"ListItem","position":3,"name":"Taekwondo treeningud J\u00fcris"}]},{"@type":"WebSite","@id":"https:\/\/tkd.ee\/itf\/#website","url":"https:\/\/tkd.ee\/itf\/","name":"EESTI TAEKWONDO LIIT","description":"Balanced development and fair play","publisher":{"@id":"https:\/\/tkd.ee\/itf\/#organization"},"potentialAction":[{"@type":"SearchAction","target":{"@type":"EntryPoint","urlTemplate":"https:\/\/tkd.ee\/itf\/?s={search_term_string}"},"query-input":{"@type":"PropertyValueSpecification","valueRequired":true,"valueName":"search_term_string"}}],"inLanguage":"et"},{"@type":"Organization","@id":"https:\/\/tkd.ee\/itf\/#organization","name":"Eesti Taekwondo Liit","url":"https:\/\/tkd.ee\/itf\/","logo":{"@type":"ImageObject","inLanguage":"et","@id":"https:\/\/tkd.ee\/itf\/#\/schema\/logo\/image\/","url":"https:\/\/tkd.ee\/itf\/wp-content\/uploads\/2020\/11\/itf-logo-1.png","contentUrl":"https:\/\/tkd.ee\/itf\/wp-content\/uploads\/2020\/11\/itf-logo-1.png","width":540,"height":540,"caption":"Eesti Taekwondo Liit"},"image":{"@id":"https:\/\/tkd.ee\/itf\/#\/schema\/logo\/image\/"}}]}},"builder_content":"<h1><a href=\\\"https:\/\/tkd.ee\/itf\/et\/organisatsioon\/klubid\/#row1\\\">J\u00fcri Taekwondo Klubi<\/a><\/h1>\n<h5>Rae Valla Spordikeskus, Laste 3, J\u00fcri, Harju County, Estonia<\/h5><p><a href=\\\"https:\/\/www.facebook.com\/J%C3%BCri-Taekwondo-klubi\\\">https:\/\/www.facebook.com\/J\u00fcri-Taekwondo-klubi<\/a><br \/><a href=\\\"tel:+37258586158\\\">+37258586158<\/a><br \/><a href=\\\"mailto:dpr2000@mail.ru\\\">dpr2000@mail.ru<\/a><\/p>\n<img src=\"https:\/\/tkd.ee\/itf\/wp-content\/uploads\/2020\/11\/Juri-taekwondo-logo.jpg\" title=\"Juri-taekwondo-logo\" alt=\"Juri-taekwondo-logo\" srcset=\"https:\/\/tkd.ee\/itf\/wp-content\/uploads\/2020\/11\/Juri-taekwondo-logo.jpg 714w, https:\/\/tkd.ee\/itf\/wp-content\/uploads\/2020\/11\/Juri-taekwondo-logo-150x150.jpg 150w, https:\/\/tkd.ee\/itf\/wp-content\/uploads\/2020\/11\/Juri-taekwondo-logo-300x300.jpg 300w, https:\/\/tkd.ee\/itf\/wp-content\/uploads\/2020\/11\/Juri-taekwondo-logo-270x270.jpg 270w, https:\/\/tkd.ee\/itf\/wp-content\/uploads\/2020\/11\/Juri-taekwondo-logo-230x230.jpg 230w, https:\/\/tkd.ee\/itf\/wp-content\/uploads\/2020\/11\/Juri-taekwondo-logo-110x110.jpg 110w\" sizes=\"(max-width: 714px) 100vw, 714px\" \/>\n<p>[table id=41 \/]<\/p>","_links":{"self":[{"href":"https:\/\/tkd.ee\/itf\/wp-json\/wp\/v2\/pages\/512"}],"collection":[{"href":"https:\/\/tkd.ee\/itf\/wp-json\/wp\/v2\/pages"}],"about":[{"href":"https:\/\/tkd.ee\/itf\/wp-json\/wp\/v2\/types\/page"}],"author":[{"embeddable":true,"href":"https:\/\/tkd.ee\/itf\/wp-json\/wp\/v2\/users\/1"}],"replies":[{"embeddable":true,"href":"https:\/\/tkd.ee\/itf\/wp-json\/wp\/v2\/comments?post=512"}],"version-history":[{"count":18,"href":"https:\/\/tkd.ee\/itf\/wp-json\/wp\/v2\/pages\/512\/revisions"}],"predecessor-version":[{"id":4345,"href":"https:\/\/tkd.ee\/itf\/wp-json\/wp\/v2\/pages\/512\/revisions\/4345"}],"up":[{"embeddable":true,"href":"https:\/\/tkd.ee\/itf\/wp-json\/wp\/v2\/pages\/53"}],"wp:attachment":[{"href":"https:\/\/tkd.ee\/itf\/wp-json\/wp\/v2\/media?parent=512"}],"curies":[{"name":"wp","href":"https:\/\/api.w.org\/{rel}","templated":true}]}}