{"id":834,"date":"2016-07-10T21:48:53","date_gmt":"2016-07-10T18:48:53","guid":{"rendered":"http:\/\/uus.tkd.ee\/?page_id=834"},"modified":"2022-12-15T12:37:45","modified_gmt":"2022-12-15T09:37:45","slug":"euroopa-meistivoistlused","status":"publish","type":"page","link":"https:\/\/tkd.ee\/itf\/et\/uritused\/euroopa-meistivoistlused\/","title":{"rendered":"Euroopa Meistiv\u00f5istlused"},"content":{"rendered":"<!--themify_builder_content-->\n<div id=\"themify_builder_content-834\" data-postid=\"834\" class=\"themify_builder_content themify_builder_content-834 themify_builder tf_clear\">\n                    <div  data-lazy=\"1\" class=\"module_row themify_builder_row tb_1meo950 tb_first tf_w\">\n                        <div class=\"row_inner col_align_top tb_col_count_3 tf_box tf_rel\">\n                        <div  data-lazy=\"1\" class=\"module_column tb-column col3-1 tb_vjku951 first\">\n                    <!-- module image -->\n<div  class=\"module module-image tb_jcu4952 image-center   tf_mw\" data-lazy=\"1\">\n        <div class=\"image-wrap tf_rel tf_mw\">\n            <a href=\"https:\/\/tkd.ee\/itf\/wp-content\/uploads\/2018\/03\/TAEKWONDO_EUROPEAN_EITF-1600px.jpg\" class=\"lightbox-builder themify_lightbox\">\n                   <img decoding=\"async\" src=\"https:\/\/tkd.ee\/itf\/wp-content\/uploads\/2018\/03\/TAEKWONDO_EUROPEAN_EITF-1600px-1024x512-500x250.jpg\" height=\"250\" class=\"wp-post-image wp-image-3206\" title=\"2018\" alt=\"26.-29. aprillil toimusid Saku Suurhallis Euroopa meistriv\u00f5istlused viiel alal: sparring, j\u00f5uline purustamine, kompleksharjutused, enesekaitse ja h\u00fcppetehnika. Eesti koondis oli esindatud 51 sportlasega erinevatest linnadest ja spordiklubidest. \u00dchtekokku osales Euroopa meistriv\u00f5istlustel 1200 delegaati 33 riigist.\" srcset=\"https:\/\/tkd.ee\/itf\/wp-content\/uploads\/2018\/03\/TAEKWONDO_EUROPEAN_EITF-1600px-1024x512-500x250.jpg 500w, https:\/\/tkd.ee\/itf\/wp-content\/uploads\/2018\/03\/TAEKWONDO_EUROPEAN_EITF-1600px-300x150.jpg 300w, https:\/\/tkd.ee\/itf\/wp-content\/uploads\/2018\/03\/TAEKWONDO_EUROPEAN_EITF-1600px-768x384.jpg 768w, https:\/\/tkd.ee\/itf\/wp-content\/uploads\/2018\/03\/TAEKWONDO_EUROPEAN_EITF-1600px-1024x512.jpg 1024w, https:\/\/tkd.ee\/itf\/wp-content\/uploads\/2018\/03\/TAEKWONDO_EUROPEAN_EITF-1600px.jpg 1600w\" sizes=\"(max-width: 500px) 100vw, 500px\" \/>        <\/a>\n    \n        <\/div>\n    <!-- \/image-wrap -->\n    \n        <div class=\"image-content\">\n                    <h3 class=\"image-title\">\n                                    <a href=\"https:\/\/tkd.ee\/itf\/wp-content\/uploads\/2018\/03\/TAEKWONDO_EUROPEAN_EITF-1600px.jpg\" class=\"lightbox-builder themify_lightbox\">\n                        2018                    <\/a>\n                            <\/h3>\n                        <div class=\"image-caption tb_text_wrap\">\n            26.-29. aprillil toimusid Saku Suurhallis Euroopa meistriv\u00f5istlused viiel alal: sparring, j\u00f5uline purustamine, kompleksharjutused, enesekaitse ja h\u00fcppetehnika. Eesti koondis oli esindatud 51 sportlasega erinevatest linnadest ja spordiklubidest. \u00dchtekokku osales Euroopa meistriv\u00f5istlustel 1200 delegaati 33 riigist.        <\/div>\n        <!-- \/image-caption -->\n            <\/div>\n    <!-- \/image-content -->\n        <\/div>\n<!-- \/module image -->        <\/div>\n                    <div  data-lazy=\"1\" class=\"module_column tb-column col3-1 tb_e2hj952\">\n                    <!-- module image -->\n<div  class=\"module module-image tb_qs8v952 image-center   tf_mw\" data-lazy=\"1\">\n        <div class=\"image-wrap tf_rel tf_mw\">\n            <a href=\"https:\/\/tkd.ee\/itf\/wp-content\/uploads\/2016\/08\/Euro2011.jpg\" class=\"lightbox-builder themify_lightbox\">\n                   <img decoding=\"async\" src=\"https:\/\/tkd.ee\/itf\/wp-content\/uploads\/2016\/08\/Euro2011-241x250.jpg\" height=\"250\" class=\"wp-post-image wp-image-1265\" title=\"2011\" alt=\"21.-27. veebruaril Tallinnas Eesti Messikeskuses toimusid Euroopa Taekwondo Meistriv\u00f5istlused (ITF). V\u00f5istlustest v\u00f5tsid osa sportlased neljas kategoorias: lapsed, juuniorid, t\u00e4iskasvanud ja veteranid. V\u00f5istlejaid oli enam kui 20 riigist. Osalejad oli Eestist, Austriast, Valgevenest, Belgiast, Bosnia ja Hertsogovinast, Bulgaariast, Horvaatiast, K\u00fcproselt, T\u0161ehhist, Taanist, Inglismaalt, Soomest, Prantsusmaalt, Gruusiast, Saksamaalt, Kreekast, Gr\u00f6\u00f6nimaalt, Itaaliast, L\u00e4tist, Norrast, Poolast, Venemaalt, Rootsist, \u0160veitsist, T\u00fcrgist, Ukrainast.\" srcset=\"https:\/\/tkd.ee\/itf\/wp-content\/uploads\/2016\/08\/Euro2011-241x250.jpg 241w, https:\/\/tkd.ee\/itf\/wp-content\/uploads\/2016\/08\/Euro2011-290x300.jpg 290w, https:\/\/tkd.ee\/itf\/wp-content\/uploads\/2016\/08\/Euro2011-768x794.jpg 768w, https:\/\/tkd.ee\/itf\/wp-content\/uploads\/2016\/08\/Euro2011.jpg 910w\" sizes=\"(max-width: 241px) 100vw, 241px\" \/>        <\/a>\n    \n        <\/div>\n    <!-- \/image-wrap -->\n    \n        <div class=\"image-content\">\n                    <h3 class=\"image-title\">\n                                    <a href=\"https:\/\/tkd.ee\/itf\/wp-content\/uploads\/2016\/08\/Euro2011.jpg\" class=\"lightbox-builder themify_lightbox\">\n                        2011                    <\/a>\n                            <\/h3>\n                        <div class=\"image-caption tb_text_wrap\">\n            21.-27. veebruaril Tallinnas Eesti Messikeskuses toimusid Euroopa Taekwondo Meistriv\u00f5istlused (ITF). V\u00f5istlustest v\u00f5tsid osa sportlased neljas kategoorias: lapsed, juuniorid, t\u00e4iskasvanud ja veteranid. V\u00f5istlejaid oli enam kui 20 riigist. Osalejad oli Eestist, Austriast, Valgevenest, Belgiast, Bosnia ja Hertsogovinast, Bulgaariast, Horvaatiast, K\u00fcproselt, T\u0161ehhist, Taanist, Inglismaalt, Soomest, Prantsusmaalt, Gruusiast, Saksamaalt, Kreekast, Gr\u00f6\u00f6nimaalt, Itaaliast, L\u00e4tist, Norrast, Poolast, Venemaalt, Rootsist, \u0160veitsist, T\u00fcrgist, Ukrainast.        <\/div>\n        <!-- \/image-caption -->\n            <\/div>\n    <!-- \/image-content -->\n        <\/div>\n<!-- \/module image -->        <\/div>\n                    <div  data-lazy=\"1\" class=\"module_column tb-column col3-1 tb_p9f3952 last\">\n                    <!-- module image -->\n<div  class=\"module module-image tb_8ty5952 image-center   tf_mw\" data-lazy=\"1\">\n        <div class=\"image-wrap tf_rel tf_mw\">\n            <a href=\"https:\/\/tkd.ee\/itf\/wp-content\/uploads\/2016\/08\/eu2007-745x1024.jpg\" class=\"lightbox-builder themify_lightbox\">\n                   <img loading=\"lazy\" decoding=\"async\" src=\"https:\/\/tkd.ee\/itf\/wp-content\/uploads\/2016\/08\/eu2007-e1671096880955-745x1024-250x343.jpg\" width=\"250\" height=\"343\" class=\"wp-post-image wp-image-1492\" title=\"2007\" alt=\"19.-21. oktoobril toimusid Tallinnas Saku Suurhallis Euroopa Taekwondo Meistriv\u00f5istlused (ITF). Osalejaid oli enam kui 30-st riigist. See oli esimene suur Taekwondo turniir Eesti Taekwondo Liidu jaoks, mis sai korraldatud nii k\u00f5rgel tasemel.\" srcset=\"https:\/\/tkd.ee\/itf\/wp-content\/uploads\/2016\/08\/eu2007-e1671096880955-745x1024-250x343.jpg 250w, https:\/\/tkd.ee\/itf\/wp-content\/uploads\/2016\/08\/eu2007-e1671096880955-218x300.jpg 218w, https:\/\/tkd.ee\/itf\/wp-content\/uploads\/2016\/08\/eu2007-e1671096880955-768x1056.jpg 768w, https:\/\/tkd.ee\/itf\/wp-content\/uploads\/2016\/08\/eu2007-e1671096880955-745x1024.jpg 745w, https:\/\/tkd.ee\/itf\/wp-content\/uploads\/2016\/08\/eu2007-e1671096880955-1117x1536.jpg 1117w, https:\/\/tkd.ee\/itf\/wp-content\/uploads\/2016\/08\/eu2007-e1671096880955-1489x2048.jpg 1489w\" sizes=\"(max-width: 250px) 100vw, 250px\" \/>        <\/a>\n    \n        <\/div>\n    <!-- \/image-wrap -->\n    \n        <div class=\"image-content\">\n                    <h3 class=\"image-title\">\n                                    <a href=\"https:\/\/tkd.ee\/itf\/wp-content\/uploads\/2016\/08\/eu2007-745x1024.jpg\" class=\"lightbox-builder themify_lightbox\">\n                        2007                    <\/a>\n                            <\/h3>\n                        <div class=\"image-caption tb_text_wrap\">\n            19.-21. oktoobril toimusid Tallinnas Saku Suurhallis Euroopa Taekwondo Meistriv\u00f5istlused (ITF). Osalejaid oli enam kui 30-st riigist. See oli esimene suur Taekwondo turniir Eesti Taekwondo Liidu jaoks, mis sai korraldatud nii k\u00f5rgel tasemel.        <\/div>\n        <!-- \/image-caption -->\n            <\/div>\n    <!-- \/image-content -->\n        <\/div>\n<!-- \/module image -->        <\/div>\n                        <\/div>\n        <\/div>\n        <\/div>\n<!--\/themify_builder_content-->","protected":false},"excerpt":{"rendered":"<p>2018 26.-29. aprillil toimusid Saku Suurhallis Euroopa meistriv\u00f5istlused viiel alal: sparring, j\u00f5uline purustamine, kompleksharjutused, enesekaitse ja h\u00fcppetehnika. Eesti koondis oli esindatud 51 sportlasega erinevatest linnadest ja spordiklubidest. \u00dchtekokku osales Euroopa meistriv\u00f5istlustel 1200 delegaati 33 riigist. 2011 21.-27. veebruaril Tallinnas Eesti<\/p>\n","protected":false},"author":1,"featured_media":0,"parent":48,"menu_order":0,"comment_status":"closed","ping_status":"closed","template":"","meta":{"footnotes":""},"class_list":["post-834","page","type-page","status-publish","hentry"],"yoast_head":"<!-- This site is optimized with the Yoast SEO plugin v24.1 - https:\/\/yoast.com\/wordpress\/plugins\/seo\/ -->\n<title>Euroopa Meistiv\u00f5istlused - EESTI TAEKWONDO LIIT<\/title>\n<meta name=\"robots\" content=\"index, follow, max-snippet:-1, max-image-preview:large, max-video-preview:-1\" \/>\n<link rel=\"canonical\" href=\"https:\/\/tkd.ee\/itf\/et\/uritused\/euroopa-meistivoistlused\/\" \/>\n<meta property=\"og:locale\" content=\"et_EE\" \/>\n<meta property=\"og:type\" content=\"article\" \/>\n<meta property=\"og:title\" content=\"Euroopa Meistiv\u00f5istlused - EESTI TAEKWONDO LIIT\" \/>\n<meta property=\"og:description\" content=\"2018 26.-29. aprillil toimusid Saku Suurhallis Euroopa meistriv\u00f5istlused viiel alal: sparring, j\u00f5uline purustamine, kompleksharjutused, enesekaitse ja h\u00fcppetehnika. Eesti koondis oli esindatud 51 sportlasega erinevatest linnadest ja spordiklubidest. \u00dchtekokku osales Euroopa meistriv\u00f5istlustel 1200 delegaati 33 riigist. 2011 21.-27. veebruaril Tallinnas Eesti\" \/>\n<meta property=\"og:url\" content=\"https:\/\/tkd.ee\/itf\/et\/uritused\/euroopa-meistivoistlused\/\" \/>\n<meta property=\"og:site_name\" content=\"EESTI TAEKWONDO LIIT\" \/>\n<meta property=\"article:modified_time\" content=\"2022-12-15T09:37:45+00:00\" \/>\n<meta name=\"twitter:card\" content=\"summary_large_image\" \/>\n<meta name=\"twitter:label1\" content=\"Est. reading time\" \/>\n\t<meta name=\"twitter:data1\" content=\"1 minut\" \/>\n<script type=\"application\/ld+json\" class=\"yoast-schema-graph\">{\"@context\":\"https:\/\/schema.org\",\"@graph\":[{\"@type\":\"WebPage\",\"@id\":\"https:\/\/tkd.ee\/itf\/et\/uritused\/euroopa-meistivoistlused\/\",\"url\":\"https:\/\/tkd.ee\/itf\/et\/uritused\/euroopa-meistivoistlused\/\",\"name\":\"Euroopa Meistiv\u00f5istlused - EESTI TAEKWONDO LIIT\",\"isPartOf\":{\"@id\":\"https:\/\/tkd.ee\/itf\/#website\"},\"primaryImageOfPage\":{\"@id\":\"https:\/\/tkd.ee\/itf\/et\/uritused\/euroopa-meistivoistlused\/#primaryimage\"},\"image\":{\"@id\":\"https:\/\/tkd.ee\/itf\/et\/uritused\/euroopa-meistivoistlused\/#primaryimage\"},\"thumbnailUrl\":\"https:\/\/tkd.ee\/itf\/wp-content\/uploads\/2018\/03\/TAEKWONDO_EUROPEAN_EITF-1600px-1024x512-500x250.jpg\",\"datePublished\":\"2016-07-10T18:48:53+00:00\",\"dateModified\":\"2022-12-15T09:37:45+00:00\",\"breadcrumb\":{\"@id\":\"https:\/\/tkd.ee\/itf\/et\/uritused\/euroopa-meistivoistlused\/#breadcrumb\"},\"inLanguage\":\"et\",\"potentialAction\":[{\"@type\":\"ReadAction\",\"target\":[\"https:\/\/tkd.ee\/itf\/et\/uritused\/euroopa-meistivoistlused\/\"]}]},{\"@type\":\"ImageObject\",\"inLanguage\":\"et\",\"@id\":\"https:\/\/tkd.ee\/itf\/et\/uritused\/euroopa-meistivoistlused\/#primaryimage\",\"url\":\"https:\/\/tkd.ee\/itf\/wp-content\/uploads\/2018\/03\/TAEKWONDO_EUROPEAN_EITF-1600px.jpg\",\"contentUrl\":\"https:\/\/tkd.ee\/itf\/wp-content\/uploads\/2018\/03\/TAEKWONDO_EUROPEAN_EITF-1600px.jpg\",\"width\":1600,\"height\":800},{\"@type\":\"BreadcrumbList\",\"@id\":\"https:\/\/tkd.ee\/itf\/et\/uritused\/euroopa-meistivoistlused\/#breadcrumb\",\"itemListElement\":[{\"@type\":\"ListItem\",\"position\":1,\"name\":\"Home\",\"item\":\"https:\/\/tkd.ee\/itf\/et\/\"},{\"@type\":\"ListItem\",\"position\":2,\"name\":\"\u00dcritused\",\"item\":\"https:\/\/tkd.ee\/itf\/et\/uritused\/\"},{\"@type\":\"ListItem\",\"position\":3,\"name\":\"Euroopa Meistiv\u00f5istlused\"}]},{\"@type\":\"WebSite\",\"@id\":\"https:\/\/tkd.ee\/itf\/#website\",\"url\":\"https:\/\/tkd.ee\/itf\/\",\"name\":\"EESTI TAEKWONDO LIIT\",\"description\":\"Balanced development and fair play\",\"publisher\":{\"@id\":\"https:\/\/tkd.ee\/itf\/#organization\"},\"potentialAction\":[{\"@type\":\"SearchAction\",\"target\":{\"@type\":\"EntryPoint\",\"urlTemplate\":\"https:\/\/tkd.ee\/itf\/?s={search_term_string}\"},\"query-input\":{\"@type\":\"PropertyValueSpecification\",\"valueRequired\":true,\"valueName\":\"search_term_string\"}}],\"inLanguage\":\"et\"},{\"@type\":\"Organization\",\"@id\":\"https:\/\/tkd.ee\/itf\/#organization\",\"name\":\"Eesti Taekwondo Liit\",\"url\":\"https:\/\/tkd.ee\/itf\/\",\"logo\":{\"@type\":\"ImageObject\",\"inLanguage\":\"et\",\"@id\":\"https:\/\/tkd.ee\/itf\/#\/schema\/logo\/image\/\",\"url\":\"https:\/\/tkd.ee\/itf\/wp-content\/uploads\/2020\/11\/itf-logo-1.png\",\"contentUrl\":\"https:\/\/tkd.ee\/itf\/wp-content\/uploads\/2020\/11\/itf-logo-1.png\",\"width\":540,\"height\":540,\"caption\":\"Eesti Taekwondo Liit\"},\"image\":{\"@id\":\"https:\/\/tkd.ee\/itf\/#\/schema\/logo\/image\/\"}}]}<\/script>\n<!-- \/ Yoast SEO plugin. -->","yoast_head_json":{"title":"Euroopa Meistiv\u00f5istlused - EESTI TAEKWONDO LIIT","robots":{"index":"index","follow":"follow","max-snippet":"max-snippet:-1","max-image-preview":"max-image-preview:large","max-video-preview":"max-video-preview:-1"},"canonical":"https:\/\/tkd.ee\/itf\/et\/uritused\/euroopa-meistivoistlused\/","og_locale":"et_EE","og_type":"article","og_title":"Euroopa Meistiv\u00f5istlused - EESTI TAEKWONDO LIIT","og_description":"2018 26.-29. aprillil toimusid Saku Suurhallis Euroopa meistriv\u00f5istlused viiel alal: sparring, j\u00f5uline purustamine, kompleksharjutused, enesekaitse ja h\u00fcppetehnika. Eesti koondis oli esindatud 51 sportlasega erinevatest linnadest ja spordiklubidest. \u00dchtekokku osales Euroopa meistriv\u00f5istlustel 1200 delegaati 33 riigist. 2011 21.-27. veebruaril Tallinnas Eesti","og_url":"https:\/\/tkd.ee\/itf\/et\/uritused\/euroopa-meistivoistlused\/","og_site_name":"EESTI TAEKWONDO LIIT","article_modified_time":"2022-12-15T09:37:45+00:00","twitter_card":"summary_large_image","twitter_misc":{"Est. reading time":"1 minut"},"schema":{"@context":"https:\/\/schema.org","@graph":[{"@type":"WebPage","@id":"https:\/\/tkd.ee\/itf\/et\/uritused\/euroopa-meistivoistlused\/","url":"https:\/\/tkd.ee\/itf\/et\/uritused\/euroopa-meistivoistlused\/","name":"Euroopa Meistiv\u00f5istlused - EESTI TAEKWONDO LIIT","isPartOf":{"@id":"https:\/\/tkd.ee\/itf\/#website"},"primaryImageOfPage":{"@id":"https:\/\/tkd.ee\/itf\/et\/uritused\/euroopa-meistivoistlused\/#primaryimage"},"image":{"@id":"https:\/\/tkd.ee\/itf\/et\/uritused\/euroopa-meistivoistlused\/#primaryimage"},"thumbnailUrl":"https:\/\/tkd.ee\/itf\/wp-content\/uploads\/2018\/03\/TAEKWONDO_EUROPEAN_EITF-1600px-1024x512-500x250.jpg","datePublished":"2016-07-10T18:48:53+00:00","dateModified":"2022-12-15T09:37:45+00:00","breadcrumb":{"@id":"https:\/\/tkd.ee\/itf\/et\/uritused\/euroopa-meistivoistlused\/#breadcrumb"},"inLanguage":"et","potentialAction":[{"@type":"ReadAction","target":["https:\/\/tkd.ee\/itf\/et\/uritused\/euroopa-meistivoistlused\/"]}]},{"@type":"ImageObject","inLanguage":"et","@id":"https:\/\/tkd.ee\/itf\/et\/uritused\/euroopa-meistivoistlused\/#primaryimage","url":"https:\/\/tkd.ee\/itf\/wp-content\/uploads\/2018\/03\/TAEKWONDO_EUROPEAN_EITF-1600px.jpg","contentUrl":"https:\/\/tkd.ee\/itf\/wp-content\/uploads\/2018\/03\/TAEKWONDO_EUROPEAN_EITF-1600px.jpg","width":1600,"height":800},{"@type":"BreadcrumbList","@id":"https:\/\/tkd.ee\/itf\/et\/uritused\/euroopa-meistivoistlused\/#breadcrumb","itemListElement":[{"@type":"ListItem","position":1,"name":"Home","item":"https:\/\/tkd.ee\/itf\/et\/"},{"@type":"ListItem","position":2,"name":"\u00dcritused","item":"https:\/\/tkd.ee\/itf\/et\/uritused\/"},{"@type":"ListItem","position":3,"name":"Euroopa Meistiv\u00f5istlused"}]},{"@type":"WebSite","@id":"https:\/\/tkd.ee\/itf\/#website","url":"https:\/\/tkd.ee\/itf\/","name":"EESTI TAEKWONDO LIIT","description":"Balanced development and fair play","publisher":{"@id":"https:\/\/tkd.ee\/itf\/#organization"},"potentialAction":[{"@type":"SearchAction","target":{"@type":"EntryPoint","urlTemplate":"https:\/\/tkd.ee\/itf\/?s={search_term_string}"},"query-input":{"@type":"PropertyValueSpecification","valueRequired":true,"valueName":"search_term_string"}}],"inLanguage":"et"},{"@type":"Organization","@id":"https:\/\/tkd.ee\/itf\/#organization","name":"Eesti Taekwondo Liit","url":"https:\/\/tkd.ee\/itf\/","logo":{"@type":"ImageObject","inLanguage":"et","@id":"https:\/\/tkd.ee\/itf\/#\/schema\/logo\/image\/","url":"https:\/\/tkd.ee\/itf\/wp-content\/uploads\/2020\/11\/itf-logo-1.png","contentUrl":"https:\/\/tkd.ee\/itf\/wp-content\/uploads\/2020\/11\/itf-logo-1.png","width":540,"height":540,"caption":"Eesti Taekwondo Liit"},"image":{"@id":"https:\/\/tkd.ee\/itf\/#\/schema\/logo\/image\/"}}]}},"builder_content":"<a href=\"https:\/\/tkd.ee\/itf\/wp-content\/uploads\/2018\/03\/TAEKWONDO_EUROPEAN_EITF-1600px.jpg\"> <img src=\"https:\/\/tkd.ee\/itf\/wp-content\/uploads\/2018\/03\/TAEKWONDO_EUROPEAN_EITF-1600px-1024x512-500x250.jpg\" height=\"250\" title=\"2018\" alt=\"26.-29. aprillil toimusid Saku Suurhallis Euroopa meistriv\u00f5istlused viiel alal: sparring, j\u00f5uline purustamine, kompleksharjutused, enesekaitse ja h\u00fcppetehnika. Eesti koondis oli esindatud 51 sportlasega erinevatest linnadest ja spordiklubidest. \u00dchtekokku osales Euroopa meistriv\u00f5istlustel 1200 delegaati 33 riigist.\" srcset=\"https:\/\/tkd.ee\/itf\/wp-content\/uploads\/2018\/03\/TAEKWONDO_EUROPEAN_EITF-1600px-1024x512-500x250.jpg 500w, https:\/\/tkd.ee\/itf\/wp-content\/uploads\/2018\/03\/TAEKWONDO_EUROPEAN_EITF-1600px-300x150.jpg 300w, https:\/\/tkd.ee\/itf\/wp-content\/uploads\/2018\/03\/TAEKWONDO_EUROPEAN_EITF-1600px-768x384.jpg 768w, https:\/\/tkd.ee\/itf\/wp-content\/uploads\/2018\/03\/TAEKWONDO_EUROPEAN_EITF-1600px-1024x512.jpg 1024w, https:\/\/tkd.ee\/itf\/wp-content\/uploads\/2018\/03\/TAEKWONDO_EUROPEAN_EITF-1600px.jpg 1600w\" sizes=\"(max-width: 500px) 100vw, 500px\" \/> <\/a> <h3> <a href=\"https:\/\/tkd.ee\/itf\/wp-content\/uploads\/2018\/03\/TAEKWONDO_EUROPEAN_EITF-1600px.jpg\"> 2018 <\/a> <\/h3> 26.-29. aprillil toimusid Saku Suurhallis Euroopa meistriv\u00f5istlused viiel alal: sparring, j\u00f5uline purustamine, kompleksharjutused, enesekaitse ja h\u00fcppetehnika. Eesti koondis oli esindatud 51 sportlasega erinevatest linnadest ja spordiklubidest. \u00dchtekokku osales Euroopa meistriv\u00f5istlustel 1200 delegaati 33 riigist.\n<a href=\"https:\/\/tkd.ee\/itf\/wp-content\/uploads\/2016\/08\/Euro2011.jpg\"> <img src=\"https:\/\/tkd.ee\/itf\/wp-content\/uploads\/2016\/08\/Euro2011-241x250.jpg\" height=\"250\" title=\"2011\" alt=\"21.-27. veebruaril Tallinnas Eesti Messikeskuses toimusid Euroopa Taekwondo Meistriv\u00f5istlused (ITF). V\u00f5istlustest v\u00f5tsid osa sportlased neljas kategoorias: lapsed, juuniorid, t\u00e4iskasvanud ja veteranid. V\u00f5istlejaid oli enam kui 20 riigist. Osalejad oli Eestist, Austriast, Valgevenest, Belgiast, Bosnia ja Hertsogovinast, Bulgaariast, Horvaatiast, K\u00fcproselt, T\u0161ehhist, Taanist, Inglismaalt, Soomest, Prantsusmaalt, Gruusiast, Saksamaalt, Kreekast, Gr\u00f6\u00f6nimaalt, Itaaliast, L\u00e4tist, Norrast, Poolast, Venemaalt, Rootsist, \u0160veitsist, T\u00fcrgist, Ukrainast.\" srcset=\"https:\/\/tkd.ee\/itf\/wp-content\/uploads\/2016\/08\/Euro2011-241x250.jpg 241w, https:\/\/tkd.ee\/itf\/wp-content\/uploads\/2016\/08\/Euro2011-290x300.jpg 290w, https:\/\/tkd.ee\/itf\/wp-content\/uploads\/2016\/08\/Euro2011-768x794.jpg 768w, https:\/\/tkd.ee\/itf\/wp-content\/uploads\/2016\/08\/Euro2011.jpg 910w\" sizes=\"(max-width: 241px) 100vw, 241px\" \/> <\/a> <h3> <a href=\"https:\/\/tkd.ee\/itf\/wp-content\/uploads\/2016\/08\/Euro2011.jpg\"> 2011 <\/a> <\/h3> 21.-27. veebruaril Tallinnas Eesti Messikeskuses toimusid Euroopa Taekwondo Meistriv\u00f5istlused (ITF). V\u00f5istlustest v\u00f5tsid osa sportlased neljas kategoorias: lapsed, juuniorid, t\u00e4iskasvanud ja veteranid. V\u00f5istlejaid oli enam kui 20 riigist. Osalejad oli Eestist, Austriast, Valgevenest, Belgiast, Bosnia ja Hertsogovinast, Bulgaariast, Horvaatiast, K\u00fcproselt, T\u0161ehhist, Taanist, Inglismaalt, Soomest, Prantsusmaalt, Gruusiast, Saksamaalt, Kreekast, Gr\u00f6\u00f6nimaalt, Itaaliast, L\u00e4tist, Norrast, Poolast, Venemaalt, Rootsist, \u0160veitsist, T\u00fcrgist, Ukrainast.\n<a href=\"https:\/\/tkd.ee\/itf\/wp-content\/uploads\/2016\/08\/eu2007-745x1024.jpg\"> <img src=\"https:\/\/tkd.ee\/itf\/wp-content\/uploads\/2016\/08\/eu2007-e1671096880955-745x1024-250x343.jpg\" width=\"250\" height=\"343\" title=\"2007\" alt=\"19.-21. oktoobril toimusid Tallinnas Saku Suurhallis Euroopa Taekwondo Meistriv\u00f5istlused (ITF). Osalejaid oli enam kui 30-st riigist. See oli esimene suur Taekwondo turniir Eesti Taekwondo Liidu jaoks, mis sai korraldatud nii k\u00f5rgel tasemel.\" srcset=\"https:\/\/tkd.ee\/itf\/wp-content\/uploads\/2016\/08\/eu2007-e1671096880955-745x1024-250x343.jpg 250w, https:\/\/tkd.ee\/itf\/wp-content\/uploads\/2016\/08\/eu2007-e1671096880955-218x300.jpg 218w, https:\/\/tkd.ee\/itf\/wp-content\/uploads\/2016\/08\/eu2007-e1671096880955-768x1056.jpg 768w, https:\/\/tkd.ee\/itf\/wp-content\/uploads\/2016\/08\/eu2007-e1671096880955-745x1024.jpg 745w, https:\/\/tkd.ee\/itf\/wp-content\/uploads\/2016\/08\/eu2007-e1671096880955-1117x1536.jpg 1117w, https:\/\/tkd.ee\/itf\/wp-content\/uploads\/2016\/08\/eu2007-e1671096880955-1489x2048.jpg 1489w\" sizes=\"(max-width: 250px) 100vw, 250px\" \/> <\/a> <h3> <a href=\"https:\/\/tkd.ee\/itf\/wp-content\/uploads\/2016\/08\/eu2007-745x1024.jpg\"> 2007 <\/a> <\/h3> 19.-21. oktoobril toimusid Tallinnas Saku Suurhallis Euroopa Taekwondo Meistriv\u00f5istlused (ITF). Osalejaid oli enam kui 30-st riigist. See oli esimene suur Taekwondo turniir Eesti Taekwondo Liidu jaoks, mis sai korraldatud nii k\u00f5rgel tasemel.","_links":{"self":[{"href":"https:\/\/tkd.ee\/itf\/wp-json\/wp\/v2\/pages\/834"}],"collection":[{"href":"https:\/\/tkd.ee\/itf\/wp-json\/wp\/v2\/pages"}],"about":[{"href":"https:\/\/tkd.ee\/itf\/wp-json\/wp\/v2\/types\/page"}],"author":[{"embeddable":true,"href":"https:\/\/tkd.ee\/itf\/wp-json\/wp\/v2\/users\/1"}],"replies":[{"embeddable":true,"href":"https:\/\/tkd.ee\/itf\/wp-json\/wp\/v2\/comments?post=834"}],"version-history":[{"count":23,"href":"https:\/\/tkd.ee\/itf\/wp-json\/wp\/v2\/pages\/834\/revisions"}],"predecessor-version":[{"id":4890,"href":"https:\/\/tkd.ee\/itf\/wp-json\/wp\/v2\/pages\/834\/revisions\/4890"}],"up":[{"embeddable":true,"href":"https:\/\/tkd.ee\/itf\/wp-json\/wp\/v2\/pages\/48"}],"wp:attachment":[{"href":"https:\/\/tkd.ee\/itf\/wp-json\/wp\/v2\/media?parent=834"}],"curies":[{"name":"wp","href":"https:\/\/api.w.org\/{rel}","templated":true}]}}