{"id":86,"date":"2016-04-25T22:47:25","date_gmt":"2016-04-25T19:47:25","guid":{"rendered":"http:\/\/uus.tkd.ee\/?page_id=86"},"modified":"2025-09-07T18:20:37","modified_gmt":"2025-09-07T15:20:37","slug":"juhatus","status":"publish","type":"page","link":"https:\/\/tkd.ee\/itf\/et\/organisatsioon\/juhatus\/","title":{"rendered":"Juhatus"},"content":{"rendered":"<!--themify_builder_content-->\n<div id=\"themify_builder_content-86\" data-postid=\"86\" class=\"themify_builder_content themify_builder_content-86 themify_builder tf_clear\">\n                    <div  data-lazy=\"1\" class=\"module_row themify_builder_row tb_e5d799 tb_first tf_w wow\" data-tf-animation=\"fadeIn\">\n                        <div class=\"row_inner col_align_top tb_col_count_4 tf_box tf_rel\">\n                        <div  data-lazy=\"1\" class=\"module_column tb-column col4-1 tb_o4om102 first\">\n                    <!-- module image -->\n<div  class=\"module module-image tb_nboa102 image-center drop-shadow circle  tf_mw\" data-lazy=\"1\">\n        <div class=\"image-wrap tf_rel tf_mw\">\n            <img loading=\"lazy\" decoding=\"async\" src=\"https:\/\/tkd.ee\/itf\/wp-content\/uploads\/2016\/06\/Valev-Udras-600-200x200.jpg\" width=\"200\" height=\"200\" class=\"wp-post-image wp-image-404\" title=\"Valev Udras\" alt=\"Valev Udras\" srcset=\"https:\/\/tkd.ee\/itf\/wp-content\/uploads\/2016\/06\/Valev-Udras-600-200x200.jpg 200w, https:\/\/tkd.ee\/itf\/wp-content\/uploads\/2016\/06\/Valev-Udras-600-150x150.jpg 150w, https:\/\/tkd.ee\/itf\/wp-content\/uploads\/2016\/06\/Valev-Udras-600-270x270.jpg 270w, https:\/\/tkd.ee\/itf\/wp-content\/uploads\/2016\/06\/Valev-Udras-600-230x230.jpg 230w\" sizes=\"(max-width: 200px) 100vw, 200px\" \/>    \n        <\/div>\n    <!-- \/image-wrap -->\n    \n        <\/div>\n<!-- \/module image --><!-- module text -->\n<div  class=\"module module-text tb_rk09102   \" data-lazy=\"1\">\n        <div  class=\"tb_text_wrap\">\n        <p style=\"text-align: center;\"><strong>Valev Udras<\/strong><br>Eesti Taekwondo Liidu asepresident<\/p>    <\/div>\n<\/div>\n<!-- \/module text -->        <\/div>\n                    <div  data-lazy=\"1\" class=\"module_column tb-column col4-1 tb_om6f103\">\n                    <!-- module image -->\n<div  class=\"module module-image tb_4ajw103 image-center drop-shadow circle  tf_mw\" data-lazy=\"1\">\n        <div class=\"image-wrap tf_rel tf_mw\">\n            <img loading=\"lazy\" decoding=\"async\" src=\"https:\/\/tkd.ee\/itf\/wp-content\/uploads\/2016\/09\/robert-Copy-200x200.png\" width=\"200\" height=\"200\" class=\"wp-post-image wp-image-2535\" title=\"robert Copy\" alt=\"Mihhail K\u00f5lvart\" srcset=\"https:\/\/tkd.ee\/itf\/wp-content\/uploads\/2016\/09\/robert-Copy-200x200.png 200w, https:\/\/tkd.ee\/itf\/wp-content\/uploads\/2016\/09\/robert-Copy-150x150.png 150w, https:\/\/tkd.ee\/itf\/wp-content\/uploads\/2016\/09\/robert-Copy-270x270.png 270w, https:\/\/tkd.ee\/itf\/wp-content\/uploads\/2016\/09\/robert-Copy-230x230.png 230w\" sizes=\"(max-width: 200px) 100vw, 200px\" \/>    \n        <\/div>\n    <!-- \/image-wrap -->\n    \n        <\/div>\n<!-- \/module image --><!-- module text -->\n<div  class=\"module module-text tb_6ip5103   \" data-lazy=\"1\">\n        <div  class=\"tb_text_wrap\">\n        <p style=\"text-align: center;\"><strong>Robert Trofimov<\/strong><br \/>Juhatuse liige<\/p>    <\/div>\n<\/div>\n<!-- \/module text -->        <\/div>\n                    <div  data-lazy=\"1\" class=\"module_column tb-column col4-1 tb_5vi4103\">\n                    <!-- module image -->\n<div  class=\"module module-image tb_a9fj103 image-center drop-shadow circle  tf_mw\" data-lazy=\"1\">\n        <div class=\"image-wrap tf_rel tf_mw\">\n            <img loading=\"lazy\" decoding=\"async\" src=\"https:\/\/tkd.ee\/itf\/wp-content\/uploads\/2018\/09\/DSC_3551-square-1-1024x1024-200x200.jpg\" width=\"200\" height=\"200\" class=\"wp-post-image wp-image-3623\" title=\"DSC_3551-square\" alt=\"DSC_3551-square\" srcset=\"https:\/\/tkd.ee\/itf\/wp-content\/uploads\/2018\/09\/DSC_3551-square-1-1024x1024-200x200.jpg 200w, https:\/\/tkd.ee\/itf\/wp-content\/uploads\/2018\/09\/DSC_3551-square-1-150x150.jpg 150w, https:\/\/tkd.ee\/itf\/wp-content\/uploads\/2018\/09\/DSC_3551-square-1-300x300.jpg 300w, https:\/\/tkd.ee\/itf\/wp-content\/uploads\/2018\/09\/DSC_3551-square-1-768x768.jpg 768w, https:\/\/tkd.ee\/itf\/wp-content\/uploads\/2018\/09\/DSC_3551-square-1-1024x1024.jpg 1024w, https:\/\/tkd.ee\/itf\/wp-content\/uploads\/2018\/09\/DSC_3551-square-1-270x270.jpg 270w, https:\/\/tkd.ee\/itf\/wp-content\/uploads\/2018\/09\/DSC_3551-square-1-230x230.jpg 230w, https:\/\/tkd.ee\/itf\/wp-content\/uploads\/2018\/09\/DSC_3551-square-1.jpg 1367w\" sizes=\"(max-width: 200px) 100vw, 200px\" \/>    \n        <\/div>\n    <!-- \/image-wrap -->\n    \n        <\/div>\n<!-- \/module image --><!-- module text -->\n<div  class=\"module module-text tb_b72c103   \" data-lazy=\"1\">\n        <div  class=\"tb_text_wrap\">\n        <p style=\"text-align: center;\"><strong>Kazbulat \u0160ogenov<\/strong><br \/>\u00a0Juhatuse liige<\/p>    <\/div>\n<\/div>\n<!-- \/module text -->        <\/div>\n                    <div  data-lazy=\"1\" class=\"module_column tb-column col4-1 tb_hhg2104 last\">\n                    <!-- module image -->\n<div  class=\"module module-image tb_3lxq104 image-center drop-shadow circle  tf_mw\" data-lazy=\"1\">\n        <div class=\"image-wrap tf_rel tf_mw\">\n            <img loading=\"lazy\" decoding=\"async\" src=\"https:\/\/tkd.ee\/itf\/wp-content\/uploads\/2018\/09\/DSC_3538-square-1-1024x1024-200x200.jpg\" width=\"200\" height=\"200\" class=\"wp-post-image wp-image-3622\" title=\"DSC_3538-square\" alt=\"DSC_3538-square\" srcset=\"https:\/\/tkd.ee\/itf\/wp-content\/uploads\/2018\/09\/DSC_3538-square-1-1024x1024-200x200.jpg 200w, https:\/\/tkd.ee\/itf\/wp-content\/uploads\/2018\/09\/DSC_3538-square-1-150x150.jpg 150w, https:\/\/tkd.ee\/itf\/wp-content\/uploads\/2018\/09\/DSC_3538-square-1-300x300.jpg 300w, https:\/\/tkd.ee\/itf\/wp-content\/uploads\/2018\/09\/DSC_3538-square-1-768x768.jpg 768w, https:\/\/tkd.ee\/itf\/wp-content\/uploads\/2018\/09\/DSC_3538-square-1-1024x1024.jpg 1024w, https:\/\/tkd.ee\/itf\/wp-content\/uploads\/2018\/09\/DSC_3538-square-1-270x270.jpg 270w, https:\/\/tkd.ee\/itf\/wp-content\/uploads\/2018\/09\/DSC_3538-square-1-230x230.jpg 230w, https:\/\/tkd.ee\/itf\/wp-content\/uploads\/2018\/09\/DSC_3538-square-1.jpg 1367w\" sizes=\"(max-width: 200px) 100vw, 200px\" \/>    \n        <\/div>\n    <!-- \/image-wrap -->\n    \n        <\/div>\n<!-- \/module image --><!-- module text -->\n<div  class=\"module module-text tb_ad4c104   \" data-lazy=\"1\">\n        <div  class=\"tb_text_wrap\">\n        <p style=\"text-align: center;\"><strong>Nikolai Grinin<\/strong><br \/>Juhatuse liige,<br \/>Tehniline direktor<\/p>    <\/div>\n<\/div>\n<!-- \/module text -->        <\/div>\n                        <\/div>\n        <\/div>\n                        <div  data-lazy=\"1\" class=\"module_row themify_builder_row tb_yd9u99 tf_w wow\" data-tf-animation=\"fadeIn\">\n                        <div class=\"row_inner col_align_top tb_col_count_4 tf_box tf_rel\">\n                        <div  data-lazy=\"1\" class=\"module_column tb-column col4-1 tb_k3k0104 first\">\n                    <!-- module image -->\n<div  class=\"module module-image tb_30qn105 image-center drop-shadow circle  tf_mw\" data-lazy=\"1\">\n        <div class=\"image-wrap tf_rel tf_mw\">\n            <img loading=\"lazy\" decoding=\"async\" src=\"https:\/\/tkd.ee\/itf\/wp-content\/uploads\/2016\/05\/pusle-960x960-200x200.jpg\" width=\"200\" height=\"200\" alt=\"Mihhail K\u00f5lvart\">    \n        <\/div>\n    <!-- \/image-wrap -->\n    \n        <\/div>\n<!-- \/module image --><!-- module text -->\n<div  class=\"module module-text tb_nhyr105   \" data-lazy=\"1\">\n        <div  class=\"tb_text_wrap\">\n        <p style=\"text-align: center;\"><strong>\u00dclo\u00a0K\u00f5lvart<\/strong><br \/>Juhatuse liige<\/p>    <\/div>\n<\/div>\n<!-- \/module text -->        <\/div>\n                    <div  data-lazy=\"1\" class=\"module_column tb-column col4-1 tb_ypaw105\">\n                    <!-- module image -->\n<div  class=\"module module-image tb_rxe0105 image-center drop-shadow circle  tf_mw\" data-lazy=\"1\">\n        <div class=\"image-wrap tf_rel tf_mw\">\n            <img loading=\"lazy\" decoding=\"async\" src=\"https:\/\/tkd.ee\/itf\/wp-content\/uploads\/2018\/09\/DSC_3526-square-1-1024x1024-200x200.jpg\" width=\"200\" height=\"200\" class=\"wp-post-image wp-image-3621\" title=\"DSC_3526-square\" alt=\"DSC_3526-square\" srcset=\"https:\/\/tkd.ee\/itf\/wp-content\/uploads\/2018\/09\/DSC_3526-square-1-1024x1024-200x200.jpg 200w, https:\/\/tkd.ee\/itf\/wp-content\/uploads\/2018\/09\/DSC_3526-square-1-150x150.jpg 150w, https:\/\/tkd.ee\/itf\/wp-content\/uploads\/2018\/09\/DSC_3526-square-1-300x300.jpg 300w, https:\/\/tkd.ee\/itf\/wp-content\/uploads\/2018\/09\/DSC_3526-square-1-768x768.jpg 768w, https:\/\/tkd.ee\/itf\/wp-content\/uploads\/2018\/09\/DSC_3526-square-1-1024x1024.jpg 1024w, https:\/\/tkd.ee\/itf\/wp-content\/uploads\/2018\/09\/DSC_3526-square-1-270x270.jpg 270w, https:\/\/tkd.ee\/itf\/wp-content\/uploads\/2018\/09\/DSC_3526-square-1-230x230.jpg 230w, https:\/\/tkd.ee\/itf\/wp-content\/uploads\/2018\/09\/DSC_3526-square-1.jpg 1367w\" sizes=\"(max-width: 200px) 100vw, 200px\" \/>    \n        <\/div>\n    <!-- \/image-wrap -->\n    \n        <\/div>\n<!-- \/module image --><!-- module text -->\n<div  class=\"module module-text tb_zv06105   \" data-lazy=\"1\">\n        <div  class=\"tb_text_wrap\">\n        <p style=\"text-align: center;\"><strong>Sergei Ma\u0161ara<\/strong><br>Eesti Taekwondo Liidu peakohtunik, juhatuse liige<\/p>    <\/div>\n<\/div>\n<!-- \/module text -->        <\/div>\n                    <div  data-lazy=\"1\" class=\"module_column tb-column col4-1 tb_he2u105\">\n                    <!-- module image -->\n<div  class=\"module module-image tb_cg8c106 image-center drop-shadow circle  tf_mw\" data-lazy=\"1\">\n        <div class=\"image-wrap tf_rel tf_mw\">\n            <img loading=\"lazy\" decoding=\"async\" src=\"https:\/\/tkd.ee\/itf\/wp-content\/uploads\/2020\/11\/ilona-2-200x200.jpg\" width=\"200\" height=\"200\" class=\"wp-post-image wp-image-4403\" title=\"ilona-2\" alt=\"ilona-2\" srcset=\"https:\/\/tkd.ee\/itf\/wp-content\/uploads\/2020\/11\/ilona-2-200x200.jpg 200w, https:\/\/tkd.ee\/itf\/wp-content\/uploads\/2020\/11\/ilona-2-300x300.jpg 300w, https:\/\/tkd.ee\/itf\/wp-content\/uploads\/2020\/11\/ilona-2-150x150.jpg 150w, https:\/\/tkd.ee\/itf\/wp-content\/uploads\/2020\/11\/ilona-2-270x270.jpg 270w, https:\/\/tkd.ee\/itf\/wp-content\/uploads\/2020\/11\/ilona-2-230x230.jpg 230w, https:\/\/tkd.ee\/itf\/wp-content\/uploads\/2020\/11\/ilona-2.jpg 756w\" sizes=\"(max-width: 200px) 100vw, 200px\" \/>    \n        <\/div>\n    <!-- \/image-wrap -->\n    \n        <\/div>\n<!-- \/module image --><!-- module text -->\n<div  class=\"module module-text tb_nubr106   \" data-lazy=\"1\">\n        <div  class=\"tb_text_wrap\">\n        <p style=\"text-align: center;\"><strong>Ilona Uzlova<\/strong><br>Eesti Taekwondo Liidu peasekret\u00e4r,<br>Koordinaator ITF Data Base<\/p>    <\/div>\n<\/div>\n<!-- \/module text -->        <\/div>\n                    <div  data-lazy=\"1\" class=\"module_column tb-column col4-1 tb_mx6h101 last\">\n                            <\/div>\n                        <\/div>\n        <\/div>\n        <\/div>\n<!--\/themify_builder_content-->","protected":false},"excerpt":{"rendered":"<p>Valev UdrasEesti Taekwondo Liidu asepresident Robert TrofimovJuhatuse liige Kazbulat \u0160ogenov\u00a0Juhatuse liige Nikolai GrininJuhatuse liige,Tehniline direktor \u00dclo\u00a0K\u00f5lvartJuhatuse liige Sergei Ma\u0161araEesti Taekwondo Liidu peakohtunik, juhatuse liige Ilona UzlovaEesti Taekwondo Liidu peasekret\u00e4r,Koordinaator ITF Data Base<\/p>\n","protected":false},"author":1,"featured_media":0,"parent":83,"menu_order":0,"comment_status":"closed","ping_status":"closed","template":"","meta":{"footnotes":""},"class_list":["post-86","page","type-page","status-publish","hentry"],"yoast_head":"<!-- This site is optimized with the Yoast SEO plugin v24.1 - https:\/\/yoast.com\/wordpress\/plugins\/seo\/ -->\n<title>Juhatus - EESTI TAEKWONDO LIIT<\/title>\n<meta name=\"robots\" content=\"index, follow, max-snippet:-1, max-image-preview:large, max-video-preview:-1\" \/>\n<link rel=\"canonical\" href=\"https:\/\/tkd.ee\/itf\/et\/organisatsioon\/juhatus\/\" \/>\n<meta property=\"og:locale\" content=\"et_EE\" \/>\n<meta property=\"og:type\" content=\"article\" \/>\n<meta property=\"og:title\" content=\"Juhatus - EESTI TAEKWONDO LIIT\" \/>\n<meta property=\"og:description\" content=\"Valev UdrasEesti Taekwondo Liidu asepresident Robert TrofimovJuhatuse liige Kazbulat \u0160ogenov\u00a0Juhatuse liige Nikolai GrininJuhatuse liige,Tehniline direktor \u00dclo\u00a0K\u00f5lvartJuhatuse liige Sergei Ma\u0161araEesti Taekwondo Liidu peakohtunik, juhatuse liige Ilona UzlovaEesti Taekwondo Liidu peasekret\u00e4r,Koordinaator ITF Data Base\" \/>\n<meta property=\"og:url\" content=\"https:\/\/tkd.ee\/itf\/et\/organisatsioon\/juhatus\/\" \/>\n<meta property=\"og:site_name\" content=\"EESTI TAEKWONDO LIIT\" \/>\n<meta property=\"article:modified_time\" content=\"2025-09-07T15:20:37+00:00\" \/>\n<meta property=\"og:image\" content=\"https:\/\/tkd.ee\/itf\/wp-content\/uploads\/2016\/06\/Valev-Udras-600.jpg\" \/>\n\t<meta property=\"og:image:width\" content=\"600\" \/>\n\t<meta property=\"og:image:height\" content=\"606\" \/>\n\t<meta property=\"og:image:type\" content=\"image\/jpeg\" \/>\n<meta name=\"twitter:card\" content=\"summary_large_image\" \/>\n<script type=\"application\/ld+json\" class=\"yoast-schema-graph\">{\"@context\":\"https:\/\/schema.org\",\"@graph\":[{\"@type\":\"WebPage\",\"@id\":\"https:\/\/tkd.ee\/itf\/et\/organisatsioon\/juhatus\/\",\"url\":\"https:\/\/tkd.ee\/itf\/et\/organisatsioon\/juhatus\/\",\"name\":\"Juhatus - EESTI TAEKWONDO LIIT\",\"isPartOf\":{\"@id\":\"https:\/\/tkd.ee\/itf\/#website\"},\"primaryImageOfPage\":{\"@id\":\"https:\/\/tkd.ee\/itf\/et\/organisatsioon\/juhatus\/#primaryimage\"},\"image\":{\"@id\":\"https:\/\/tkd.ee\/itf\/et\/organisatsioon\/juhatus\/#primaryimage\"},\"thumbnailUrl\":\"https:\/\/tkd.ee\/itf\/wp-content\/uploads\/2016\/06\/Valev-Udras-600-200x200.jpg\",\"datePublished\":\"2016-04-25T19:47:25+00:00\",\"dateModified\":\"2025-09-07T15:20:37+00:00\",\"breadcrumb\":{\"@id\":\"https:\/\/tkd.ee\/itf\/et\/organisatsioon\/juhatus\/#breadcrumb\"},\"inLanguage\":\"et\",\"potentialAction\":[{\"@type\":\"ReadAction\",\"target\":[\"https:\/\/tkd.ee\/itf\/et\/organisatsioon\/juhatus\/\"]}]},{\"@type\":\"ImageObject\",\"inLanguage\":\"et\",\"@id\":\"https:\/\/tkd.ee\/itf\/et\/organisatsioon\/juhatus\/#primaryimage\",\"url\":\"https:\/\/tkd.ee\/itf\/wp-content\/uploads\/2016\/06\/Valev-Udras-600.jpg\",\"contentUrl\":\"https:\/\/tkd.ee\/itf\/wp-content\/uploads\/2016\/06\/Valev-Udras-600.jpg\",\"width\":600,\"height\":606},{\"@type\":\"BreadcrumbList\",\"@id\":\"https:\/\/tkd.ee\/itf\/et\/organisatsioon\/juhatus\/#breadcrumb\",\"itemListElement\":[{\"@type\":\"ListItem\",\"position\":1,\"name\":\"Home\",\"item\":\"https:\/\/tkd.ee\/itf\/et\/\"},{\"@type\":\"ListItem\",\"position\":2,\"name\":\"Organisatsioon\",\"item\":\"https:\/\/tkd.ee\/itf\/et\/organisatsioon\/\"},{\"@type\":\"ListItem\",\"position\":3,\"name\":\"Juhatus\"}]},{\"@type\":\"WebSite\",\"@id\":\"https:\/\/tkd.ee\/itf\/#website\",\"url\":\"https:\/\/tkd.ee\/itf\/\",\"name\":\"EESTI TAEKWONDO LIIT\",\"description\":\"Balanced development and fair play\",\"publisher\":{\"@id\":\"https:\/\/tkd.ee\/itf\/#organization\"},\"potentialAction\":[{\"@type\":\"SearchAction\",\"target\":{\"@type\":\"EntryPoint\",\"urlTemplate\":\"https:\/\/tkd.ee\/itf\/?s={search_term_string}\"},\"query-input\":{\"@type\":\"PropertyValueSpecification\",\"valueRequired\":true,\"valueName\":\"search_term_string\"}}],\"inLanguage\":\"et\"},{\"@type\":\"Organization\",\"@id\":\"https:\/\/tkd.ee\/itf\/#organization\",\"name\":\"Eesti Taekwondo Liit\",\"url\":\"https:\/\/tkd.ee\/itf\/\",\"logo\":{\"@type\":\"ImageObject\",\"inLanguage\":\"et\",\"@id\":\"https:\/\/tkd.ee\/itf\/#\/schema\/logo\/image\/\",\"url\":\"https:\/\/tkd.ee\/itf\/wp-content\/uploads\/2020\/11\/itf-logo-1.png\",\"contentUrl\":\"https:\/\/tkd.ee\/itf\/wp-content\/uploads\/2020\/11\/itf-logo-1.png\",\"width\":540,\"height\":540,\"caption\":\"Eesti Taekwondo Liit\"},\"image\":{\"@id\":\"https:\/\/tkd.ee\/itf\/#\/schema\/logo\/image\/\"}}]}<\/script>\n<!-- \/ Yoast SEO plugin. -->","yoast_head_json":{"title":"Juhatus - EESTI TAEKWONDO LIIT","robots":{"index":"index","follow":"follow","max-snippet":"max-snippet:-1","max-image-preview":"max-image-preview:large","max-video-preview":"max-video-preview:-1"},"canonical":"https:\/\/tkd.ee\/itf\/et\/organisatsioon\/juhatus\/","og_locale":"et_EE","og_type":"article","og_title":"Juhatus - EESTI TAEKWONDO LIIT","og_description":"Valev UdrasEesti Taekwondo Liidu asepresident Robert TrofimovJuhatuse liige Kazbulat \u0160ogenov\u00a0Juhatuse liige Nikolai GrininJuhatuse liige,Tehniline direktor \u00dclo\u00a0K\u00f5lvartJuhatuse liige Sergei Ma\u0161araEesti Taekwondo Liidu peakohtunik, juhatuse liige Ilona UzlovaEesti Taekwondo Liidu peasekret\u00e4r,Koordinaator ITF Data Base","og_url":"https:\/\/tkd.ee\/itf\/et\/organisatsioon\/juhatus\/","og_site_name":"EESTI TAEKWONDO LIIT","article_modified_time":"2025-09-07T15:20:37+00:00","og_image":[{"width":600,"height":606,"url":"https:\/\/tkd.ee\/itf\/wp-content\/uploads\/2016\/06\/Valev-Udras-600.jpg","type":"image\/jpeg"}],"twitter_card":"summary_large_image","schema":{"@context":"https:\/\/schema.org","@graph":[{"@type":"WebPage","@id":"https:\/\/tkd.ee\/itf\/et\/organisatsioon\/juhatus\/","url":"https:\/\/tkd.ee\/itf\/et\/organisatsioon\/juhatus\/","name":"Juhatus - EESTI TAEKWONDO LIIT","isPartOf":{"@id":"https:\/\/tkd.ee\/itf\/#website"},"primaryImageOfPage":{"@id":"https:\/\/tkd.ee\/itf\/et\/organisatsioon\/juhatus\/#primaryimage"},"image":{"@id":"https:\/\/tkd.ee\/itf\/et\/organisatsioon\/juhatus\/#primaryimage"},"thumbnailUrl":"https:\/\/tkd.ee\/itf\/wp-content\/uploads\/2016\/06\/Valev-Udras-600-200x200.jpg","datePublished":"2016-04-25T19:47:25+00:00","dateModified":"2025-09-07T15:20:37+00:00","breadcrumb":{"@id":"https:\/\/tkd.ee\/itf\/et\/organisatsioon\/juhatus\/#breadcrumb"},"inLanguage":"et","potentialAction":[{"@type":"ReadAction","target":["https:\/\/tkd.ee\/itf\/et\/organisatsioon\/juhatus\/"]}]},{"@type":"ImageObject","inLanguage":"et","@id":"https:\/\/tkd.ee\/itf\/et\/organisatsioon\/juhatus\/#primaryimage","url":"https:\/\/tkd.ee\/itf\/wp-content\/uploads\/2016\/06\/Valev-Udras-600.jpg","contentUrl":"https:\/\/tkd.ee\/itf\/wp-content\/uploads\/2016\/06\/Valev-Udras-600.jpg","width":600,"height":606},{"@type":"BreadcrumbList","@id":"https:\/\/tkd.ee\/itf\/et\/organisatsioon\/juhatus\/#breadcrumb","itemListElement":[{"@type":"ListItem","position":1,"name":"Home","item":"https:\/\/tkd.ee\/itf\/et\/"},{"@type":"ListItem","position":2,"name":"Organisatsioon","item":"https:\/\/tkd.ee\/itf\/et\/organisatsioon\/"},{"@type":"ListItem","position":3,"name":"Juhatus"}]},{"@type":"WebSite","@id":"https:\/\/tkd.ee\/itf\/#website","url":"https:\/\/tkd.ee\/itf\/","name":"EESTI TAEKWONDO LIIT","description":"Balanced development and fair play","publisher":{"@id":"https:\/\/tkd.ee\/itf\/#organization"},"potentialAction":[{"@type":"SearchAction","target":{"@type":"EntryPoint","urlTemplate":"https:\/\/tkd.ee\/itf\/?s={search_term_string}"},"query-input":{"@type":"PropertyValueSpecification","valueRequired":true,"valueName":"search_term_string"}}],"inLanguage":"et"},{"@type":"Organization","@id":"https:\/\/tkd.ee\/itf\/#organization","name":"Eesti Taekwondo Liit","url":"https:\/\/tkd.ee\/itf\/","logo":{"@type":"ImageObject","inLanguage":"et","@id":"https:\/\/tkd.ee\/itf\/#\/schema\/logo\/image\/","url":"https:\/\/tkd.ee\/itf\/wp-content\/uploads\/2020\/11\/itf-logo-1.png","contentUrl":"https:\/\/tkd.ee\/itf\/wp-content\/uploads\/2020\/11\/itf-logo-1.png","width":540,"height":540,"caption":"Eesti Taekwondo Liit"},"image":{"@id":"https:\/\/tkd.ee\/itf\/#\/schema\/logo\/image\/"}}]}},"builder_content":"<img src=\"https:\/\/tkd.ee\/itf\/wp-content\/uploads\/2016\/06\/Valev-Udras-600-200x200.jpg\" width=\"200\" height=\"200\" title=\"Valev Udras\" alt=\"Valev Udras\" srcset=\"https:\/\/tkd.ee\/itf\/wp-content\/uploads\/2016\/06\/Valev-Udras-600-200x200.jpg 200w, https:\/\/tkd.ee\/itf\/wp-content\/uploads\/2016\/06\/Valev-Udras-600-150x150.jpg 150w, https:\/\/tkd.ee\/itf\/wp-content\/uploads\/2016\/06\/Valev-Udras-600-270x270.jpg 270w, https:\/\/tkd.ee\/itf\/wp-content\/uploads\/2016\/06\/Valev-Udras-600-230x230.jpg 230w\" sizes=\"(max-width: 200px) 100vw, 200px\" \/>\n<p style=\"text-align: center;\"><strong>Valev Udras<\/strong><br>Eesti Taekwondo Liidu asepresident<\/p>\n<img src=\"https:\/\/tkd.ee\/itf\/wp-content\/uploads\/2016\/09\/robert-Copy-200x200.png\" width=\"200\" height=\"200\" title=\"robert Copy\" alt=\"Mihhail K\u00f5lvart\" srcset=\"https:\/\/tkd.ee\/itf\/wp-content\/uploads\/2016\/09\/robert-Copy-200x200.png 200w, https:\/\/tkd.ee\/itf\/wp-content\/uploads\/2016\/09\/robert-Copy-150x150.png 150w, https:\/\/tkd.ee\/itf\/wp-content\/uploads\/2016\/09\/robert-Copy-270x270.png 270w, https:\/\/tkd.ee\/itf\/wp-content\/uploads\/2016\/09\/robert-Copy-230x230.png 230w\" sizes=\"(max-width: 200px) 100vw, 200px\" \/>\n<p style=\"text-align: center;\"><strong>Robert Trofimov<\/strong><br \/>Juhatuse liige<\/p>\n<img src=\"https:\/\/tkd.ee\/itf\/wp-content\/uploads\/2018\/09\/DSC_3551-square-1-1024x1024-200x200.jpg\" width=\"200\" height=\"200\" title=\"DSC_3551-square\" alt=\"DSC_3551-square\" srcset=\"https:\/\/tkd.ee\/itf\/wp-content\/uploads\/2018\/09\/DSC_3551-square-1-1024x1024-200x200.jpg 200w, https:\/\/tkd.ee\/itf\/wp-content\/uploads\/2018\/09\/DSC_3551-square-1-150x150.jpg 150w, https:\/\/tkd.ee\/itf\/wp-content\/uploads\/2018\/09\/DSC_3551-square-1-300x300.jpg 300w, https:\/\/tkd.ee\/itf\/wp-content\/uploads\/2018\/09\/DSC_3551-square-1-768x768.jpg 768w, https:\/\/tkd.ee\/itf\/wp-content\/uploads\/2018\/09\/DSC_3551-square-1-1024x1024.jpg 1024w, https:\/\/tkd.ee\/itf\/wp-content\/uploads\/2018\/09\/DSC_3551-square-1-270x270.jpg 270w, https:\/\/tkd.ee\/itf\/wp-content\/uploads\/2018\/09\/DSC_3551-square-1-230x230.jpg 230w, https:\/\/tkd.ee\/itf\/wp-content\/uploads\/2018\/09\/DSC_3551-square-1.jpg 1367w\" sizes=\"(max-width: 200px) 100vw, 200px\" \/>\n<p style=\"text-align: center;\"><strong>Kazbulat \u0160ogenov<\/strong><br \/>\u00a0Juhatuse liige<\/p>\n<img src=\"https:\/\/tkd.ee\/itf\/wp-content\/uploads\/2018\/09\/DSC_3538-square-1-1024x1024-200x200.jpg\" width=\"200\" height=\"200\" title=\"DSC_3538-square\" alt=\"DSC_3538-square\" srcset=\"https:\/\/tkd.ee\/itf\/wp-content\/uploads\/2018\/09\/DSC_3538-square-1-1024x1024-200x200.jpg 200w, https:\/\/tkd.ee\/itf\/wp-content\/uploads\/2018\/09\/DSC_3538-square-1-150x150.jpg 150w, https:\/\/tkd.ee\/itf\/wp-content\/uploads\/2018\/09\/DSC_3538-square-1-300x300.jpg 300w, https:\/\/tkd.ee\/itf\/wp-content\/uploads\/2018\/09\/DSC_3538-square-1-768x768.jpg 768w, https:\/\/tkd.ee\/itf\/wp-content\/uploads\/2018\/09\/DSC_3538-square-1-1024x1024.jpg 1024w, https:\/\/tkd.ee\/itf\/wp-content\/uploads\/2018\/09\/DSC_3538-square-1-270x270.jpg 270w, https:\/\/tkd.ee\/itf\/wp-content\/uploads\/2018\/09\/DSC_3538-square-1-230x230.jpg 230w, https:\/\/tkd.ee\/itf\/wp-content\/uploads\/2018\/09\/DSC_3538-square-1.jpg 1367w\" sizes=\"(max-width: 200px) 100vw, 200px\" \/>\n<p style=\"text-align: center;\"><strong>Nikolai Grinin<\/strong><br \/>Juhatuse liige,<br \/>Tehniline direktor<\/p>\n<img src=\"https:\/\/tkd.ee\/itf\/wp-content\/uploads\/2016\/05\/pusle-960x960-200x200.jpg\" width=\"200\" height=\"200\" alt=\"Mihhail K\u00f5lvart\">\n<p style=\"text-align: center;\"><strong>\u00dclo\u00a0K\u00f5lvart<\/strong><br \/>Juhatuse liige<\/p>\n<img src=\"https:\/\/tkd.ee\/itf\/wp-content\/uploads\/2018\/09\/DSC_3526-square-1-1024x1024-200x200.jpg\" width=\"200\" height=\"200\" title=\"DSC_3526-square\" alt=\"DSC_3526-square\" srcset=\"https:\/\/tkd.ee\/itf\/wp-content\/uploads\/2018\/09\/DSC_3526-square-1-1024x1024-200x200.jpg 200w, https:\/\/tkd.ee\/itf\/wp-content\/uploads\/2018\/09\/DSC_3526-square-1-150x150.jpg 150w, https:\/\/tkd.ee\/itf\/wp-content\/uploads\/2018\/09\/DSC_3526-square-1-300x300.jpg 300w, https:\/\/tkd.ee\/itf\/wp-content\/uploads\/2018\/09\/DSC_3526-square-1-768x768.jpg 768w, https:\/\/tkd.ee\/itf\/wp-content\/uploads\/2018\/09\/DSC_3526-square-1-1024x1024.jpg 1024w, https:\/\/tkd.ee\/itf\/wp-content\/uploads\/2018\/09\/DSC_3526-square-1-270x270.jpg 270w, https:\/\/tkd.ee\/itf\/wp-content\/uploads\/2018\/09\/DSC_3526-square-1-230x230.jpg 230w, https:\/\/tkd.ee\/itf\/wp-content\/uploads\/2018\/09\/DSC_3526-square-1.jpg 1367w\" sizes=\"(max-width: 200px) 100vw, 200px\" \/>\n<p style=\"text-align: center;\"><strong>Sergei Ma\u0161ara<\/strong><br>Eesti Taekwondo Liidu peakohtunik, juhatuse liige<\/p>\n<img src=\"https:\/\/tkd.ee\/itf\/wp-content\/uploads\/2020\/11\/ilona-2-200x200.jpg\" width=\"200\" height=\"200\" title=\"ilona-2\" alt=\"ilona-2\" srcset=\"https:\/\/tkd.ee\/itf\/wp-content\/uploads\/2020\/11\/ilona-2-200x200.jpg 200w, https:\/\/tkd.ee\/itf\/wp-content\/uploads\/2020\/11\/ilona-2-300x300.jpg 300w, https:\/\/tkd.ee\/itf\/wp-content\/uploads\/2020\/11\/ilona-2-150x150.jpg 150w, https:\/\/tkd.ee\/itf\/wp-content\/uploads\/2020\/11\/ilona-2-270x270.jpg 270w, https:\/\/tkd.ee\/itf\/wp-content\/uploads\/2020\/11\/ilona-2-230x230.jpg 230w, https:\/\/tkd.ee\/itf\/wp-content\/uploads\/2020\/11\/ilona-2.jpg 756w\" sizes=\"(max-width: 200px) 100vw, 200px\" \/>\n<p style=\"text-align: center;\"><strong>Ilona Uzlova<\/strong><br>Eesti Taekwondo Liidu peasekret\u00e4r,<br>Koordinaator ITF Data Base<\/p>","_links":{"self":[{"href":"https:\/\/tkd.ee\/itf\/wp-json\/wp\/v2\/pages\/86"}],"collection":[{"href":"https:\/\/tkd.ee\/itf\/wp-json\/wp\/v2\/pages"}],"about":[{"href":"https:\/\/tkd.ee\/itf\/wp-json\/wp\/v2\/types\/page"}],"author":[{"embeddable":true,"href":"https:\/\/tkd.ee\/itf\/wp-json\/wp\/v2\/users\/1"}],"replies":[{"embeddable":true,"href":"https:\/\/tkd.ee\/itf\/wp-json\/wp\/v2\/comments?post=86"}],"version-history":[{"count":21,"href":"https:\/\/tkd.ee\/itf\/wp-json\/wp\/v2\/pages\/86\/revisions"}],"predecessor-version":[{"id":5858,"href":"https:\/\/tkd.ee\/itf\/wp-json\/wp\/v2\/pages\/86\/revisions\/5858"}],"up":[{"embeddable":true,"href":"https:\/\/tkd.ee\/itf\/wp-json\/wp\/v2\/pages\/83"}],"wp:attachment":[{"href":"https:\/\/tkd.ee\/itf\/wp-json\/wp\/v2\/media?parent=86"}],"curies":[{"name":"wp","href":"https:\/\/api.w.org\/{rel}","templated":true}]}}